{"id":9835,"date":"2019-03-21T19:15:44","date_gmt":"2019-03-21T18:15:44","guid":{"rendered":"https:\/\/www.lednix.com\/services\/"},"modified":"2021-02-22T13:40:50","modified_gmt":"2021-02-22T12:40:50","slug":"services","status":"publish","type":"page","link":"https:\/\/www.lednix.com\/fr\/services\/","title":{"rendered":"Votre projet est le n\u00f4tre"},"content":{"rendered":"\t\t<div data-elementor-type=\"wp-post\" data-elementor-id=\"9835\" class=\"elementor elementor-9835 elementor-2913\">\n\t\t\t\t\t\t\t\t\t<section class=\"elementor-section elementor-top-section elementor-element elementor-element-382d028 elementor-section-boxed elementor-section-height-default elementor-section-height-default\" data-id=\"382d028\" data-element_type=\"section\" id=\"introduction\" data-settings=\"{&quot;background_background&quot;:&quot;classic&quot;}\">\n\t\t\t\t\t\t<div class=\"elementor-container elementor-column-gap-default\">\n\t\t\t\t\t<div class=\"elementor-column elementor-col-100 elementor-top-column elementor-element elementor-element-6d369779\" data-id=\"6d369779\" data-element_type=\"column\">\n\t\t\t<div class=\"elementor-widget-wrap elementor-element-populated\">\n\t\t\t\t\t\t\t\t<div class=\"elementor-element elementor-element-23e094e elementor-widget elementor-widget-heading\" data-id=\"23e094e\" data-element_type=\"widget\" data-widget_type=\"heading.default\">\n\t\t\t\t<div class=\"elementor-widget-container\">\n\t\t\t<h3 class=\"elementor-heading-title elementor-size-small\">SERVICES<\/h3>\t\t<\/div>\n\t\t\t\t<\/div>\n\t\t\t\t<div class=\"elementor-element elementor-element-5c9990ea elementor-widget elementor-widget-heading\" data-id=\"5c9990ea\" data-element_type=\"widget\" data-widget_type=\"heading.default\">\n\t\t\t\t<div class=\"elementor-widget-container\">\n\t\t\t<h2 class=\"elementor-heading-title elementor-size-default\">PROFESSIONNALISME ET EXIGENCE AU SERVICE DE VOTRE PROJET<\/h2>\t\t<\/div>\n\t\t\t\t<\/div>\n\t\t\t\t<div class=\"elementor-element elementor-element-46e509dc elementor-widget-divider--view-line elementor-widget elementor-widget-divider\" data-id=\"46e509dc\" data-element_type=\"widget\" data-widget_type=\"divider.default\">\n\t\t\t\t<div class=\"elementor-widget-container\">\n\t\t\t\t\t<div class=\"elementor-divider\">\n\t\t\t<span class=\"elementor-divider-separator\">\n\t\t\t\t\t\t<\/span>\n\t\t<\/div>\n\t\t\t\t<\/div>\n\t\t\t\t<\/div>\n\t\t\t\t<section class=\"elementor-section elementor-inner-section elementor-element elementor-element-5e72ee3 elementor-section-boxed elementor-section-height-default elementor-section-height-default\" data-id=\"5e72ee3\" data-element_type=\"section\">\n\t\t\t\t\t\t<div class=\"elementor-container elementor-column-gap-default\">\n\t\t\t\t\t<div class=\"elementor-column elementor-col-100 elementor-inner-column elementor-element elementor-element-d503e72\" data-id=\"d503e72\" data-element_type=\"column\">\n\t\t\t<div class=\"elementor-widget-wrap elementor-element-populated\">\n\t\t\t\t\t\t\t\t<div class=\"elementor-element elementor-element-bbd9524 elementor-widget elementor-widget-text-editor\" data-id=\"bbd9524\" data-element_type=\"widget\" data-widget_type=\"text-editor.default\">\n\t\t\t\t<div class=\"elementor-widget-container\">\n\t\t\t\t\t\t\t<div>\n<div data-elementor-setting-key=\"editor\" data-elementor-inline-editing-toolbar=\"advanced\">Lednix propose des solutions d\u2019\u00e9clairage diverses et vari\u00e9es, quelle que soit la taille de votre projet d\u2019\u00e9clairage. Si vous pouvez l\u2019imaginer, nous pouvons en faire une r\u00e9alit\u00e9.<\/p>\n<p>Nos professionnels sont pr\u00eats \u00e0 vous conseiller dans toutes les phases de votre projet, vous proposant une attention personnalis\u00e9e qui tient compte des besoins sp\u00e9cifiques de votre entreprise.<\/p><\/div>\n<\/div>\n\t\t\t\t\t\t<\/div>\n\t\t\t\t<\/div>\n\t\t\t\t\t<\/div>\n\t\t<\/div>\n\t\t\t\t\t\t\t<\/div>\n\t\t<\/section>\n\t\t\t\t\t<\/div>\n\t\t<\/div>\n\t\t\t\t\t\t\t<\/div>\n\t\t<\/section>\n\t\t\t\t<section class=\"elementor-section elementor-top-section elementor-element elementor-element-360d5381 elementor-section-full_width elementor-section-height-default elementor-section-height-default\" data-id=\"360d5381\" data-element_type=\"section\">\n\t\t\t\t\t\t<div class=\"elementor-container elementor-column-gap-default\">\n\t\t\t\t\t<div class=\"elementor-column elementor-col-50 elementor-top-column elementor-element elementor-element-79330dd4\" data-id=\"79330dd4\" data-element_type=\"column\" data-settings=\"{&quot;background_background&quot;:&quot;classic&quot;}\">\n\t\t\t<div class=\"elementor-widget-wrap elementor-element-populated\">\n\t\t\t\t\t\t\t\t<section class=\"elementor-section elementor-inner-section elementor-element elementor-element-61239894 elementor-section-boxed elementor-section-height-default elementor-section-height-default\" data-id=\"61239894\" data-element_type=\"section\" data-settings=\"{&quot;background_background&quot;:&quot;classic&quot;}\">\n\t\t\t\t\t\t<div class=\"elementor-container elementor-column-gap-default\">\n\t\t\t\t\t<div class=\"elementor-column elementor-col-100 elementor-inner-column elementor-element elementor-element-16966cb7\" data-id=\"16966cb7\" data-element_type=\"column\">\n\t\t\t<div class=\"elementor-widget-wrap elementor-element-populated\">\n\t\t\t\t\t\t\t\t<div class=\"elementor-element elementor-element-d0e88a9 elementor-widget elementor-widget-image\" data-id=\"d0e88a9\" data-element_type=\"widget\" data-widget_type=\"image.default\">\n\t\t\t\t<div class=\"elementor-widget-container\">\n\t\t\t\t\t\t\t\t\t\t\t\t\t\t\t<img fetchpriority=\"high\" decoding=\"async\" width=\"1024\" height=\"576\" src=\"https:\/\/www.lednix.com\/wp-content\/uploads\/Consultancy-1024x576.jpg\" class=\"attachment-large size-large wp-image-9847\" alt=\"\" srcset=\"https:\/\/www.lednix.com\/wp-content\/uploads\/Consultancy-1024x576.jpg 1024w, https:\/\/www.lednix.com\/wp-content\/uploads\/Consultancy-600x338.jpg 600w, https:\/\/www.lednix.com\/wp-content\/uploads\/Consultancy-300x169.jpg 300w, https:\/\/www.lednix.com\/wp-content\/uploads\/Consultancy-768x432.jpg 768w, https:\/\/www.lednix.com\/wp-content\/uploads\/Consultancy.jpg 1070w\" sizes=\"(max-width: 1024px) 100vw, 1024px\" \/>\t\t\t\t\t\t\t\t\t\t\t\t\t\t\t<\/div>\n\t\t\t\t<\/div>\n\t\t\t\t\t<\/div>\n\t\t<\/div>\n\t\t\t\t\t\t\t<\/div>\n\t\t<\/section>\n\t\t\t\t\t<\/div>\n\t\t<\/div>\n\t\t\t\t<div class=\"elementor-column elementor-col-50 elementor-top-column elementor-element elementor-element-7d7fef34\" data-id=\"7d7fef34\" data-element_type=\"column\" data-settings=\"{&quot;background_background&quot;:&quot;classic&quot;}\">\n\t\t\t<div class=\"elementor-widget-wrap elementor-element-populated\">\n\t\t\t\t\t\t\t\t<div class=\"elementor-element elementor-element-32516e59 elementor-widget elementor-widget-heading\" data-id=\"32516e59\" data-element_type=\"widget\" data-widget_type=\"heading.default\">\n\t\t\t\t<div class=\"elementor-widget-container\">\n\t\t\t<h2 class=\"elementor-heading-title elementor-size-default\">Conseils techniques<\/h2>\t\t<\/div>\n\t\t\t\t<\/div>\n\t\t\t\t<div class=\"elementor-element elementor-element-1c4a9275 elementor-widget-divider--view-line elementor-widget elementor-widget-divider\" data-id=\"1c4a9275\" data-element_type=\"widget\" data-widget_type=\"divider.default\">\n\t\t\t\t<div class=\"elementor-widget-container\">\n\t\t\t\t\t<div class=\"elementor-divider\">\n\t\t\t<span class=\"elementor-divider-separator\">\n\t\t\t\t\t\t<\/span>\n\t\t<\/div>\n\t\t\t\t<\/div>\n\t\t\t\t<\/div>\n\t\t\t\t<div class=\"elementor-element elementor-element-50c98202 elementor-widget elementor-widget-text-editor\" data-id=\"50c98202\" data-element_type=\"widget\" data-widget_type=\"text-editor.default\">\n\t\t\t\t<div class=\"elementor-widget-container\">\n\t\t\t\t\t\t\t<p>Dans notre bureau d\u2019\u00e9tudes, nous \u00e9tudions et \u00e9laborons les documents informatifs ainsi que les fiches techniques qui accompagnent nos produits de main de ma\u00eetre.<\/p>\n<p>Nos ing\u00e9nieurs conseillent nos clients sur les conditions du projet et effectuent pour eux les calculs d\u2019\u00e9clairage et d\u2019amortissement des investissements.<\/p>\n<p>Ces \u00e9tudes aboutissent \u00e0 une solution optimis\u00e9e, compatible avec les r\u00e9glementations en vigueur en mati\u00e8re d\u2019\u00e9clairage et d\u2019installation, toujours dans l\u2019int\u00e9r\u00eat et la satisfaction du client. Les certificats et les dossiers techniques du produit Lednix sont exig\u00e9s et v\u00e9rifi\u00e9s en usine, tout en \u00e9tant \u00e9galement v\u00e9rifi\u00e9s en Espagne par des laboratoires officiels accr\u00e9dit\u00e9s.<\/p>\n<p>De la conception de la solution d\u2019\u00e9clairage jusqu\u2019\u00e0 sa livraison au client, le bureau d\u2019\u00e9tudes est charg\u00e9 de fournir les meilleures connaissances et les meilleurs outils pour une satisfaction totale :<\/p>\n<ul>\n<li>D\u00e9veloppement du produit en relation directe avec l\u2019usine.<\/li>\n<li>Collaboration directe avec plus de 30 ing\u00e9nieurs, dont des concepteurs industriels, optiques et \u00e9lectroniques.<\/li>\n<li>Conception sp\u00e9cifique selon les crit\u00e8res de nos ing\u00e9nieurs et les besoins de nos clients.<\/li>\n<li>Contr\u00f4les de qualit\u00e9 stricts et mesures en usine conformes aux normes europ\u00e9ennes en vigueur.<\/li>\n<li>Contr\u00f4le de la qualit\u00e9 tout au long du processus de d\u00e9veloppement du produit.<\/li>\n<li>D\u00e9veloppement de projets sur mesure pour chaque client.<\/li>\n<\/ul>\n\t\t\t\t\t\t<\/div>\n\t\t\t\t<\/div>\n\t\t\t\t\t<\/div>\n\t\t<\/div>\n\t\t\t\t\t\t\t<\/div>\n\t\t<\/section>\n\t\t\t\t<section class=\"elementor-section elementor-top-section elementor-element elementor-element-71fe4aca elementor-section-full_width elementor-section-content-middle elementor-section-height-default elementor-section-height-default\" data-id=\"71fe4aca\" data-element_type=\"section\">\n\t\t\t\t\t\t<div class=\"elementor-container elementor-column-gap-extended\">\n\t\t\t\t\t<div class=\"elementor-column elementor-col-25 elementor-top-column elementor-element elementor-element-4bb0fc84\" data-id=\"4bb0fc84\" data-element_type=\"column\">\n\t\t\t<div class=\"elementor-widget-wrap elementor-element-populated\">\n\t\t\t\t\t\t\t\t<div class=\"elementor-element elementor-element-4d8cbe0e elementor-widget elementor-widget-video\" data-id=\"4d8cbe0e\" data-element_type=\"widget\" data-settings=\"{&quot;youtube_url&quot;:&quot;https:\\\/\\\/www.youtube.com\\\/watch?v=0xqyZYMUeHQ&quot;,&quot;video_type&quot;:&quot;youtube&quot;,&quot;controls&quot;:&quot;yes&quot;}\" data-widget_type=\"video.default\">\n\t\t\t\t<div class=\"elementor-widget-container\">\n\t\t\t\t\t<div class=\"elementor-wrapper elementor-open-inline\">\n\t\t\t<div class=\"elementor-video\"><\/div>\t\t<\/div>\n\t\t\t\t<\/div>\n\t\t\t\t<\/div>\n\t\t\t\t\t<\/div>\n\t\t<\/div>\n\t\t\t\t<div class=\"elementor-column elementor-col-25 elementor-top-column elementor-element elementor-element-7f3c0566\" data-id=\"7f3c0566\" data-element_type=\"column\">\n\t\t\t<div class=\"elementor-widget-wrap elementor-element-populated\">\n\t\t\t\t\t\t\t\t<div class=\"elementor-element elementor-element-4b161f05 elementor-widget elementor-widget-video\" data-id=\"4b161f05\" data-element_type=\"widget\" data-settings=\"{&quot;youtube_url&quot;:&quot;https:\\\/\\\/www.youtube.com\\\/watch?v=r_a0SEIfOjY&quot;,&quot;video_type&quot;:&quot;youtube&quot;,&quot;controls&quot;:&quot;yes&quot;}\" data-widget_type=\"video.default\">\n\t\t\t\t<div class=\"elementor-widget-container\">\n\t\t\t\t\t<div class=\"elementor-wrapper elementor-open-inline\">\n\t\t\t<div class=\"elementor-video\"><\/div>\t\t<\/div>\n\t\t\t\t<\/div>\n\t\t\t\t<\/div>\n\t\t\t\t\t<\/div>\n\t\t<\/div>\n\t\t\t\t<div class=\"elementor-column elementor-col-25 elementor-top-column elementor-element elementor-element-6fbe0685\" data-id=\"6fbe0685\" data-element_type=\"column\">\n\t\t\t<div class=\"elementor-widget-wrap elementor-element-populated\">\n\t\t\t\t\t\t\t\t<div class=\"elementor-element elementor-element-6c729e55 elementor-widget elementor-widget-video\" data-id=\"6c729e55\" data-element_type=\"widget\" data-settings=\"{&quot;youtube_url&quot;:&quot;https:\\\/\\\/www.youtube.com\\\/watch?v=Nu4c_2WWc_A&quot;,&quot;video_type&quot;:&quot;youtube&quot;,&quot;controls&quot;:&quot;yes&quot;}\" data-widget_type=\"video.default\">\n\t\t\t\t<div class=\"elementor-widget-container\">\n\t\t\t\t\t<div class=\"elementor-wrapper elementor-open-inline\">\n\t\t\t<div class=\"elementor-video\"><\/div>\t\t<\/div>\n\t\t\t\t<\/div>\n\t\t\t\t<\/div>\n\t\t\t\t\t<\/div>\n\t\t<\/div>\n\t\t\t\t<div class=\"elementor-column elementor-col-25 elementor-top-column elementor-element elementor-element-453e95bd\" data-id=\"453e95bd\" data-element_type=\"column\">\n\t\t\t<div class=\"elementor-widget-wrap elementor-element-populated\">\n\t\t\t\t\t\t\t\t<div class=\"elementor-element elementor-element-54cdc615 elementor-widget elementor-widget-video\" data-id=\"54cdc615\" data-element_type=\"widget\" data-settings=\"{&quot;youtube_url&quot;:&quot;https:\\\/\\\/www.youtube.com\\\/watch?v=fd2jaC9KOUA&amp;t=&quot;,&quot;video_type&quot;:&quot;youtube&quot;,&quot;controls&quot;:&quot;yes&quot;}\" data-widget_type=\"video.default\">\n\t\t\t\t<div class=\"elementor-widget-container\">\n\t\t\t\t\t<div class=\"elementor-wrapper elementor-open-inline\">\n\t\t\t<div class=\"elementor-video\"><\/div>\t\t<\/div>\n\t\t\t\t<\/div>\n\t\t\t\t<\/div>\n\t\t\t\t\t<\/div>\n\t\t<\/div>\n\t\t\t\t\t\t\t<\/div>\n\t\t<\/section>\n\t\t\t\t<section class=\"elementor-section elementor-top-section elementor-element elementor-element-34fe775 elementor-section-full_width elementor-section-height-default elementor-section-height-default\" data-id=\"34fe775\" data-element_type=\"section\">\n\t\t\t\t\t\t<div class=\"elementor-container elementor-column-gap-default\">\n\t\t\t\t\t<div class=\"elementor-column elementor-col-50 elementor-top-column elementor-element elementor-element-8850759\" data-id=\"8850759\" data-element_type=\"column\" data-settings=\"{&quot;background_background&quot;:&quot;classic&quot;}\">\n\t\t\t<div class=\"elementor-widget-wrap elementor-element-populated\">\n\t\t\t\t\t\t\t\t<div class=\"elementor-element elementor-element-a579ce2 elementor-arrows-position-inside elementor-widget elementor-widget-image-carousel\" data-id=\"a579ce2\" data-element_type=\"widget\" data-settings=\"{&quot;slides_to_show&quot;:&quot;1&quot;,&quot;navigation&quot;:&quot;arrows&quot;,&quot;autoplay&quot;:&quot;yes&quot;,&quot;pause_on_hover&quot;:&quot;yes&quot;,&quot;pause_on_interaction&quot;:&quot;yes&quot;,&quot;autoplay_speed&quot;:5000,&quot;infinite&quot;:&quot;yes&quot;,&quot;effect&quot;:&quot;slide&quot;,&quot;speed&quot;:500}\" data-widget_type=\"image-carousel.default\">\n\t\t\t\t<div class=\"elementor-widget-container\">\n\t\t\t\t\t<div class=\"elementor-image-carousel-wrapper swiper-container\" dir=\"ltr\">\n\t\t\t<div class=\"elementor-image-carousel swiper-wrapper\" aria-live=\"off\">\n\t\t\t\t\t\t\t\t<div class=\"swiper-slide\" role=\"group\" aria-roledescription=\"slide\" aria-label=\"1 sur 5\"><figure class=\"swiper-slide-inner\"><img decoding=\"async\" class=\"swiper-slide-image\" src=\"https:\/\/www.lednix.com\/wp-content\/uploads\/001-768x768.jpg\" alt=\"Solar Street PRO\" \/><figcaption class=\"elementor-image-carousel-caption\">Solar Street PRO<\/figcaption><\/figure><\/div><div class=\"swiper-slide\" role=\"group\" aria-roledescription=\"slide\" aria-label=\"2 sur 5\"><figure class=\"swiper-slide-inner\"><img decoding=\"async\" class=\"swiper-slide-image\" src=\"https:\/\/www.lednix.com\/wp-content\/uploads\/luminaria-led-new-capital-60w-mean-well-programable-768x768.jpg\" alt=\"Luminaires programmables\" \/><figcaption class=\"elementor-image-carousel-caption\">Luminaires programmables<\/figcaption><\/figure><\/div><div class=\"swiper-slide\" role=\"group\" aria-roledescription=\"slide\" aria-label=\"3 sur 5\"><figure class=\"swiper-slide-inner\"><img decoding=\"async\" class=\"swiper-slide-image\" src=\"https:\/\/www.lednix.com\/wp-content\/uploads\/foco-led-samsung-1000w-130lmw-mean-well-768x768.jpg\" alt=\"Projecteurs Serie Stadium\" \/><figcaption class=\"elementor-image-carousel-caption\">Projecteurs Serie Stadium<\/figcaption><\/figure><\/div><div class=\"swiper-slide\" role=\"group\" aria-roledescription=\"slide\" aria-label=\"4 sur 5\"><figure class=\"swiper-slide-inner\"><img decoding=\"async\" class=\"swiper-slide-image\" src=\"https:\/\/www.lednix.com\/wp-content\/uploads\/foco-proyector-led-200w-slim-pro-768x768.jpg\" alt=\"Projecteurs Serie PRO\" \/><figcaption class=\"elementor-image-carousel-caption\">Projecteurs Serie PRO<\/figcaption><\/figure><\/div><div class=\"swiper-slide\" role=\"group\" aria-roledescription=\"slide\" aria-label=\"5 sur 5\"><figure class=\"swiper-slide-inner\"><img decoding=\"async\" class=\"swiper-slide-image\" src=\"https:\/\/www.lednix.com\/wp-content\/uploads\/campana-led-ufo-sq-100w-129lmw-mean-well-elg-regulable-768x768.jpg\" alt=\"Cloches LED industrielles UFO\" \/><figcaption class=\"elementor-image-carousel-caption\">Cloches LED industrielles UFO<\/figcaption><\/figure><\/div>\t\t\t<\/div>\n\t\t\t\t\t\t\t\t\t\t\t\t<div class=\"elementor-swiper-button elementor-swiper-button-prev\" role=\"button\" tabindex=\"0\">\n\t\t\t\t\t\t<i aria-hidden=\"true\" class=\"eicon-chevron-left\"><\/i>\t\t\t\t\t<\/div>\n\t\t\t\t\t<div class=\"elementor-swiper-button elementor-swiper-button-next\" role=\"button\" tabindex=\"0\">\n\t\t\t\t\t\t<i aria-hidden=\"true\" class=\"eicon-chevron-right\"><\/i>\t\t\t\t\t<\/div>\n\t\t\t\t\n\t\t\t\t\t\t\t\t\t<\/div>\n\t\t\t\t<\/div>\n\t\t\t\t<\/div>\n\t\t\t\t\t<\/div>\n\t\t<\/div>\n\t\t\t\t<div class=\"elementor-column elementor-col-50 elementor-top-column elementor-element elementor-element-13d5273\" data-id=\"13d5273\" data-element_type=\"column\" data-settings=\"{&quot;background_background&quot;:&quot;classic&quot;}\">\n\t\t\t<div class=\"elementor-widget-wrap elementor-element-populated\">\n\t\t\t\t\t\t\t\t<div class=\"elementor-element elementor-element-54edb95 elementor-widget elementor-widget-heading\" data-id=\"54edb95\" data-element_type=\"widget\" data-widget_type=\"heading.default\">\n\t\t\t\t<div class=\"elementor-widget-container\">\n\t\t\t<h2 class=\"elementor-heading-title elementor-size-default\">D\u00c9VELOPPEMENT DE PRODUITS<\/h2>\t\t<\/div>\n\t\t\t\t<\/div>\n\t\t\t\t<div class=\"elementor-element elementor-element-a5e4092 elementor-widget-divider--view-line elementor-widget elementor-widget-divider\" data-id=\"a5e4092\" data-element_type=\"widget\" data-widget_type=\"divider.default\">\n\t\t\t\t<div class=\"elementor-widget-container\">\n\t\t\t\t\t<div class=\"elementor-divider\">\n\t\t\t<span class=\"elementor-divider-separator\">\n\t\t\t\t\t\t<\/span>\n\t\t<\/div>\n\t\t\t\t<\/div>\n\t\t\t\t<\/div>\n\t\t\t\t<div class=\"elementor-element elementor-element-1b38ca8 elementor-widget elementor-widget-text-editor\" data-id=\"1b38ca8\" data-element_type=\"widget\" data-widget_type=\"text-editor.default\">\n\t\t\t\t<div class=\"elementor-widget-container\">\n\t\t\t\t\t\t\t<p>Notre d\u00e9partement technique \u00e9tudie et \u00e9labore les param\u00e8tres et les sp\u00e9cifications m\u00e9caniques, \u00e9lectroniques et lumineux qui doivent \u00eatre respect\u00e9s lors du processus de fabrication ult\u00e9rieur.<\/p>\n<p>Tous les processus sont supervis\u00e9s dans les moindres d\u00e9tails et r\u00e9pondent fid\u00e8lement aux normes europ\u00e9ennes.<\/p>\n<p>Notre produit est soumis \u00e0 diff\u00e9rents tests post-fabrication, en termes de consommation, rendement lumineux, m\u00e9tal\/m\u00e9canique\u2026 afin d\u2019offrir un r\u00e9sultat optimal \u00e0 nos projets et \u00e0 nos clients.<\/p>\n<p>Nous amenons chacun de nos produits \u00e0 un laboratoire pour effectuer les certifications appropri\u00e9es et selon le type d\u2019installation.<\/p>\n<p>Nous disposons d\u2019installations compl\u00e8tes de R+D+I pour effectuer des tests internes dans nos centres, ce qui nous permet d\u2019en faire plus de 30 diff\u00e9rents, y compris des tests de s\u00e9curit\u00e9, des tests photo\u00e9lectriques, des tests de fiabilit\u00e9 des produits et de dur\u00e9e de vie utile de tous nos produits avant leur mise sur le march\u00e9.<\/p>\n<p>Nous nous effor\u00e7ons de trouver des solutions aux besoins du march\u00e9 et de nos clients. L\u2019innovation technologique est un principe fondamental au sein de notre entreprise.<\/p>\n\t\t\t\t\t\t<\/div>\n\t\t\t\t<\/div>\n\t\t\t\t\t<\/div>\n\t\t<\/div>\n\t\t\t\t\t\t\t<\/div>\n\t\t<\/section>\n\t\t\t\t<section class=\"elementor-section elementor-top-section elementor-element elementor-element-823c88b elementor-section-content-middle elementor-section-boxed elementor-section-height-default elementor-section-height-default\" data-id=\"823c88b\" data-element_type=\"section\" data-settings=\"{&quot;background_background&quot;:&quot;classic&quot;}\">\n\t\t\t\t\t\t<div class=\"elementor-container elementor-column-gap-default\">\n\t\t\t\t\t<div class=\"elementor-column elementor-col-100 elementor-top-column elementor-element elementor-element-2177e58\" data-id=\"2177e58\" data-element_type=\"column\">\n\t\t\t<div class=\"elementor-widget-wrap elementor-element-populated\">\n\t\t\t\t\t\t\t\t<div class=\"elementor-element elementor-element-02948ff elementor-widget elementor-widget-shortcode\" data-id=\"02948ff\" data-element_type=\"widget\" data-widget_type=\"shortcode.default\">\n\t\t\t\t<div class=\"elementor-widget-container\">\n\t\t\t\t\t<div class=\"elementor-shortcode\">\n\t\t<style>\n\t\t\t#wpls-logo-showcase-slider-1 .wpls-fix-box,\n\t\t\t#wpls-logo-showcase-slider-1 .wpls-fix-box img.wp-post-image{max-height:250px; }\n\t\t<\/style>\n\n\t\t<div class=\"wpls-wrap wpls-logo-showcase-slider-wrp wpls-logo-clearfix wpls-design-1 \" data-conf=\"{&quot;slides_column&quot;:&quot;5&quot;,&quot;slides_scroll&quot;:1,&quot;dots&quot;:&quot;true&quot;,&quot;arrows&quot;:&quot;true&quot;,&quot;autoplay&quot;:&quot;true&quot;,&quot;autoplay_interval&quot;:3000,&quot;loop&quot;:&quot;true&quot;,&quot;rtl&quot;:&quot;false&quot;,&quot;speed&quot;:800,&quot;center_mode&quot;:&quot;true&quot;,&quot;lazyload&quot;:&quot;&quot;}\">\n\t\t\t<div class=\"wpls-logo-showcase logo_showcase wpls-logo-slider wpls-center sliderimage_hide_border \" id=\"wpls-logo-showcase-slider-1\" >\n\t\t\t\t<div class=\"wpls-logo-cnt\">\n\t<div class=\"wpls-fix-box\">\n\t\t\t\t<img decoding=\"async\" class=\"wp-post-image\"  src=\"https:\/\/www.lednix.com\/wp-content\/uploads\/ferrovial.png\" alt=\"\" \/>\n\t\t\t<\/div>\n\t<\/div><div class=\"wpls-logo-cnt\">\n\t<div class=\"wpls-fix-box\">\n\t\t\t\t<img decoding=\"async\" class=\"wp-post-image\"  src=\"https:\/\/www.lednix.com\/wp-content\/uploads\/tempel.png\" alt=\"\" \/>\n\t\t\t<\/div>\n\t<\/div><div class=\"wpls-logo-cnt\">\n\t<div class=\"wpls-fix-box\">\n\t\t\t\t<img decoding=\"async\" class=\"wp-post-image\"  src=\"https:\/\/www.lednix.com\/wp-content\/uploads\/endesa.png\" alt=\"\" \/>\n\t\t\t<\/div>\n\t<\/div><div class=\"wpls-logo-cnt\">\n\t<div class=\"wpls-fix-box\">\n\t\t\t\t<img decoding=\"async\" class=\"wp-post-image\"  src=\"https:\/\/www.lednix.com\/wp-content\/uploads\/jcferrero.png\" alt=\"\" \/>\n\t\t\t<\/div>\n\t<\/div><div class=\"wpls-logo-cnt\">\n\t<div class=\"wpls-fix-box\">\n\t\t\t\t<img decoding=\"async\" class=\"wp-post-image\"  src=\"https:\/\/www.lednix.com\/wp-content\/uploads\/segura.png\" alt=\"\" \/>\n\t\t\t<\/div>\n\t<\/div><div class=\"wpls-logo-cnt\">\n\t<div class=\"wpls-fix-box\">\n\t\t\t\t<img decoding=\"async\" class=\"wp-post-image\"  src=\"https:\/\/www.lednix.com\/wp-content\/uploads\/unielectrica.png\" alt=\"\" \/>\n\t\t\t<\/div>\n\t<\/div><div class=\"wpls-logo-cnt\">\n\t<div class=\"wpls-fix-box\">\n\t\t\t\t<img decoding=\"async\" class=\"wp-post-image\"  src=\"https:\/\/www.lednix.com\/wp-content\/uploads\/elecnor.png\" alt=\"\" \/>\n\t\t\t<\/div>\n\t<\/div><div class=\"wpls-logo-cnt\">\n\t<div class=\"wpls-fix-box\">\n\t\t\t\t<img decoding=\"async\" class=\"wp-post-image\"  src=\"https:\/\/www.lednix.com\/wp-content\/uploads\/cox-energy.png\" alt=\"\" \/>\n\t\t\t<\/div>\n\t<\/div><div class=\"wpls-logo-cnt\">\n\t<div class=\"wpls-fix-box\">\n\t\t\t\t<img decoding=\"async\" class=\"wp-post-image\"  src=\"https:\/\/www.lednix.com\/wp-content\/uploads\/insignia.png\" alt=\"\" \/>\n\t\t\t<\/div>\n\t<\/div>\t\t\t<\/div>\n\t\t<\/div>\n\n\t\t<\/div>\n\t\t\t\t<\/div>\n\t\t\t\t<\/div>\n\t\t\t\t\t<\/div>\n\t\t<\/div>\n\t\t\t\t\t\t\t<\/div>\n\t\t<\/section>\n\t\t\t\t\t\t\t<\/div>\n\t\t","protected":false},"excerpt":{"rendered":"<p>SERVICES PROFESSIONNALISME ET EXIGENCE AU SERVICE DE VOTRE PROJET Lednix propose des solutions d\u2019\u00e9clairage diverses et vari\u00e9es, quelle que soit la taille de votre projet d\u2019\u00e9clairage. Si vous pouvez l\u2019imaginer, nous pouvons en faire une &#8230; <\/p>\n<p class=\"read-more-container\"><a title=\"Insignia Energ\u00eda\" class=\"read-more button\" href=\"https:\/\/www.lednix.com\/fr\/logoshowcase\/insignia-energia\/#more-11751\" aria-label=\"Plus sur Insignia Energ\u00eda\">Read More<\/a><\/p>\n","protected":false},"author":24,"featured_media":0,"parent":0,"menu_order":0,"comment_status":"closed","ping_status":"closed","template":"","meta":{"inline_featured_image":false,"footnotes":""},"class_list":["post-9835","page","type-page","status-publish","hentry","no-featured-image-padding"],"_links":{"self":[{"href":"https:\/\/www.lednix.com\/fr\/wp-json\/wp\/v2\/pages\/9835"}],"collection":[{"href":"https:\/\/www.lednix.com\/fr\/wp-json\/wp\/v2\/pages"}],"about":[{"href":"https:\/\/www.lednix.com\/fr\/wp-json\/wp\/v2\/types\/page"}],"author":[{"embeddable":true,"href":"https:\/\/www.lednix.com\/fr\/wp-json\/wp\/v2\/users\/24"}],"replies":[{"embeddable":true,"href":"https:\/\/www.lednix.com\/fr\/wp-json\/wp\/v2\/comments?post=9835"}],"version-history":[{"count":8,"href":"https:\/\/www.lednix.com\/fr\/wp-json\/wp\/v2\/pages\/9835\/revisions"}],"predecessor-version":[{"id":11869,"href":"https:\/\/www.lednix.com\/fr\/wp-json\/wp\/v2\/pages\/9835\/revisions\/11869"}],"wp:attachment":[{"href":"https:\/\/www.lednix.com\/fr\/wp-json\/wp\/v2\/media?parent=9835"}],"curies":[{"name":"wp","href":"https:\/\/api.w.org\/{rel}","templated":true}]}}