{"id":10123,"date":"2019-03-21T13:18:24","date_gmt":"2019-03-21T12:18:24","guid":{"rendered":"https:\/\/www.lednix.com\/nous-connaitre\/"},"modified":"2022-02-09T11:49:30","modified_gmt":"2022-02-09T10:49:30","slug":"nous-connaitre","status":"publish","type":"page","link":"https:\/\/www.lednix.com\/fr\/nous-connaitre\/","title":{"rendered":"\u00c0 propos de Lednix"},"content":{"rendered":"\t\t<div data-elementor-type=\"wp-post\" data-elementor-id=\"10123\" class=\"elementor elementor-10123 elementor-2301\">\n\t\t\t\t\t\t\t\t\t<section class=\"elementor-section elementor-top-section elementor-element elementor-element-382d028 elementor-section-boxed elementor-section-height-default elementor-section-height-default\" data-id=\"382d028\" data-element_type=\"section\" id=\"introduction\" data-settings=\"{&quot;background_background&quot;:&quot;classic&quot;}\">\n\t\t\t\t\t\t<div class=\"elementor-container elementor-column-gap-default\">\n\t\t\t\t\t<div class=\"elementor-column elementor-col-100 elementor-top-column elementor-element elementor-element-6d369779\" data-id=\"6d369779\" data-element_type=\"column\">\n\t\t\t<div class=\"elementor-widget-wrap elementor-element-populated\">\n\t\t\t\t\t\t\t\t<div class=\"elementor-element elementor-element-23e094e elementor-widget elementor-widget-heading\" data-id=\"23e094e\" data-element_type=\"widget\" data-widget_type=\"heading.default\">\n\t\t\t\t<div class=\"elementor-widget-container\">\n\t\t\t<h3 class=\"elementor-heading-title elementor-size-small\">Qui sommes nous<\/h3>\t\t<\/div>\n\t\t\t\t<\/div>\n\t\t\t\t<div class=\"elementor-element elementor-element-5c9990ea elementor-widget elementor-widget-heading\" data-id=\"5c9990ea\" data-element_type=\"widget\" data-widget_type=\"heading.default\">\n\t\t\t\t<div class=\"elementor-widget-container\">\n\t\t\t<h2 class=\"elementor-heading-title elementor-size-default\">l'exp\u00e9rience d'une entreprise leader<\/h2>\t\t<\/div>\n\t\t\t\t<\/div>\n\t\t\t\t<div class=\"elementor-element elementor-element-46e509dc elementor-widget-divider--view-line elementor-widget elementor-widget-divider\" data-id=\"46e509dc\" data-element_type=\"widget\" data-widget_type=\"divider.default\">\n\t\t\t\t<div class=\"elementor-widget-container\">\n\t\t\t\t\t<div class=\"elementor-divider\">\n\t\t\t<span class=\"elementor-divider-separator\">\n\t\t\t\t\t\t<\/span>\n\t\t<\/div>\n\t\t\t\t<\/div>\n\t\t\t\t<\/div>\n\t\t\t\t<section class=\"elementor-section elementor-inner-section elementor-element elementor-element-5e72ee3 elementor-section-boxed elementor-section-height-default elementor-section-height-default\" data-id=\"5e72ee3\" data-element_type=\"section\">\n\t\t\t\t\t\t<div class=\"elementor-container elementor-column-gap-default\">\n\t\t\t\t\t<div class=\"elementor-column elementor-col-100 elementor-inner-column elementor-element elementor-element-d503e72\" data-id=\"d503e72\" data-element_type=\"column\">\n\t\t\t<div class=\"elementor-widget-wrap elementor-element-populated\">\n\t\t\t\t\t\t\t\t<div class=\"elementor-element elementor-element-bbd9524 elementor-widget elementor-widget-text-editor\" data-id=\"bbd9524\" data-element_type=\"widget\" data-widget_type=\"text-editor.default\">\n\t\t\t\t<div class=\"elementor-widget-container\">\n\t\t\t\t\t\t\t<div>\n<div data-elementor-setting-key=\"editor\" data-elementor-inline-editing-toolbar=\"advanced\">Lednix fait partie du groupe PRISMICA, une entreprise pleinement implant\u00e9e sur le march\u00e9 europ\u00e9en, qui garantit la qualit\u00e9 et la solvabilit\u00e9 dont ses clients ont besoin. Fond\u00e9e en 2014, PRISMICA est devenue l\u2019une des entreprises espagnoles avec la plus forte croissance et les perspectives d\u2019avenir les plus \u00e9lev\u00e9es.<\/div>\n<\/div>\n\t\t\t\t\t\t<\/div>\n\t\t\t\t<\/div>\n\t\t\t\t\t<\/div>\n\t\t<\/div>\n\t\t\t\t\t\t\t<\/div>\n\t\t<\/section>\n\t\t\t\t\t<\/div>\n\t\t<\/div>\n\t\t\t\t\t\t\t<\/div>\n\t\t<\/section>\n\t\t\t\t<section class=\"elementor-section elementor-top-section elementor-element elementor-element-360d5381 elementor-section-full_width elementor-section-height-default elementor-section-height-default\" data-id=\"360d5381\" data-element_type=\"section\">\n\t\t\t\t\t\t<div class=\"elementor-container elementor-column-gap-default\">\n\t\t\t\t\t<div class=\"elementor-column elementor-col-50 elementor-top-column elementor-element elementor-element-79330dd4\" data-id=\"79330dd4\" data-element_type=\"column\" data-settings=\"{&quot;background_background&quot;:&quot;classic&quot;}\">\n\t\t\t<div class=\"elementor-widget-wrap elementor-element-populated\">\n\t\t\t\t\t\t\t\t<section class=\"elementor-section elementor-inner-section elementor-element elementor-element-35f21f8 elementor-section-boxed elementor-section-height-default elementor-section-height-default\" data-id=\"35f21f8\" data-element_type=\"section\">\n\t\t\t\t\t\t<div class=\"elementor-container elementor-column-gap-default\">\n\t\t\t\t\t<div class=\"elementor-column elementor-col-100 elementor-inner-column elementor-element elementor-element-0962e11\" data-id=\"0962e11\" data-element_type=\"column\">\n\t\t\t<div class=\"elementor-widget-wrap elementor-element-populated\">\n\t\t\t\t\t\t\t\t<div class=\"elementor-element elementor-element-69bd4de elementor-widget elementor-widget-image\" data-id=\"69bd4de\" data-element_type=\"widget\" data-widget_type=\"image.default\">\n\t\t\t\t<div class=\"elementor-widget-container\">\n\t\t\t\t\t\t\t\t\t\t\t\t\t\t\t<img decoding=\"async\" src=\"https:\/\/www.lednix.com\/wp-content\/uploads\/elementor\/thumbs\/Philosophy-pk964cavwwds492vjukhl0am7dd6fitwykzh2dpd0q.jpg\" title=\"Philosophy\" alt=\"Philosophy\" loading=\"lazy\" \/>\t\t\t\t\t\t\t\t\t\t\t\t\t\t\t<\/div>\n\t\t\t\t<\/div>\n\t\t\t\t\t<\/div>\n\t\t<\/div>\n\t\t\t\t\t\t\t<\/div>\n\t\t<\/section>\n\t\t\t\t\t<\/div>\n\t\t<\/div>\n\t\t\t\t<div class=\"elementor-column elementor-col-50 elementor-top-column elementor-element elementor-element-7d7fef34\" data-id=\"7d7fef34\" data-element_type=\"column\" data-settings=\"{&quot;background_background&quot;:&quot;classic&quot;}\">\n\t\t\t<div class=\"elementor-widget-wrap elementor-element-populated\">\n\t\t\t\t\t\t\t\t<div class=\"elementor-element elementor-element-32516e59 elementor-widget elementor-widget-heading\" data-id=\"32516e59\" data-element_type=\"widget\" data-widget_type=\"heading.default\">\n\t\t\t\t<div class=\"elementor-widget-container\">\n\t\t\t<h2 class=\"elementor-heading-title elementor-size-default\">philosophie de l'entreprise<\/h2>\t\t<\/div>\n\t\t\t\t<\/div>\n\t\t\t\t<div class=\"elementor-element elementor-element-1c4a9275 elementor-widget-divider--view-line elementor-widget elementor-widget-divider\" data-id=\"1c4a9275\" data-element_type=\"widget\" data-widget_type=\"divider.default\">\n\t\t\t\t<div class=\"elementor-widget-container\">\n\t\t\t\t\t<div class=\"elementor-divider\">\n\t\t\t<span class=\"elementor-divider-separator\">\n\t\t\t\t\t\t<\/span>\n\t\t<\/div>\n\t\t\t\t<\/div>\n\t\t\t\t<\/div>\n\t\t\t\t<div class=\"elementor-element elementor-element-50c98202 elementor-widget elementor-widget-text-editor\" data-id=\"50c98202\" data-element_type=\"widget\" data-widget_type=\"text-editor.default\">\n\t\t\t\t<div class=\"elementor-widget-container\">\n\t\t\t\t\t\t\t<p>Depuis sa cr\u00e9ation, PRISMICA a voulu miser sur un esprit jeune et d\u00e9sireux d\u2019apprendre et de s\u2019am\u00e9liorer en harmonie avec ses collaborateurs, qui repr\u00e9sentent la valeur la plus pr\u00e9cieuse de l\u2019entreprise. Il est clair pour nous qu\u2019une main-d\u2019\u0153uvre enthousiaste et motiv\u00e9e dans son travail se traduit par un souci du d\u00e9tail et une implication maximale.<\/p>\n<p>Nos objectifs sont les m\u00eames qu\u2019\u00e0 nos d\u00e9buts : proposer au consommateur des produits de qualit\u00e9 \u00e0 des prix comp\u00e9titifs. Nous croyons que la qualit\u00e9 des produits ne peut pas d\u00e9pendre exclusivement du prix, c\u2019est pourquoi nous travaillons sans rel\u00e2che pour r\u00e9duire les co\u00fbts et optimiser les processus de conception, de fabrication et de distribution.<\/p>\n\t\t\t\t\t\t<\/div>\n\t\t\t\t<\/div>\n\t\t\t\t\t<\/div>\n\t\t<\/div>\n\t\t\t\t\t\t\t<\/div>\n\t\t<\/section>\n\t\t\t\t<section class=\"elementor-section elementor-top-section elementor-element elementor-element-90079d9 elementor-section-full_width elementor-section-height-default elementor-section-height-default\" data-id=\"90079d9\" data-element_type=\"section\">\n\t\t\t\t\t\t<div class=\"elementor-container elementor-column-gap-default\">\n\t\t\t\t\t<div class=\"elementor-column elementor-col-50 elementor-top-column elementor-element elementor-element-6dd072c\" data-id=\"6dd072c\" data-element_type=\"column\" data-settings=\"{&quot;background_background&quot;:&quot;classic&quot;}\">\n\t\t\t<div class=\"elementor-widget-wrap elementor-element-populated\">\n\t\t\t\t\t\t\t\t<section class=\"elementor-section elementor-inner-section elementor-element elementor-element-df9c5a1 elementor-section-boxed elementor-section-height-default elementor-section-height-default\" data-id=\"df9c5a1\" data-element_type=\"section\">\n\t\t\t\t\t\t<div class=\"elementor-container elementor-column-gap-default\">\n\t\t\t\t\t<div class=\"elementor-column elementor-col-100 elementor-inner-column elementor-element elementor-element-14dd5d5\" data-id=\"14dd5d5\" data-element_type=\"column\">\n\t\t\t<div class=\"elementor-widget-wrap elementor-element-populated\">\n\t\t\t\t\t\t\t\t<div class=\"elementor-element elementor-element-617cebf elementor-widget elementor-widget-image\" data-id=\"617cebf\" data-element_type=\"widget\" data-widget_type=\"image.default\">\n\t\t\t\t<div class=\"elementor-widget-container\">\n\t\t\t\t\t\t\t\t\t\t\t\t\t\t\t<img decoding=\"async\" src=\"https:\/\/www.lednix.com\/wp-content\/uploads\/elementor\/thumbs\/International-pk966ibho5ckvvxjwaaitylvicon6efmxb4rwchooa.jpg\" title=\"International\" alt=\"International\" loading=\"lazy\" \/>\t\t\t\t\t\t\t\t\t\t\t\t\t\t\t<\/div>\n\t\t\t\t<\/div>\n\t\t\t\t\t<\/div>\n\t\t<\/div>\n\t\t\t\t\t\t\t<\/div>\n\t\t<\/section>\n\t\t\t\t\t<\/div>\n\t\t<\/div>\n\t\t\t\t<div class=\"elementor-column elementor-col-50 elementor-top-column elementor-element elementor-element-62f0978\" data-id=\"62f0978\" data-element_type=\"column\" data-settings=\"{&quot;background_background&quot;:&quot;classic&quot;}\">\n\t\t\t<div class=\"elementor-widget-wrap elementor-element-populated\">\n\t\t\t\t\t\t\t\t<div class=\"elementor-element elementor-element-f2bce9c elementor-widget elementor-widget-heading\" data-id=\"f2bce9c\" data-element_type=\"widget\" data-widget_type=\"heading.default\">\n\t\t\t\t<div class=\"elementor-widget-container\">\n\t\t\t<h2 class=\"elementor-heading-title elementor-size-default\">march\u00e9 international<\/h2>\t\t<\/div>\n\t\t\t\t<\/div>\n\t\t\t\t<div class=\"elementor-element elementor-element-d8737d6 elementor-widget-divider--view-line elementor-widget elementor-widget-divider\" data-id=\"d8737d6\" data-element_type=\"widget\" data-widget_type=\"divider.default\">\n\t\t\t\t<div class=\"elementor-widget-container\">\n\t\t\t\t\t<div class=\"elementor-divider\">\n\t\t\t<span class=\"elementor-divider-separator\">\n\t\t\t\t\t\t<\/span>\n\t\t<\/div>\n\t\t\t\t<\/div>\n\t\t\t\t<\/div>\n\t\t\t\t<div class=\"elementor-element elementor-element-cca5469 elementor-widget elementor-widget-text-editor\" data-id=\"cca5469\" data-element_type=\"widget\" data-widget_type=\"text-editor.default\">\n\t\t\t\t<div class=\"elementor-widget-container\">\n\t\t\t\t\t\t\t<p>Le Groupe Prismica dispose actuellement d\u2019une pr\u00e9sence consolid\u00e9e dans les principaux pays de l\u2019Union europ\u00e9enne. L\u2019Espagne, le Portugal, l\u2019Andorre, la France, l\u2019Autriche, la Suisse, l\u2019Italie, la Pologne, l\u2019Allemagne et le Royaume-Uni repr\u00e9sentent des march\u00e9s stables avec de bonnes perspectives d\u2019avenir, et Prismica a d\u00e9velopp\u00e9 un important portefeuille de clients dans tous ces pays.<\/p>\n<p>Notre groupe d\u2019activit\u00e9s travaille \u00e0 son expansion dans d\u2019autres pays europ\u00e9ens, au Benelux, ainsi que dans les pays nordiques, o\u00f9 des transactions commerciales sont d\u00e9j\u00e0 en cours et o\u00f9 Lednix s\u2019efforce d\u2019\u00e9tendre sa port\u00e9e.<\/p>\n\t\t\t\t\t\t<\/div>\n\t\t\t\t<\/div>\n\t\t\t\t\t<\/div>\n\t\t<\/div>\n\t\t\t\t\t\t\t<\/div>\n\t\t<\/section>\n\t\t\t\t<section class=\"elementor-section elementor-top-section elementor-element elementor-element-f748b48 elementor-section-full_width elementor-section-height-default elementor-section-height-default\" data-id=\"f748b48\" data-element_type=\"section\">\n\t\t\t\t\t\t<div class=\"elementor-container elementor-column-gap-default\">\n\t\t\t\t\t<div class=\"elementor-column elementor-col-50 elementor-top-column elementor-element elementor-element-5c5c927\" data-id=\"5c5c927\" data-element_type=\"column\" data-settings=\"{&quot;background_background&quot;:&quot;classic&quot;}\">\n\t\t\t<div class=\"elementor-widget-wrap elementor-element-populated\">\n\t\t\t\t\t\t\t\t<section class=\"elementor-section elementor-inner-section elementor-element elementor-element-1db1fea elementor-section-boxed elementor-section-height-default elementor-section-height-default\" data-id=\"1db1fea\" data-element_type=\"section\">\n\t\t\t\t\t\t<div class=\"elementor-container elementor-column-gap-default\">\n\t\t\t\t\t<div class=\"elementor-column elementor-col-100 elementor-inner-column elementor-element elementor-element-4bd8fcd\" data-id=\"4bd8fcd\" data-element_type=\"column\">\n\t\t\t<div class=\"elementor-widget-wrap elementor-element-populated\">\n\t\t\t\t\t\t\t\t<div class=\"elementor-element elementor-element-5cc6c0d elementor-widget elementor-widget-image\" data-id=\"5cc6c0d\" data-element_type=\"widget\" data-widget_type=\"image.default\">\n\t\t\t\t<div class=\"elementor-widget-container\">\n\t\t\t\t\t\t\t\t\t\t\t\t\t\t\t<img decoding=\"async\" src=\"https:\/\/www.lednix.com\/wp-content\/uploads\/elementor\/thumbs\/Logistics-pk967x2rx7a2atvtnw8dklsrl5qgq2154acztaefca.jpg\" title=\"Logistics\" alt=\"Logistics\" loading=\"lazy\" \/>\t\t\t\t\t\t\t\t\t\t\t\t\t\t\t<\/div>\n\t\t\t\t<\/div>\n\t\t\t\t\t<\/div>\n\t\t<\/div>\n\t\t\t\t\t\t\t<\/div>\n\t\t<\/section>\n\t\t\t\t\t<\/div>\n\t\t<\/div>\n\t\t\t\t<div class=\"elementor-column elementor-col-50 elementor-top-column elementor-element elementor-element-83d11c5\" data-id=\"83d11c5\" data-element_type=\"column\" data-settings=\"{&quot;background_background&quot;:&quot;classic&quot;}\">\n\t\t\t<div class=\"elementor-widget-wrap elementor-element-populated\">\n\t\t\t\t\t\t\t\t<div class=\"elementor-element elementor-element-07aebf1 elementor-widget elementor-widget-heading\" data-id=\"07aebf1\" data-element_type=\"widget\" data-widget_type=\"heading.default\">\n\t\t\t\t<div class=\"elementor-widget-container\">\n\t\t\t<h2 class=\"elementor-heading-title elementor-size-default\">LOGISTIQUE<\/h2>\t\t<\/div>\n\t\t\t\t<\/div>\n\t\t\t\t<div class=\"elementor-element elementor-element-2daf508 elementor-widget-divider--view-line elementor-widget elementor-widget-divider\" data-id=\"2daf508\" data-element_type=\"widget\" data-widget_type=\"divider.default\">\n\t\t\t\t<div class=\"elementor-widget-container\">\n\t\t\t\t\t<div class=\"elementor-divider\">\n\t\t\t<span class=\"elementor-divider-separator\">\n\t\t\t\t\t\t<\/span>\n\t\t<\/div>\n\t\t\t\t<\/div>\n\t\t\t\t<\/div>\n\t\t\t\t<div class=\"elementor-element elementor-element-f6ec0a4 elementor-widget elementor-widget-text-editor\" data-id=\"f6ec0a4\" data-element_type=\"widget\" data-widget_type=\"text-editor.default\">\n\t\t\t\t<div class=\"elementor-widget-container\">\n\t\t\t\t\t\t\t<p>PRISMICA dispose de 4 grandes plateformes logistiques de plus de 70.000 m2 de surface b\u00e2tie. Les accords conclus avec les principales entreprises logistiques nationales et internationales permettent la distribution de nos produits dans plus de 22 pays.<\/p>\n<p>La capacit\u00e9 et la rapidit\u00e9 de distribution du groupe Prismica, permet \u00e0 Lednix de se diff\u00e9rencier de la concurrence et de disposer du stock n\u00e9cessaire pour acc\u00e9l\u00e9rer au maximum les d\u00e9lais d\u2019ex\u00e9cution de chacun de nos projets.<\/p>\n\t\t\t\t\t\t<\/div>\n\t\t\t\t<\/div>\n\t\t\t\t\t<\/div>\n\t\t<\/div>\n\t\t\t\t\t\t\t<\/div>\n\t\t<\/section>\n\t\t\t\t<section class=\"elementor-section elementor-top-section elementor-element elementor-element-c18f32f elementor-section-full_width elementor-section-height-default elementor-section-height-default\" data-id=\"c18f32f\" data-element_type=\"section\">\n\t\t\t\t\t\t<div class=\"elementor-container elementor-column-gap-default\">\n\t\t\t\t\t<div class=\"elementor-column elementor-col-50 elementor-top-column elementor-element elementor-element-3a0c2c5\" data-id=\"3a0c2c5\" data-element_type=\"column\" data-settings=\"{&quot;background_background&quot;:&quot;classic&quot;}\">\n\t\t\t<div class=\"elementor-widget-wrap elementor-element-populated\">\n\t\t\t\t\t\t\t\t<section class=\"elementor-section elementor-inner-section elementor-element elementor-element-d5fd247 elementor-section-boxed elementor-section-height-default elementor-section-height-default\" data-id=\"d5fd247\" data-element_type=\"section\">\n\t\t\t\t\t\t<div class=\"elementor-container elementor-column-gap-default\">\n\t\t\t\t\t<div class=\"elementor-column elementor-col-100 elementor-inner-column elementor-element elementor-element-8b33ed2\" data-id=\"8b33ed2\" data-element_type=\"column\">\n\t\t\t<div class=\"elementor-widget-wrap elementor-element-populated\">\n\t\t\t\t\t\t\t\t<div class=\"elementor-element elementor-element-c53c2db elementor-widget elementor-widget-image\" data-id=\"c53c2db\" data-element_type=\"widget\" data-widget_type=\"image.default\">\n\t\t\t\t<div class=\"elementor-widget-container\">\n\t\t\t\t\t\t\t\t\t\t\t\t\t\t\t<img decoding=\"async\" src=\"https:\/\/www.lednix.com\/wp-content\/uploads\/elementor\/thumbs\/Best-pk95tqoeu5vd6kh7g9lygolh0xm5meqw644c81f76y.jpg\" title=\"Best\" alt=\"Best\" loading=\"lazy\" \/>\t\t\t\t\t\t\t\t\t\t\t\t\t\t\t<\/div>\n\t\t\t\t<\/div>\n\t\t\t\t\t<\/div>\n\t\t<\/div>\n\t\t\t\t\t\t\t<\/div>\n\t\t<\/section>\n\t\t\t\t\t<\/div>\n\t\t<\/div>\n\t\t\t\t<div class=\"elementor-column elementor-col-50 elementor-top-column elementor-element elementor-element-1874731\" data-id=\"1874731\" data-element_type=\"column\" data-settings=\"{&quot;background_background&quot;:&quot;classic&quot;}\">\n\t\t\t<div class=\"elementor-widget-wrap elementor-element-populated\">\n\t\t\t\t\t\t\t\t<div class=\"elementor-element elementor-element-69df1b7 elementor-widget elementor-widget-heading\" data-id=\"69df1b7\" data-element_type=\"widget\" data-widget_type=\"heading.default\">\n\t\t\t\t<div class=\"elementor-widget-container\">\n\t\t\t<h2 class=\"elementor-heading-title elementor-size-default\">LEDNIX, LE MEILLEUR DE PRISMICA \u00c0 VOTRE SERVICE<\/h2>\t\t<\/div>\n\t\t\t\t<\/div>\n\t\t\t\t<div class=\"elementor-element elementor-element-c18e850 elementor-widget-divider--view-line elementor-widget elementor-widget-divider\" data-id=\"c18e850\" data-element_type=\"widget\" data-widget_type=\"divider.default\">\n\t\t\t\t<div class=\"elementor-widget-container\">\n\t\t\t\t\t<div class=\"elementor-divider\">\n\t\t\t<span class=\"elementor-divider-separator\">\n\t\t\t\t\t\t<\/span>\n\t\t<\/div>\n\t\t\t\t<\/div>\n\t\t\t\t<\/div>\n\t\t\t\t<div class=\"elementor-element elementor-element-1a04c08 elementor-widget elementor-widget-text-editor\" data-id=\"1a04c08\" data-element_type=\"widget\" data-widget_type=\"text-editor.default\">\n\t\t\t\t<div class=\"elementor-widget-container\">\n\t\t\t\t\t\t\t<p>Lednix est la r\u00e9ponse du groupe Prismica aux besoins des entreprises, des organisations, des organismes publics, des clubs sportifs et m\u00eame des particuliers qui ont besoin d\u2019une analyse personnalis\u00e9e, d\u2019un design personnalis\u00e9 et d\u2019une int\u00e9gration professionnelle dans leurs installations.<\/p>\n<p>Nous offrons un vaste catalogue de produits qui incorporent la technologie LED et respectent nos valeurs fondamentales : la qualit\u00e9 \u00e9cologique, \u00e9conomique et de la plus haute technologie.<\/p>\n<p>Nous voulons devenir une r\u00e9f\u00e9rence dans le domaine de l\u2019\u00e9clairage LED, un point d\u2019appui dans lequel les entreprises mettent leur confiance pour r\u00e9aliser leurs r\u00eaves et projets les plus ambitieux.<\/p>\n\t\t\t\t\t\t<\/div>\n\t\t\t\t<\/div>\n\t\t\t\t\t<\/div>\n\t\t<\/div>\n\t\t\t\t\t\t\t<\/div>\n\t\t<\/section>\n\t\t\t\t<section class=\"elementor-section elementor-top-section elementor-element elementor-element-823c88b elementor-section-content-middle elementor-section-boxed elementor-section-height-default elementor-section-height-default\" data-id=\"823c88b\" data-element_type=\"section\" data-settings=\"{&quot;background_background&quot;:&quot;classic&quot;}\">\n\t\t\t\t\t\t<div class=\"elementor-container elementor-column-gap-default\">\n\t\t\t\t\t<div class=\"elementor-column elementor-col-100 elementor-top-column elementor-element elementor-element-2177e58\" data-id=\"2177e58\" data-element_type=\"column\">\n\t\t\t<div class=\"elementor-widget-wrap elementor-element-populated\">\n\t\t\t\t\t\t\t\t<div class=\"elementor-element elementor-element-02948ff elementor-widget elementor-widget-shortcode\" data-id=\"02948ff\" data-element_type=\"widget\" data-widget_type=\"shortcode.default\">\n\t\t\t\t<div class=\"elementor-widget-container\">\n\t\t\t\t\t<div class=\"elementor-shortcode\">\n\t\t<style>\n\t\t\t#wpls-logo-showcase-slider-1 .wpls-fix-box,\n\t\t\t#wpls-logo-showcase-slider-1 .wpls-fix-box img.wp-post-image{max-height:250px; }\n\t\t<\/style>\n\n\t\t<div class=\"wpls-wrap wpls-logo-showcase-slider-wrp wpls-logo-clearfix wpls-design-1 \" data-conf=\"{&quot;slides_column&quot;:&quot;5&quot;,&quot;slides_scroll&quot;:1,&quot;dots&quot;:&quot;true&quot;,&quot;arrows&quot;:&quot;true&quot;,&quot;autoplay&quot;:&quot;true&quot;,&quot;autoplay_interval&quot;:3000,&quot;loop&quot;:&quot;true&quot;,&quot;rtl&quot;:&quot;false&quot;,&quot;speed&quot;:800,&quot;center_mode&quot;:&quot;true&quot;,&quot;lazyload&quot;:&quot;&quot;}\">\n\t\t\t<div class=\"wpls-logo-showcase logo_showcase wpls-logo-slider wpls-center sliderimage_hide_border \" id=\"wpls-logo-showcase-slider-1\" >\n\t\t\t\t<div class=\"wpls-logo-cnt\">\n\t<div class=\"wpls-fix-box\">\n\t\t\t\t<img decoding=\"async\" class=\"wp-post-image\"  src=\"https:\/\/www.lednix.com\/wp-content\/uploads\/ferrovial.png\" alt=\"\" \/>\n\t\t\t<\/div>\n\t<\/div><div class=\"wpls-logo-cnt\">\n\t<div class=\"wpls-fix-box\">\n\t\t\t\t<img decoding=\"async\" class=\"wp-post-image\"  src=\"https:\/\/www.lednix.com\/wp-content\/uploads\/tempel.png\" alt=\"\" \/>\n\t\t\t<\/div>\n\t<\/div><div class=\"wpls-logo-cnt\">\n\t<div class=\"wpls-fix-box\">\n\t\t\t\t<img decoding=\"async\" class=\"wp-post-image\"  src=\"https:\/\/www.lednix.com\/wp-content\/uploads\/endesa.png\" alt=\"\" \/>\n\t\t\t<\/div>\n\t<\/div><div class=\"wpls-logo-cnt\">\n\t<div class=\"wpls-fix-box\">\n\t\t\t\t<img decoding=\"async\" class=\"wp-post-image\"  src=\"https:\/\/www.lednix.com\/wp-content\/uploads\/jcferrero.png\" alt=\"\" \/>\n\t\t\t<\/div>\n\t<\/div><div class=\"wpls-logo-cnt\">\n\t<div class=\"wpls-fix-box\">\n\t\t\t\t<img decoding=\"async\" class=\"wp-post-image\"  src=\"https:\/\/www.lednix.com\/wp-content\/uploads\/segura.png\" alt=\"\" \/>\n\t\t\t<\/div>\n\t<\/div><div class=\"wpls-logo-cnt\">\n\t<div class=\"wpls-fix-box\">\n\t\t\t\t<img decoding=\"async\" class=\"wp-post-image\"  src=\"https:\/\/www.lednix.com\/wp-content\/uploads\/unielectrica.png\" alt=\"\" \/>\n\t\t\t<\/div>\n\t<\/div><div class=\"wpls-logo-cnt\">\n\t<div class=\"wpls-fix-box\">\n\t\t\t\t<img decoding=\"async\" class=\"wp-post-image\"  src=\"https:\/\/www.lednix.com\/wp-content\/uploads\/elecnor.png\" alt=\"\" \/>\n\t\t\t<\/div>\n\t<\/div><div class=\"wpls-logo-cnt\">\n\t<div class=\"wpls-fix-box\">\n\t\t\t\t<img decoding=\"async\" class=\"wp-post-image\"  src=\"https:\/\/www.lednix.com\/wp-content\/uploads\/cox-energy.png\" alt=\"\" \/>\n\t\t\t<\/div>\n\t<\/div><div class=\"wpls-logo-cnt\">\n\t<div class=\"wpls-fix-box\">\n\t\t\t\t<img decoding=\"async\" class=\"wp-post-image\"  src=\"https:\/\/www.lednix.com\/wp-content\/uploads\/insignia.png\" alt=\"\" \/>\n\t\t\t<\/div>\n\t<\/div>\t\t\t<\/div>\n\t\t<\/div>\n\n\t\t<\/div>\n\t\t\t\t<\/div>\n\t\t\t\t<\/div>\n\t\t\t\t\t<\/div>\n\t\t<\/div>\n\t\t\t\t\t\t\t<\/div>\n\t\t<\/section>\n\t\t\t\t\t\t\t<\/div>\n\t\t","protected":false},"excerpt":{"rendered":"<p>Qui sommes nous l&rsquo;exp\u00e9rience d&rsquo;une entreprise leader Lednix fait partie du groupe PRISMICA, une entreprise pleinement implant\u00e9e sur le march\u00e9 europ\u00e9en, qui garantit la qualit\u00e9 et la solvabilit\u00e9 dont ses clients ont besoin. Fond\u00e9e en &#8230; <\/p>\n<p class=\"read-more-container\"><a title=\"Insignia Energ\u00eda\" class=\"read-more button\" href=\"https:\/\/www.lednix.com\/fr\/logoshowcase\/insignia-energia\/#more-11751\" aria-label=\"Plus sur Insignia Energ\u00eda\">Read More<\/a><\/p>\n","protected":false},"author":24,"featured_media":0,"parent":0,"menu_order":0,"comment_status":"closed","ping_status":"closed","template":"","meta":{"inline_featured_image":false,"footnotes":""},"class_list":["post-10123","page","type-page","status-publish","hentry","no-featured-image-padding"],"_links":{"self":[{"href":"https:\/\/www.lednix.com\/fr\/wp-json\/wp\/v2\/pages\/10123"}],"collection":[{"href":"https:\/\/www.lednix.com\/fr\/wp-json\/wp\/v2\/pages"}],"about":[{"href":"https:\/\/www.lednix.com\/fr\/wp-json\/wp\/v2\/types\/page"}],"author":[{"embeddable":true,"href":"https:\/\/www.lednix.com\/fr\/wp-json\/wp\/v2\/users\/24"}],"replies":[{"embeddable":true,"href":"https:\/\/www.lednix.com\/fr\/wp-json\/wp\/v2\/comments?post=10123"}],"version-history":[{"count":15,"href":"https:\/\/www.lednix.com\/fr\/wp-json\/wp\/v2\/pages\/10123\/revisions"}],"predecessor-version":[{"id":12121,"href":"https:\/\/www.lednix.com\/fr\/wp-json\/wp\/v2\/pages\/10123\/revisions\/12121"}],"wp:attachment":[{"href":"https:\/\/www.lednix.com\/fr\/wp-json\/wp\/v2\/media?parent=10123"}],"curies":[{"name":"wp","href":"https:\/\/api.w.org\/{rel}","templated":true}]}}