{"id":12539,"date":"2019-03-25T16:26:28","date_gmt":"2019-03-25T15:26:28","guid":{"rendered":"https:\/\/www.lednix.com\/cookies-richtlinie\/"},"modified":"2022-09-09T08:42:55","modified_gmt":"2022-09-09T06:42:55","slug":"cookies-richtlinie","status":"publish","type":"page","link":"https:\/\/www.lednix.com\/de\/cookies-richtlinie\/","title":{"rendered":"COOKIE-RICHTLINIE"},"content":{"rendered":"\t\t<div data-elementor-type=\"wp-post\" data-elementor-id=\"12539\" class=\"elementor elementor-12539 elementor-3399\">\n\t\t\t\t\t\t\t\t\t<section class=\"elementor-section elementor-top-section elementor-element elementor-element-2c788beb elementor-section-boxed elementor-section-height-default elementor-section-height-default\" data-id=\"2c788beb\" data-element_type=\"section\">\n\t\t\t\t\t\t<div class=\"elementor-container elementor-column-gap-default\">\n\t\t\t\t\t<div class=\"elementor-column elementor-col-100 elementor-top-column elementor-element elementor-element-1f669b63\" data-id=\"1f669b63\" data-element_type=\"column\">\n\t\t\t<div class=\"elementor-widget-wrap elementor-element-populated\">\n\t\t\t\t\t\t\t\t<div class=\"elementor-element elementor-element-2cc8e7d0 elementor-widget elementor-widget-text-editor\" data-id=\"2cc8e7d0\" data-element_type=\"widget\" data-widget_type=\"text-editor.default\">\n\t\t\t\t<div class=\"elementor-widget-container\">\n\t\t\t\t\t\t\t<h3 style=\"text-align: justify;\"><strong>Was sind Cookies?<\/strong><\/h3><p style=\"text-align: justify;\">Ein Cookie ist eine einfache Textdatei, die von einem Website-Server auf Ihren Computer oder Ihr mobiles Ger\u00e4t heruntergeladen wird und es der Website erm\u00f6glicht, ihre Inhalte zu speichern und abzurufen. Es enth\u00e4lt anonyme Informationen und erm\u00f6glicht es der Website, einige Daten zu speichern. <\/p><h3 style=\"text-align: justify;\"><strong>WARUM VERWENDEN WIR COOKIES?<\/strong><\/h3><p style=\"text-align: justify;\">PRISMICA, S.L. verwendet Cookies, um es seinen Systemen zu erm\u00f6glichen, Ihr Ger\u00e4t zu erkennen und Ihnen bestimmte Funktionen anzubieten, einschlie\u00dflich der Erleichterung der Navigation innerhalb der Website und ihrer ordnungsgem\u00e4\u00dfen Nutzung, der Erleichterung des Zugriffs auf Dienste, die eine Authentifizierung erfordern, sowie der Kenntnis, welche Bereiche der Website besucht wurden.<\/p><h3><strong>Wie wir die cookies benetzen?<\/strong><\/h3><p>PRISMICA, S.L. kann Cookies auf Ihrem Computer verwenden, sofern Sie Ihre Zustimmung gegeben haben, au\u00dfer in F\u00e4llen, in denen Cookies f\u00fcr das Navigieren auf unserer Website erforderlich sind.<\/p><p>Wenn Sie Ihre Zustimmung geben, k\u00f6nnen wir Cookies verwenden, die es uns erm\u00f6glichen, mehr Informationen \u00fcber Ihre Pr\u00e4ferenzen zu erhalten und unsere Website entsprechend Ihren individuellen Interessen zu personalisieren.<\/p><p>Wir verwenden eigene Cookies und Cookies von Drittanbietern, um unsere Dienste zu verbessern, die Website zu personalisieren, das Surfen zu erleichtern, m\u00f6gliche Probleme zu erkennen sowie zu Analyse- und Messzwecken.<\/p><h3 style=\"text-align: justify;\"><strong>Arten der von uns verwendeten cookies<\/strong><\/h3><p style=\"text-align: justify;\">Je nach dem verfolgten Zweck:<\/p><ul><li><strong>Technische Cookies:<\/strong> Dies sind diejenigen, die es dem Benutzer erm\u00f6glichen, durch eine Website, Plattform oder Anwendung zu navigieren und die verschiedenen darin vorhandenen Optionen oder Dienste zu nutzen, wie z. B. die Steuerung des Datenverkehrs und der Datenkommunikation usw.<\/li><li><strong>Geolokalisierungs-Cookies:<\/strong> Sie werden verwendet, um herauszufinden, wo sich ein Benutzer befindet, wenn er einen Dienst anfordert. Dieses Cookie ist anonym und wird beispielsweise verwendet, um Ihnen je nach Land, in dem Sie sich befinden, die entsprechenden Informationen bereitzustellen.<\/li><li><strong>Personalisierte Cookies:<\/strong> Diese erm\u00f6glichen dem Benutzer den Zugriff auf den Dienst mit einigen allgemeinen Merkmalen, die gem\u00e4\u00df einer Reihe von Kriterien im Endger\u00e4t des Benutzers vordefiniert sind, wie z. B. die Sprache, der f\u00fcr den Zugriff auf den Dienst verwendete Browsertyp, die regionale Konfiguration, von der aus der Benutzer auf den Dienst zugreift, usw.<\/li><li><strong>Analyse-Cookies:<\/strong> Diese erm\u00f6glichen dem f\u00fcr sie Verantwortlichen, das Verhalten der Nutzer der verlinkten Internetseiten zu beobachten und zu analysieren. Die mithilfe dieser Art von Cookies gesammelten Informationen werden verwendet, um die Aktivit\u00e4t der Website, Plattform oder Anwendung zu messen und Navigationsprofile der Benutzer dieser Website, Plattform oder Anwendung zu erstellen, um auf der Grundlage der Analyse Verbesserungen einzuf\u00fchren die von den Benutzern gemachten Nutzungsdaten.<\/li><\/ul><p>Abh\u00e4ngig von der Einheit, die sie verwaltet:<\/p><ul><li><strong>Propriet\u00e4re Cookies:<\/strong> Diese werden von einem Computer oder einer Dom\u00e4ne, die vom Eigent\u00fcmer der Website verwaltet wird und von dem aus der vom Benutzer angeforderte Dienst bereitgestellt wird, an das Endger\u00e4t des Benutzers gesendet.<\/li><li><strong>Cookies von Drittanbietern:<\/strong> Dies sind Cookies, die von einem Computer oder einer Dom\u00e4ne an das Endger\u00e4t des Benutzers gesendet werden, die nicht vom Eigent\u00fcmer der Website verwaltet werden, von der aus der vom Benutzer angeforderte Dienst bereitgestellt wird, sondern von einer anderen Stelle, die die Daten verarbeitet durch Cookies erhalten. Falls Cookies von einem Computer oder einer Dom\u00e4ne installiert werden, die vom Eigent\u00fcmer der Website selbst verwaltet werden, die dar\u00fcber gesammelten Informationen jedoch von einem Dritten verwaltet werden, werden sie ebenfalls als Cookies von Drittanbietern betrachtet.<\/li><\/ul><p> <\/p><p style=\"text-align: justify;\">Die Details der auf dieser Website verwendeten Cookies lauten wie folgt:<\/p><table class=\"tg\"><tbody><tr><th class=\"tg-hgcj\">Cookies<\/th><th class=\"tg-hgcj\">Name<\/th><th class=\"tg-hgcj\">Typ<\/th><th class=\"tg-hgcj\">Zweck<\/th><th class=\"tg-amwm\">Mehr Informationen<\/th><th class=\"tg-hgcj\">Dauer<\/th><\/tr><tr><td class=\"tg-s6z2\">__utma<br>__utmb<br>__utmc<br>__utmz<br>_ga<br>_gat<\/td><td class=\"tg-s6z2\">Google Analytics<\/td><td class=\"tg-s6z2\">Cookies von Drittanbietern<\/td><td class=\"tg-s6z2\">Um Informationen \u00fcber<br>das Surfen der Benutzer auf der Website zu sammeln, um den Grund f\u00fcr<br>ihren urspr\u00fcnglichen Besuch und andere \u00e4hnliche statistische Daten zu erfahren.<br>Namen, Nachnamen und Adressen, von denen<br>sich Benutzer verbinden, werden nicht erhoben.<\/td><td class=\"tg-baqh\">Google<br>Analytics Google-Datenschutzzentrum:<br><a class=\"enlace\" href=\"https:\/\/www.google.com\/intl\/de\/policies\/privacy\/\" target=\"_blank\" rel=\"noopener\">https:\/\/www.google.com\/intl\/de\/policies\/privacy\/<\/a><\/td><td class=\"tg-s6z2\">50 Monate<\/td><\/tr><tr><td class=\"tg-s6z2\">acdc, udc,,uic,uid)<\/td><td class=\"tg-s6z2\">Criteo<\/td><td class=\"tg-s6z2\">Cookies von <br>Drittanbietern<\/td><td class=\"tg-s6z2\">&#8211; Veranstaltungen<br>bezogen auf die Aktivit\u00e4t eines Nutzers im Web (Anzahl der Seitenaufrufe,<br>Produkte, die Sie gesehen haben, Suchen).,-<br>Ereignisse im Zusammenhang mit unserer Adservisng-Technologie (wie viele Anzeigen<br>wir gezeigt haben). Criteo-Cookies<br>(acdc, udc, uic, uid) k\u00f6nnen von einer Reihe von Dom\u00e4nen aktiviert werden<br>einschlie\u00dflich .criteo.com, .smartadserver.com, ad.360yield.com,<br>ad.yieldmanager.com, .rubiconproject.com, .pubmatic.com, .bubblestat.com,<br>.atdmt.com, .anuntis.info, .openx.net, .facebook.com, .adnxs.com,<br>.tag.admeld.com.,Die erhaltenen Daten sind<br>werden zur Verbesserung unseres Angebots verwendet, ohne dass eine anderweitige Verwendung oder Weitergabe erfolgt<br>Dritte.&#8220;<\/td><td class=\"tg-baqh\">Criteo-<br>Datenschutzrichtlinie: <a class=\"enlace\" href=\"https:\/\/www.criteo.com\/de\/privacy\/\" target=\"_blank\" rel=\"noopener\">https:\/\/www.criteo.com\/de\/privacy\/<\/a><\/td><td class=\"tg-s6z2\">50 monate<\/td><\/tr><tr><td class=\"tg-baqh\">PHPSESSID<\/td><td class=\"tg-baqh\">Lednix<\/td><td class=\"tg-baqh\">Propriet\u00e4re Cookies<\/td><td class=\"tg-baqh\">Notwendig f\u00fcr das Surfen auf der Website.<\/td><td class=\"tg-baqh\"><a class=\"enlace\" href=\"https:\/\/www.lednix.com\/de\/rechtlicher-hinweis\/\" target=\"_blank\" rel=\"noopener\">https:\/\/www.lednix.com\/de\/rechtlicher-hinweis\/<\/a><\/td><td class=\"tg-baqh\">50 Monate<\/td><\/tr><\/tbody><\/table><p style=\"text-align: justify;\">Hinweis: Unsere \u201eeigenen\u201c Cookies werden nur vom Eigent\u00fcmer der Website verwendet, und \u201eDrittanbieter\u201c-Cookies werden von dem im vorherigen Kasten genannten Dienstanbieter verwendet.<\/p><h3>WIE MAN COOKIES KONTROLLIERT<\/h3><p>Der Hilfebereich Ihres Browsers hilft Ihnen bei der Verwaltung Ihrer Cookie-Einstellungen. Wenn Sie keine Cookies erhalten m\u00f6chten, k\u00f6nnen Sie Ihre Browsereinstellungen so \u00e4ndern, dass Sie benachrichtigt werden, wenn Cookies gesendet werden. Es ist auch m\u00f6glich, bereits gespeicherte Cookies jederzeit \u00fcber Ihre Browsereinstellungen zu l\u00f6schen. Auf der Seite mit den Cookie-Einstellungen k\u00f6nnen Sie w\u00e4hlen, ob Sie die von unserer Website gesetzten Cookies akzeptieren oder nicht.   <\/p><p>Das Deaktivieren von Cookies hindert Sie nicht daran, auf der Website zu surfen, obwohl die Nutzung einiger ihrer Dienste eingeschr\u00e4nkt sein kann und daher Ihr Surferlebnis m\u00f6glicherweise weniger zufriedenstellend ist.<\/p><p>Sie k\u00f6nnen auf Ihrem Computer installierte Cookies zulassen, blockieren oder l\u00f6schen, indem Sie zu den Konfigurationsoptionen Ihres Computerbrowsers gehen:<\/p><p>Firefox<\/p><p><a href=\"https:\/\/support.mozilla.org\/de\/kb\/cookies-erlauben-und-ablehnen\">https:\/\/support.mozilla.org\/es\/kb\/habilitar-y-deshabilitar-cookies-sitios-web-rastrear-preferencias<\/a><\/p><p>Chrome<\/p><p><a href=\"https:\/\/support.google.com\/chrome\/bin\/answer.py?hl=es&amp;answer=95647\">https:\/\/support.google.com\/chrome\/bin\/answer.py?hl=es&amp;answer=95647<\/a><\/p><p>Explorer<\/p><p><a href=\"https:\/\/support.microsoft.com\/es-es\/help\/17442\/windows-internet-explorer-delete-manage-cookies\">https:\/\/support.microsoft.com\/es-es\/help\/17442\/windows-internet-explorer-delete-manage-cookies<\/a><\/p><p>Safari<\/p><p><a href=\"https:\/\/support.apple.com\/kb\/ph5042\">https:\/\/support.apple.com\/kb\/ph5042<\/a><\/p><p>Opera<\/p><p><a href=\"https:\/\/help.opera.com\/Windows\/11.50\/es-ES\/cookies.html\">https:\/\/help.opera.com\/Windows\/11.50\/es-ES\/cookies.html<\/a><\/p><p>Weitere Browser<\/p><p>Konsultieren Sie die Informationen des von Ihnen installierten Browsers.<\/p><p>Browser-Add-on zur Deaktivierung von Google Analytics.<\/p><p>Wenn Sie analytische Cookies von Google Analytics auf allen Browsern ablehnen m\u00f6chten, sodass keine Ihrer Informationen an Google Analytics gesendet werden, k\u00f6nnen Sie ein Ass- on herunterladen, das diese Funktion ausf\u00fchrt:<\/p><p><a href=\"https:\/\/tools.google.com\/dlpage\/gaoptout\" target=\"_blank\" rel=\"noopener\">https:\/\/tools.google.com\/dlpage\/gaoptout<\/a><\/p>\t\t\t\t\t\t<\/div>\n\t\t\t\t<\/div>\n\t\t\t\t\t<\/div>\n\t\t<\/div>\n\t\t\t\t\t\t\t<\/div>\n\t\t<\/section>\n\t\t\t\t\t\t\t<\/div>\n\t\t","protected":false},"excerpt":{"rendered":"<p>Was sind Cookies? Ein Cookie ist eine einfache Textdatei, die von einem Website-Server auf Ihren Computer oder Ihr mobiles Ger\u00e4t heruntergeladen wird und es der Website erm\u00f6glicht, ihre Inhalte zu speichern und abzurufen. Es enth\u00e4lt &#8230; <\/p>\n<p class=\"read-more-container\"><a title=\"COOKIE-RICHTLINIE\" class=\"read-more button\" href=\"https:\/\/www.lednix.com\/de\/cookies-richtlinie\/#more-12539\" aria-label=\"Mehr zu COOKIE-RICHTLINIE\">Read More<\/a><\/p>\n","protected":false},"author":24,"featured_media":0,"parent":0,"menu_order":0,"comment_status":"closed","ping_status":"open","template":"","meta":{"inline_featured_image":false,"footnotes":""},"class_list":{"0":"post-12539","1":"page","2":"type-page","3":"status-publish","5":"no-featured-image-padding"},"_links":{"self":[{"href":"https:\/\/www.lednix.com\/de\/wp-json\/wp\/v2\/pages\/12539"}],"collection":[{"href":"https:\/\/www.lednix.com\/de\/wp-json\/wp\/v2\/pages"}],"about":[{"href":"https:\/\/www.lednix.com\/de\/wp-json\/wp\/v2\/types\/page"}],"author":[{"embeddable":true,"href":"https:\/\/www.lednix.com\/de\/wp-json\/wp\/v2\/users\/24"}],"replies":[{"embeddable":true,"href":"https:\/\/www.lednix.com\/de\/wp-json\/wp\/v2\/comments?post=12539"}],"version-history":[{"count":4,"href":"https:\/\/www.lednix.com\/de\/wp-json\/wp\/v2\/pages\/12539\/revisions"}],"predecessor-version":[{"id":12543,"href":"https:\/\/www.lednix.com\/de\/wp-json\/wp\/v2\/pages\/12539\/revisions\/12543"}],"wp:attachment":[{"href":"https:\/\/www.lednix.com\/de\/wp-json\/wp\/v2\/media?parent=12539"}],"curies":[{"name":"wp","href":"https:\/\/api.w.org\/{rel}","templated":true}]}}