{"id":12535,"date":"2019-03-20T10:35:42","date_gmt":"2019-03-20T09:35:42","guid":{"rendered":"https:\/\/www.lednix.com\/datenschutzerklarung\/"},"modified":"2022-09-08T17:47:40","modified_gmt":"2022-09-08T15:47:40","slug":"datenschutzerklarung","status":"publish","type":"page","link":"https:\/\/www.lednix.com\/de\/datenschutzerklarung\/","title":{"rendered":"DATENSCHUTZERKL\u00c4RUNG"},"content":{"rendered":"\t\t<div data-elementor-type=\"wp-post\" data-elementor-id=\"12535\" class=\"elementor elementor-12535 elementor-33\">\n\t\t\t\t\t\t\t\t\t<section class=\"elementor-section elementor-top-section elementor-element elementor-element-2c788beb elementor-section-boxed elementor-section-height-default elementor-section-height-default\" data-id=\"2c788beb\" data-element_type=\"section\">\n\t\t\t\t\t\t<div class=\"elementor-container elementor-column-gap-default\">\n\t\t\t\t\t<div class=\"elementor-column elementor-col-100 elementor-top-column elementor-element elementor-element-1f669b63\" data-id=\"1f669b63\" data-element_type=\"column\">\n\t\t\t<div class=\"elementor-widget-wrap elementor-element-populated\">\n\t\t\t\t\t\t\t\t<div class=\"elementor-element elementor-element-9a6f728 elementor-widget elementor-widget-html\" data-id=\"9a6f728\" data-element_type=\"widget\" data-widget_type=\"html.default\">\n\t\t\t\t<div class=\"elementor-widget-container\">\n\t\t\t<table><caption><h2>Grundlegende Informationen zum Datenschutz<\/h2><\/caption>\n<tbody>\n<tr><th>\nVerantwortlich\n<\/th>\n<td>\nPRISMICA, S.L.\n<\/td>\n<\/tr>\n<tr><th>\nZweck\n<\/th>\n<td>\nProjekte leiten und weiterentwickeln. <br>\nProjekte leiten und weiterentwickeln. <br>\nAdressanspr\u00fcche und Antr\u00e4ge auf Aus\u00fcbung des Rechts auf Privatsph\u00e4re der interessierten Partei.\n<\/td>\n<\/tr>\n<tr><th>\nLegitimit\u00e4t\n<\/th>\n<td>\nAusf\u00fchrung des von den Parteien formalisierten Vertrages.<br>Um den gesetzlichen Verpflichtungen des Datenverantwortlichen nachzukommen. <br>Das berechtigte Interesse des Datenverantwortlichen.\n<\/td>\n<\/tr>\n<tr><th>\nZielgruppe\n<\/th>\n<td>\nEs werden keine Daten an Dritte weitergegeben, sofern wir nicht gesetzlich dazu verpflichtet.\n<\/td>\n<\/tr>\n<tr><th>\nRechte\n<\/th>\n<td>\nSie haben das Recht, auf die Daten zuzugreifen, sie zu berichtigen und zu l\u00f6schen, sowie andere Rechte, die in den zus\u00e4tzlichen Informationen angegeben sind , indem Sie eine E-Mail an rgpd@lednix.com senden\n<\/td>\n<\/tr>\n<tr><th>\nQuelle\n<\/th>\n<td>\nDer Interessent\n<\/td>\n<\/tr>\n<\/tbody>\n<\/table>\t\t<\/div>\n\t\t\t\t<\/div>\n\t\t\t\t<div class=\"elementor-element elementor-element-2cc8e7d0 elementor-widget elementor-widget-text-editor\" data-id=\"2cc8e7d0\" data-element_type=\"widget\" data-widget_type=\"text-editor.default\">\n\t\t\t\t<div class=\"elementor-widget-container\">\n\t\t\t\t\t\t\t<p>Durch diese Datenschutzrichtlinie informiert PRISMICA, S.L. die Nutzer dieser Website dar\u00fcber, wie die Daten ihrer Benutzer verwaltet werden, damit sie selbstst\u00e4ndig und freiwillig entscheiden k\u00f6nnen, ob sie die angeforderten Informationen bereitstellen m\u00f6chten.<\/p><p>Innerhalb dieser Website respektieren und sch\u00fctzen wir die personenbezogenen Daten der Benutzer. Somit wissen Sie, dass Ihre Rechte gew\u00e4hrleistet sind.<\/p><p>Das Unternehmen PRISMICA, S.L.garantiert Ihnen die Einhaltung der folgenden Werte, um Ihre Privatsph\u00e4re zu gew\u00e4hrleisten:<\/p><ul><li>Wir fordern niemals personenbezogene Daten an, es sei denn, dies ist wirklich erforderlich, um die vom Kunden angeforderten Dienstleistungen zu erbringen.<\/li><li>Wir geben niemals personenbezogene Daten unserer Benutzer an Dritte weiter, es sei denn, dies geschieht zur Einhaltung des Gesetzes oder f\u00fcr den Fall, dass wir eine ausdr\u00fcckliche Genehmigung des Kunden erhalten.<\/li><li>Wir werden Ihre pers\u00f6nlichen Daten niemals f\u00fcr einen anderen als den in dieser Datenschutzrichtlinie genannten Zweck verwenden.<\/li><\/ul><p>Wir weisen darauf hin, dass diese Datenschutzrichtlinie durch die Anpassung an neue Vorschriften ge\u00e4ndert werden kann, weshalb wir den Benutzern empfehlen, diesen Abschnitt regelm\u00e4\u00dfig zu \u00fcberpr\u00fcfen.<\/p><p>PRISMICA, S.L. hat diese Website in \u00dcbereinstimmung mit der Verordnung (EU) 2016\/679 des Europ\u00e4ischen Parlaments und des Rates vom 27. April 2016 zum Schutz nat\u00fcrlicher Personen (RGPD) sowie dem Gesetz 34\/2002 vom 11. Juli korrigiert, \u00fcber Dienste der Informationsgesellschaft und elektronischen Handel (LSSICE oder LSSI).<\/p><h2>VERANTWORTLICH F\u00dcR DIE VERARBEITUNG IHRER PERSONENBEZOGENEN DATEN<\/h2><ul><li>Identit\u00e4t: PRISMICA, S.L.<\/li><li>CIF: B98845944<\/li><li>Addresse: C\/ Llevant, 2 \u2013 46715 \u2013 VALENCIA (ESPA\u00d1A)<\/li><li>Telefon: + 34 960094907<\/li><li>Email Addresse: <a href=\"mailto:rgpd@lednix.com\">rgpd@lednix.com<\/a><\/li><\/ul><p>F\u00fcr die Verwaltung der personenbezogenen Daten der Benutzer setzen wir alle technischen Ma\u00dfnahmen und Sicherheitsorgane ein, die in der geltenden Gesetzgebung festgelegt sind.<\/p><h2>GRUNDS\u00c4TZE, DIE WIR AUF IHRE PERSONENBEZOGENEN DATEN ANWENDEN<\/h2><p>Bei der Verwaltung personenbezogener Daten wenden wir die folgenden Merkmale an, die an die Anforderungen des neuen RGDP angepasst sind:<\/p><ul><li>Rechtm\u00e4\u00dfigkeit, Loyalit\u00e4t und Transparenz: Wir ben\u00f6tigen immer Ihre Zustimmung zur Verwaltung Ihrer personenbezogenen Daten f\u00fcr einen oder mehrere bestimmte Zwecke, \u00fcber die Sie im Voraus informiert werden.<\/li><li>Datenminimierung: Wir werden nur Daten anfordern, die f\u00fcr die Zwecke, f\u00fcr die wir sie ben\u00f6tigen, unbedingt erforderlich sind.<\/li><li>Begrenzung der Aufbewahrungsdauer: Daten werden nicht l\u00e4nger aufbewahrt, als sie f\u00fcr die Zwecke ben\u00f6tigt werden, f\u00fcr die sie erforderlich sind.<\/li><li>Integrit\u00e4t und Vertraulichkeit: Ihre Daten werden so verwaltet, dass eine angemessene Sicherheit Ihrer personenbezogenen Daten gew\u00e4hrleistet ist und auch die Vertraulichkeit gew\u00e4hrleistet ist. PRISMICA, S.L. wird die notwendigen Vorkehrungen treffen, um unbefugten oder unzul\u00e4ssigen Zugriff auf die Daten unserer Benutzer durch Dritte zu verhindern. <\/li><\/ul><h2>WIE HABEN WIR IHRE DATEN ERHOBEN?<\/h2><p>Die personenbezogenen Daten, mit denen wir umgehen, stammen aus:<\/p><ul><li>Kontaktformular<\/li><li>Email Addresse<\/li><li>Bei der Registrierung als Benutzer<\/li><\/ul><h2>WELCHE RECHTE HABEN SIE BEI \u200b\u200bDER BEREITSTELLUNG IHRER DATEN?<\/h2><p>Interessenten haben ein Recht auf:<\/p><ul><li>Zugriff auf ihre gesammelten personenbezogenen Daten anfordern<\/li><li>Fordern Sie die Berichtigung oder L\u00f6schung ihrer Daten an<\/li><li>Fordern Sie die Einschr\u00e4nkung der Verwaltung an<\/li><li>Dem Management widersprechen<\/li><li>Fordern Sie die \u00dcbertragbarkeit ihrer Daten an<\/li><\/ul><p>Interessierte Personen k\u00f6nnen auf ihre personenbezogenen Daten zugreifen und auch die Berichtigung falscher Daten verlangen oder, falls erforderlich, die Entfernung von Daten verlangen, wenn sie f\u00fcr das, wof\u00fcr sie urspr\u00fcnglich bereitgestellt wurden, nicht mehr erforderlich sind. In bestimmten Situationen k\u00f6nnen interessierte Personen die Einschr\u00e4nkung der Verwaltung ihrer Daten verlangen, die in diesem Fall nur zur Aus\u00fcbung von juristischen Anspr\u00fcchen verwendet werden. <\/p><p>In bestimmten Situationen und aus besonderen Gr\u00fcnden k\u00f6nnen interessierte Personen der Verwaltung ihrer Daten widersprechen. PRISMICA, S.L. wird den Umgang mit Details einstellen, au\u00dfer aus berechtigten Gr\u00fcnden oder zur Aus\u00fcbung m\u00f6glicher juristische Anspr\u00fcche. Als interessierte Person haben Sie ein Recht auf Daten\u00fcbertragbarkeit, d. h. Sie k\u00f6nnen personenbezogene Daten, die Sie bereitgestellt haben, erhalten und an eine andere verantwortliche Person \u00fcbermitteln, wenn:  <\/p><ul><li>Die Verwaltung basiert auf Zustimmung.<\/li><li>Wenn die Daten von der interessierten Person bereitgestellt wurden.<\/li><li>Wenn die Daten \u00fcber automatische Medien bereitgestellt werden.<\/li><\/ul><p>Durch die Aus\u00fcbung Ihres Rechts auf Daten\u00fcbertragbarkeit haben Sie das Recht, dass Ihre personenbezogenen Daten direkt von Manager zu Manager \u00fcbertragen werden, wenn dies technisch m\u00f6glich ist.<\/p><p>Durch die Aus\u00fcbung Ihres Rechts auf Daten\u00fcbertragbarkeit haben Sie das Recht, personenbezogene Daten direkt von einem Verantwortlichen zu einen weiteren Verantwortlichen \u00fcbertragen zu lassen, wenn dies technisch m\u00f6glich ist.<\/p><p>Der Interessent kann auch einen Brief an PRISMICA SL, C\/ LLevant n\u00ba2-46715 Alquer\u00eda de la Comtessa-Valencia oder per E-Mail an rgpd@lednix.com senden.<\/p><p>Wir informieren Sie dar\u00fcber, dass die Datenschutzrichtlinie ge\u00e4ndert werden kann, um sie an neue gesetzliche Anforderungen zu diesem Thema anzupassen, daher empfehlen wir Ihnen, diesen Abschnitt regelm\u00e4\u00dfig zu besuchen.<\/p><h2>ZU WELCHEM ZWECK VERWALTEN WIR PERSONENBEZOGENE DATEN?<\/h2><p>Wenn ein Nutzer sich mit dieser Website verbindet, um eine E-Mail an den Eigent\u00fcmer zu senden, zu abonnieren oder einen Vertrag abzuschlie\u00dfen, gibt er personenbezogene Daten an, f\u00fcr die PRISMICA SL verantwortlich ist.<\/p><p>Der Zweck, f\u00fcr den PRISMICA SL Ihre Daten verarbeitet, ist:<\/p><ul><li>Zur Verwaltung Ihrer Projekte, sowie der dazugeh\u00f6rigen Lieferung und Rechnungsstellung.<\/li><li>Um anonyme statistische Berichte \u00fcber Zugriffsgewohnheiten und Aktivit\u00e4ten auf der Website zu erstellen.<\/li><li>Zur Erstellung eines kommerziellen Profils des Benutzers unter Verwendung von Navigationsdaten, Zugriffs- und Verkehrsgewohnheiten, sofern nicht anders angegeben oder der Benutzer seine vorherige Zustimmung widerruft.<\/li><li>Zur Einhaltung gesetzlich festgelegter Verpflichtungen sowie zur \u00dcberpr\u00fcfung der Einhaltung vertraglicher Verpflichtungen.<\/li><\/ul><p>Die vom Benutzer bereitgestellten personenbezogenen Daten werden so lange aufbewahrt, wie die Gesch\u00e4ftsbeziehung zwischen den Parteien aufrechterhalten wird, und in jedem Fall f\u00fcr die Zeit, die unbedingt erforderlich ist, um den Zweck zu erf\u00fcllen, f\u00fcr den die Zustimmung zu dieser Verarbeitung angefordert wurde, oder gegebenenfalls bis der Interessent die L\u00f6schung seiner Daten verlangt.<\/p><h2>KATEGORIE DER VERARBEITETEN DATEN<\/h2><p>Unter Ber\u00fccksichtigung der oben genannten Zwecke verarbeitet PRISMICA SL die folgenden Daten:<\/p><ul><li>Identifikationsdaten: Vorname, Nachname, Postanschrift, E-Mail, Postleitzahl, Telefonnummer.<\/li><li>Finanz- und Bankdaten. <\/li><li>Elektronische Kommunikationsmetadaten.<\/li><li>Kommerzielle Informationsdaten.<\/li><\/ul><p>Die angeforderten personenbezogenen Daten sind erforderlich, um die angeforderte Gesch\u00e4ftsaktion durchzuf\u00fchren.<\/p><h2>RECHTM\u00c4SSIGKEIT F\u00dcR DIE BEHANDLUNG IHRER DATEN<\/h2><p>Die Datenverarbeitung durch PRISMICA SL findet ihre Rechtsgrundlage in der ausdr\u00fccklichen Einwilligung der betroffenen Person.<\/p><p>Die Verarbeitung von Daten, die sich aus der Durchf\u00fchrung eines Projekts, seiner Rechnungsstellung oder der damit verbundenen Verwaltung ergeben, hat seine Rechtsgrundlage und Rechtfertigung in der Ausf\u00fchrung des von den Parteien geschlossenen Vertrages.<\/p><p>Der jederzeitige Widerruf der Einwilligung durch die betroffene Person ber\u00fchrt die Rechtm\u00e4\u00dfigkeit der bis zum Widerruf erfolgten Verarbeitung nicht.<\/p><p>Ebenso kann PRISMICA SL Daten in \u00dcbereinstimmung mit verschiedenen gesetzlichen Verpflichtungen verarbeiten.<\/p><h2>AUFBEWAHRUNGSZEITRAUM F\u00dcR IHRE DATEN<\/h2><p>Ihre bereitgestellten personenbezogenen Daten werden so lange gespeichert, wie eine Gesch\u00e4ftsbeziehung besteht und, falls erforderlich, f\u00fcr die Jahre, die zur Erf\u00fcllung gesetzlicher Verpflichtungen erforderlich sind, oder bis die interessierte Person die L\u00f6schung ihrer Daten verlangt.<\/p><h2>SICHERHEITSMASSNAHMEN<\/h2><p>PRISMICA, S.L. verpflichtet sich, die personenbezogenen Daten der Benutzer zu verwenden und zu behandeln, die Vertraulichkeit zu wahren, sie gem\u00e4\u00df den Mitteln des Benutzers zu verwenden und auch die Verpflichtung zur Speicherung dieser Informationen einzuhalten und alle Ma\u00dfnahmen zu ergreifen, um die \u00c4nderung, den Verlust, die Behandlung oder die Vermeidung von unbefugtem Zugriff gem\u00e4\u00df den geltenden Datenschutzbestimmungen.<\/p><p>Wenn ein Sicherheitsvorfall bemerkt wird und sobald PRISMICA, S.L. dar\u00fcber Kenntnis erlangt, m\u00fcssen Prismica den Nutzer unverz\u00fcglich informieren und nach Bekanntwerden des Sicherheitsvorfalls relevante Informationen bereitstellen.<\/p><h2>DATENGENAUIGKEIT<\/h2><p>Der Nutzer ist die einzige Partei, die f\u00fcr die Richtigkeit der PRISMICA, S.L. zur Verf\u00fcgung gestellten Daten verantwortlich ist, und befreit sie von jeglicher Verantwortung in dieser Angelegenheit.<\/p><p>Die Benutzer garantieren und reagieren in jedem Fall auf die Genauigkeit, G\u00fcltigkeit und Authentizit\u00e4t der bereitgestellten personenbezogenen Daten und verpflichten sich, diese Daten auf dem neuesten Stand zu halten. Der Nutzer akzeptiert, dass auf dem Kontakt- und Anmeldeformular vollst\u00e4ndige und richtige Angaben gemacht werden. <\/p><p>F\u00fcr den Fall, dass der Benutzer die Daten eines Dritten zur Verf\u00fcgung stellt, erkl\u00e4rt er\/sie, dass er\/sie die Zustimmung des Dritten hat und stellt PRISMICA SL diesbez\u00fcglich von jeglicher Haftung frei. PRISMICA SL beh\u00e4lt sich das Recht vor, die erforderlichen Untersuchungen durchzuf\u00fchren, um die oben genannten Punkte zu \u00fcberpr\u00fcfen, und ergreift somit die geeigneten Ma\u00dfnahmen, immer in \u00dcbereinstimmung mit den geltenden Datenschutzgesetzen. <\/p><h2>ANNAHME UND ZUSTIMMUNG<\/h2><p>Der Benutzer erkl\u00e4rt, dass er \u00fcber die Bedingungen zum Schutz personenbezogener Daten informiert wurde und akzeptiert und stimmt der Behandlung dieser Daten durch PRISMICA, S.L. auf die in dieser Datenschutzrichtlinie angegebene Weise und f\u00fcr die Zwecke zu.<\/p><h2>WIDERRUFSRECHT<\/h2><p>Die erteilte Zustimmung, sowohl zur Behandlung als auch zur \u00dcbermittlung der Daten interessierter Personen, kann jederzeit durch Mitteilung an PRISMICA, S.L. widerrufen werden. die in dieser Datenschutzrichtlinie festgelegten Bedingungen, um Ihre Rechte auszu\u00fcben.<\/p><h2>\u00c4NDERUNGEN IN DER DATENSCHUTZERKL\u00c4RUNG<\/h2><p>PRISMICA, S.L. beh\u00e4lt sich das Recht vor, die aktuelle Datenschutzrichtlinie zu \u00e4ndern, um sie an neue Gesetze und Branchenpraktiken anzupassen. In diesem Fall hat PRISMICA, S.L. wird auf dieser Seite die eingef\u00fchrten \u00c4nderungen mit ausreichender Vorwarnung f\u00fcr die Umsetzung dieser \u00c4nderungen bekannt geben. <\/p>\t\t\t\t\t\t<\/div>\n\t\t\t\t<\/div>\n\t\t\t\t\t<\/div>\n\t\t<\/div>\n\t\t\t\t\t\t\t<\/div>\n\t\t<\/section>\n\t\t\t\t\t\t\t<\/div>\n\t\t","protected":false},"excerpt":{"rendered":"<p>Grundlegende Informationen zum Datenschutz Verantwortlich PRISMICA, S.L. Zweck Projekte leiten und weiterentwickeln. Projekte leiten und weiterentwickeln. Adressanspr\u00fcche und Antr\u00e4ge auf Aus\u00fcbung des Rechts auf Privatsph\u00e4re der interessierten Partei. Legitimit\u00e4t Ausf\u00fchrung des von den Parteien formalisierten &#8230; <\/p>\n<p class=\"read-more-container\"><a title=\"DATENSCHUTZERKL\u00c4RUNG\" class=\"read-more button\" href=\"https:\/\/www.lednix.com\/de\/datenschutzerklarung\/#more-12535\" aria-label=\"Mehr zu DATENSCHUTZERKL\u00c4RUNG\">Read More<\/a><\/p>\n","protected":false},"author":15,"featured_media":0,"parent":0,"menu_order":0,"comment_status":"closed","ping_status":"open","template":"","meta":{"inline_featured_image":false,"footnotes":""},"class_list":{"0":"post-12535","1":"page","2":"type-page","3":"status-publish","5":"no-featured-image-padding"},"_links":{"self":[{"href":"https:\/\/www.lednix.com\/de\/wp-json\/wp\/v2\/pages\/12535"}],"collection":[{"href":"https:\/\/www.lednix.com\/de\/wp-json\/wp\/v2\/pages"}],"about":[{"href":"https:\/\/www.lednix.com\/de\/wp-json\/wp\/v2\/types\/page"}],"author":[{"embeddable":true,"href":"https:\/\/www.lednix.com\/de\/wp-json\/wp\/v2\/users\/15"}],"replies":[{"embeddable":true,"href":"https:\/\/www.lednix.com\/de\/wp-json\/wp\/v2\/comments?post=12535"}],"version-history":[{"count":1,"href":"https:\/\/www.lednix.com\/de\/wp-json\/wp\/v2\/pages\/12535\/revisions"}],"predecessor-version":[{"id":12536,"href":"https:\/\/www.lednix.com\/de\/wp-json\/wp\/v2\/pages\/12535\/revisions\/12536"}],"wp:attachment":[{"href":"https:\/\/www.lednix.com\/de\/wp-json\/wp\/v2\/media?parent=12535"}],"curies":[{"name":"wp","href":"https:\/\/api.w.org\/{rel}","templated":true}]}}