{"id":12533,"date":"2019-03-25T16:31:18","date_gmt":"2019-03-25T15:31:18","guid":{"rendered":"https:\/\/www.lednix.com\/rechtlicher-hinweis\/"},"modified":"2022-09-09T09:01:15","modified_gmt":"2022-09-09T07:01:15","slug":"rechtlicher-hinweis","status":"publish","type":"page","link":"https:\/\/www.lednix.com\/de\/rechtlicher-hinweis\/","title":{"rendered":"RECHTLICHER HINWEIS"},"content":{"rendered":"\t\t<div data-elementor-type=\"wp-post\" data-elementor-id=\"12533\" class=\"elementor elementor-12533 elementor-3885\">\n\t\t\t\t\t\t\t\t\t<section class=\"elementor-section elementor-top-section elementor-element elementor-element-4249ec62 elementor-section-boxed elementor-section-height-default elementor-section-height-default\" data-id=\"4249ec62\" data-element_type=\"section\">\n\t\t\t\t\t\t<div class=\"elementor-container elementor-column-gap-default\">\n\t\t\t\t\t<div class=\"elementor-column elementor-col-100 elementor-top-column elementor-element elementor-element-18c39895\" data-id=\"18c39895\" data-element_type=\"column\">\n\t\t\t<div class=\"elementor-widget-wrap elementor-element-populated\">\n\t\t\t\t\t\t\t\t<div class=\"elementor-element elementor-element-45fcd9f3 elementor-widget elementor-widget-text-editor\" data-id=\"45fcd9f3\" data-element_type=\"widget\" data-widget_type=\"text-editor.default\">\n\t\t\t\t<div class=\"elementor-widget-container\">\n\t\t\t\t\t\t\t<h2 style=\"text-align: justify;\">Verantwortlich f\u00fcr den Inhalt<\/h2><p style=\"text-align: justify;\">&#8211; <strong>Name des Verantwortlichen<\/strong> : PRISMICA, S.L.<br>&#8211; <strong>Steuernummer<\/strong> : B98845944<br>&#8211; <strong>Gesch\u00e4ftliche Adresse<\/strong> : C\/ Llevant, 2 &#8211; 46715 &#8211; VALENCIA (ESPA\u00d1A)<br>&#8211; <strong>Email<\/strong> : rgpd@prismica.com<\/p><p>In diesem Abschnitt findet der Benutzer alle relevanten Informationen zu den rechtlichen Bedingungen, die die Beziehungen zwischen den Benutzern und uns als Website-Manager definieren. Als Benutzer ist es wichtig, dass Sie diese Bedingungen verstehen, bevor Sie fortfahren. <\/p><p style=\"text-align: justify;\">PRISMICA, S.L. \u00fcbernimmt als verantwortlicher Betreiber die Verantwortung. Des Weiteren auch die Verantwortung f\u00fcr die Verarbeitung der Informationen unserer Benutzer und Kunden mit voller Garantie und unter Einhaltung aller nationalen und europ\u00e4ischen Anforderungen, die die Erfassung und Verwendung der pers\u00f6nlichen Daten unserer Benutzer regeln .<\/p><p style=\"text-align: justify;\">Daher h\u00e4lt sich diese Website strikt an die Allgemeine Datenschutzverordnung (UE) 2016\/679 zum Schutz von Daten (RGPD) und das Gesetz 34\/2002 vom 11. Juli \u00fcber Dienste der Informationsgesellschaft und elektronischen Handel (LSSICE oder LSSI).<\/p><h2>Allgemeine Nutzungsbedingungen<\/h2><p style=\"text-align: justify;\">Die folgenden allgemeinen Bedingungen regeln die Nutzung (einschlie\u00dflich des blo\u00dfen Zugriffs) der gesamten Website www.lednix.com\/de\/ einschlie\u00dflich der dort verf\u00fcgbaren Inhalte und Dienste. Alle Personen, die auf die Website zugreifen, akzeptieren die aktuell g\u00fcltigen Allgemeinen Gesch\u00e4ftsbedingungen in jeder Ebene der Website. <\/p><h2>Personenbezogene daten, die gesammelt werden, und wie es weiter geht<\/h2><p>Wenn Sie unsere DATENSCHUTZERKL\u00c4RUNG einsehen m\u00f6chten, klicken Sie <a href=\"http:\/\/www.lednix.com\/en\/data-protection-policy\/\" target=\"_blank\" rel=\"noopener noreferrer\">hier<\/a>.<\/p><h2>COOKIE-RICHTLINIE<\/h2><p style=\"text-align: justify;\">Wenn Sie unsere COOKIE-RICHTLINIE sehen m\u00f6chten, klicken Sie <a href=\"http:\/\/www.lednix.com\/en\/cookie-policy\/\" target=\"_blank\" rel=\"noopener noreferrer\">hier<\/a>.<\/p><h2>VERPFLICHTUNGEN UND PFLICHTEN DER BENUTZER<\/h2><p style=\"text-align: justify;\">Der Benutzer bleibt informiert und akzeptiert, dass der Zugriff auf die aktuelle Website in keiner Weise den Beginn einer Gesch\u00e4ftsbeziehung mit PRISMICA, S.L. darstellt. Auf diese Weise verpflichtet sich der Benutzer, die Website, ihre Dienste und Inhalte zu nutzen, ohne gegen geltendes Recht, Treu und Glauben oder die \u00f6ffentliche Ordnung zu versto\u00dfen.<\/p><p style=\"text-align: justify;\">Es ist verboten, die Website f\u00fcr unerlaubte oder illegale Zwecke zu nutzen oder die in irgendeiner Weise Gefahren verursachen oder das normale Funktionieren der Website beeintr\u00e4chtigen k\u00f6nnten. In Bezug auf die Inhalte der Website ist Folgendes verboten: <\/p><ul><li>Vervielf\u00e4ltigung, Verbreitung oder \u00c4nderung, ganz oder teilweise, es sei denn, es liegt die Genehmigung der Eigent\u00fcmer dieser Website vor.<\/li><li>Jede Verletzung der Rechte des Anbieters oder der rechtm\u00e4\u00dfigen Eigent\u00fcmer.<\/li><li>Verwendung f\u00fcr kommerzielle oder Werbezwecke.<\/li><\/ul><p style=\"text-align: justify;\">Der Benutzer verpflichtet sich, w\u00e4hrend der Nutzung von www.lednix.com\/de\/ keine Handlungen vorzunehmen, die das Image, die Interessen oder die Rechte von PRISMICA, S.L. oder Dritten sch\u00e4digen oder, unbrauchbar machen oder \u00fcberlasten k\u00f6nnten oder in irgendeiner Weise die normale Funktion der Website beeintr\u00e4chtigen.<\/p><p style=\"text-align: justify;\">Des Weiteren muss sich der Benutzer dar\u00fcber im Klaren sein, dass Sicherheitsma\u00dfnahmen von Computersystemen im Internet nicht vollst\u00e4ndig vertrauensw\u00fcrdig sind und dass PRISMICA, S.L. das Nichtvorhandensein von Viren oder anderen Elementen, die \u00c4nderungen in den Computersystemen (Software und Hardware) des Benutzers oder den darin enthaltenen elektronischen Dokumenten oder Dateien hervorrufen k\u00f6nnen, nicht garantieren kann.<\/p><h2>SICHERHEITSMASSNAHMEN<\/h2><p style=\"text-align: justify;\">Daten, die vom Benutzer an PRISMICA, S.L. in automatisierten Datenbanken gespeichert werden k\u00f6nnen oder nicht, deren Eigentum ausschlie\u00dflich PRISMICA, S.L. entspricht, wobei alle erforderlichen technischen, organisatorischen und Sicherheitsma\u00dfnahmen getroffen werden, die die Vertraulichkeit, Integrit\u00e4t und Qualit\u00e4t der enthaltenen Informationen gem\u00e4\u00df den aktuellen Daten gew\u00e4hrleisten Schutzrecht.<\/p><p style=\"text-align: justify;\">Die Kommunikation zwischen Benutzern und PRISMICA, S.L. verwendet einen sicheren Kanal und die \u00fcbertragenen Daten werden dank \u201ehttps\u201c-Protokollen verschl\u00fcsselt, daher garantieren wir die besten Sicherheitsbedingungen, damit die Vertraulichkeit der Benutzer absolut gewahrt ist.<\/p><h2>GEISTIGE UND GEWERBLICHE EIGENTUMSRECHTE<\/h2><p style=\"text-align: justify;\">In Bezug auf das, was in den Artikeln 8 und 32.1 Absatz 2 des Gesetzes \u00fcber geistiges Eigentum angegeben ist, die Vervielf\u00e4ltigung, Verbreitung und \u00f6ffentliche Wiedergabe, einschlie\u00dflich der Methode, mit der diese Inhalte verf\u00fcgbar gemacht werden, des gesamten Inhalts oder von Teilen des Inhalts der Website ,f\u00fcr kommerziellen Zwecken, und jegliches Support- oder technisches Medium ist ohne Genehmigung von PRISMICA, S.L. strengstens untersagt. Der Benutzer verpflichtet sich, die geistigen und gewerblichen Eigentumsrechte von PRISMICA, S.L. zu respektieren.<\/p><p style=\"text-align: justify;\">Der Benutzer kennt und akzeptiert, dass die gesamte Website, die ohne Einschr\u00e4nkung den Text, die Software, die Inhalte (einschlie\u00dflich deren Struktur, Auswahl, Reihenfolge und Pr\u00e4sentation), Fotos, audiovisuelles und grafisches Material enth\u00e4lt, alle durch Marken, Urheberrechte und andere legitime gesch\u00fctzt sind. Gem\u00e4\u00df Rechte, in \u00dcbereinstimmung mit internationalen Vertr\u00e4gen, denen Spanien angeh\u00f6rt, und anderen Eigentumsrechten und spanischen Gesetzen.<\/p><p style=\"text-align: justify;\">F\u00fcr den Fall, dass ein Benutzer oder Dritter der Ansicht ist, dass durch die Darstellung bestimmter Inhalte auf der Website eine Verletzung seiner legitimen geistigen Eigentumsrechte stattgefunden hat, muss dieser Umstand PRISMICA, S.L. gemeldet werden, wobei Folgendes anzugeben ist:<\/p><ul><li style=\"text-align: justify;\">Die personenbezogenen Daten des Inhabers der mutma\u00dflich verletzten Rechte oder Hinweise auf die Vertretung, durch die Ma\u00dfnahmen ergriffen werden, falls die Reklamation von einem anderen Dritten als der betroffenen Person durchgef\u00fchrt wird.<\/li><li style=\"text-align: justify;\">Benennen und begr\u00fcnden sie geistige Eigentumsrechte, gesch\u00fctzten Inhalte und deren Standort auf der Website, die Akkreditierung der angezeigten geistigen Eigentumsrechte und die ausdr\u00fcckliche Erkl\u00e4rung der betroffenen Person, die f\u00fcr die Richtigkeit der in der Benachrichtigung bereitgestellten Informationen verantwortlich ist.<\/li><\/ul><h2>AUSSCHLUSS VON GEW\u00c4HRLEISTUNG UND HAFTUNG<\/h2><p>PRISMICA, S.L. gew\u00e4hrt keine Garantie und \u00fcbernimmt keine Verantwortung und Haftung f\u00fcr Sch\u00e4den jeglicher Art, die verursacht werden k\u00f6nnen durch:<\/p><ul><li>Mangelnde Verf\u00fcgbarkeit, Wartung und effektives Funktionieren der Website oder ihrer Dienste und Inhalte;<\/li><li>Das Vorhandensein von Viren, b\u00f6sartigen oder sch\u00e4dlichen Programmen der Inhalte;<\/li><li>Die rechtswidrige, fahrl\u00e4ssige, betr\u00fcgerische Nutzung oder im Widerspruch zu diesem rechtlichen Hinweis;<\/li><li>Der Mangel an Rechtm\u00e4\u00dfigkeit, Qualit\u00e4t, Zuverl\u00e4ssigkeit, N\u00fctzlichkeit und Verf\u00fcgbarkeit der Dienste, die von Dritten bereitgestellt und den Benutzern auf der Website zur Verf\u00fcgung gestellt werden.<\/li><li>Der Anbieter haftet unter keinen Umst\u00e4nden f\u00fcr Sch\u00e4den, die durch die illegale oder missbr\u00e4uchliche Nutzung dieser Website entstehen.<\/li><\/ul><h2>ANWENDBARES RECHT UND GERICHTSSTAND<\/h2><p style=\"text-align: justify;\">Die algemeinen Beziehungen zwischen PRISMICA, S.L. mit den Benutzern unserer Telematikdienste, die auf dieser Website verf\u00fcgbar sind, unterliegen der spanischen Gesetzgebung und Rechtsprechung sowie den Gerichten des Wohnsitzes des Benutzers.<\/p><h2 style=\"text-align: justify;\">Kontakt<\/h2><p style=\"text-align: justify;\">Falls ein Nutzer dieser Website Fragen zu diesen rechtlichen Bedingungen oder Kommentare zur Website www.lednix.com hat, wenden Sie sich bitte an rgpd@prismica.com<\/p>\t\t\t\t\t\t<\/div>\n\t\t\t\t<\/div>\n\t\t\t\t\t<\/div>\n\t\t<\/div>\n\t\t\t\t\t\t\t<\/div>\n\t\t<\/section>\n\t\t\t\t\t\t\t<\/div>\n\t\t","protected":false},"excerpt":{"rendered":"<p>Verantwortlich f\u00fcr den Inhalt &#8211; Name des Verantwortlichen : PRISMICA, S.L.&#8211; Steuernummer : B98845944&#8211; Gesch\u00e4ftliche Adresse : C\/ Llevant, 2 &#8211; 46715 &#8211; VALENCIA (ESPA\u00d1A)&#8211; Email : rgpd@prismica.com In diesem Abschnitt findet der Benutzer alle &#8230; <\/p>\n<p class=\"read-more-container\"><a title=\"RECHTLICHER HINWEIS\" class=\"read-more button\" href=\"https:\/\/www.lednix.com\/de\/rechtlicher-hinweis\/#more-12533\" aria-label=\"Mehr zu RECHTLICHER HINWEIS\">Read More<\/a><\/p>\n","protected":false},"author":24,"featured_media":0,"parent":0,"menu_order":0,"comment_status":"closed","ping_status":"closed","template":"","meta":{"inline_featured_image":false,"footnotes":""},"class_list":{"0":"post-12533","1":"page","2":"type-page","3":"status-publish","5":"no-featured-image-padding"},"_links":{"self":[{"href":"https:\/\/www.lednix.com\/de\/wp-json\/wp\/v2\/pages\/12533"}],"collection":[{"href":"https:\/\/www.lednix.com\/de\/wp-json\/wp\/v2\/pages"}],"about":[{"href":"https:\/\/www.lednix.com\/de\/wp-json\/wp\/v2\/types\/page"}],"author":[{"embeddable":true,"href":"https:\/\/www.lednix.com\/de\/wp-json\/wp\/v2\/users\/24"}],"replies":[{"embeddable":true,"href":"https:\/\/www.lednix.com\/de\/wp-json\/wp\/v2\/comments?post=12533"}],"version-history":[{"count":7,"href":"https:\/\/www.lednix.com\/de\/wp-json\/wp\/v2\/pages\/12533\/revisions"}],"predecessor-version":[{"id":12549,"href":"https:\/\/www.lednix.com\/de\/wp-json\/wp\/v2\/pages\/12533\/revisions\/12549"}],"wp:attachment":[{"href":"https:\/\/www.lednix.com\/de\/wp-json\/wp\/v2\/media?parent=12533"}],"curies":[{"name":"wp","href":"https:\/\/api.w.org\/{rel}","templated":true}]}}