{"id":12505,"date":"2017-11-23T20:21:19","date_gmt":"2017-11-23T19:21:19","guid":{"rendered":"https:\/\/www.lednix.com\/loesungen\/"},"modified":"2022-09-08T15:25:31","modified_gmt":"2022-09-08T13:25:31","slug":"loesungen","status":"publish","type":"page","link":"https:\/\/www.lednix.com\/de\/loesungen\/","title":{"rendered":"LICHTL\u00d6SUNGEN"},"content":{"rendered":"\t\t<div data-elementor-type=\"wp-post\" data-elementor-id=\"12505\" class=\"elementor elementor-12505 elementor-12\">\n\t\t\t\t\t\t\t\t\t<section class=\"elementor-section elementor-top-section elementor-element elementor-element-382d028 elementor-section-boxed elementor-section-height-default elementor-section-height-default\" data-id=\"382d028\" data-element_type=\"section\" id=\"introduction\" data-settings=\"{&quot;background_background&quot;:&quot;classic&quot;}\">\n\t\t\t\t\t\t<div class=\"elementor-container elementor-column-gap-default\">\n\t\t\t\t\t<div class=\"elementor-column elementor-col-100 elementor-top-column elementor-element elementor-element-6d369779\" data-id=\"6d369779\" data-element_type=\"column\">\n\t\t\t<div class=\"elementor-widget-wrap elementor-element-populated\">\n\t\t\t\t\t\t\t\t<div class=\"elementor-element elementor-element-23e094e elementor-widget elementor-widget-heading\" data-id=\"23e094e\" data-element_type=\"widget\" data-widget_type=\"heading.default\">\n\t\t\t\t<div class=\"elementor-widget-container\">\n\t\t\t<h3 class=\"elementor-heading-title elementor-size-small\">L\u00d6SUNGEN<\/h3>\t\t<\/div>\n\t\t\t\t<\/div>\n\t\t\t\t<div class=\"elementor-element elementor-element-5c9990ea elementor-widget elementor-widget-heading\" data-id=\"5c9990ea\" data-element_type=\"widget\" data-widget_type=\"heading.default\">\n\t\t\t\t<div class=\"elementor-widget-container\">\n\t\t\t<h2 class=\"elementor-heading-title elementor-size-default\">UNTERSCHIEDLICHE PROJEKTE, GLEICHE ANFORDERUNG<\/h2>\t\t<\/div>\n\t\t\t\t<\/div>\n\t\t\t\t<div class=\"elementor-element elementor-element-46e509dc elementor-widget-divider--view-line elementor-widget elementor-widget-divider\" data-id=\"46e509dc\" data-element_type=\"widget\" data-widget_type=\"divider.default\">\n\t\t\t\t<div class=\"elementor-widget-container\">\n\t\t\t\t\t<div class=\"elementor-divider\">\n\t\t\t<span class=\"elementor-divider-separator\">\n\t\t\t\t\t\t<\/span>\n\t\t<\/div>\n\t\t\t\t<\/div>\n\t\t\t\t<\/div>\n\t\t\t\t<section class=\"elementor-section elementor-inner-section elementor-element elementor-element-5e72ee3 elementor-section-boxed elementor-section-height-default elementor-section-height-default\" data-id=\"5e72ee3\" data-element_type=\"section\">\n\t\t\t\t\t\t<div class=\"elementor-container elementor-column-gap-default\">\n\t\t\t\t\t<div class=\"elementor-column elementor-col-100 elementor-inner-column elementor-element elementor-element-d503e72\" data-id=\"d503e72\" data-element_type=\"column\">\n\t\t\t<div class=\"elementor-widget-wrap elementor-element-populated\">\n\t\t\t\t\t\t\t\t<div class=\"elementor-element elementor-element-bbd9524 elementor-widget elementor-widget-text-editor\" data-id=\"bbd9524\" data-element_type=\"widget\" data-widget_type=\"text-editor.default\">\n\t\t\t\t<div class=\"elementor-widget-container\">\n\t\t\t\t\t\t\t<div class=\"elementor-widget-container\"><div class=\"elementor-text-editor elementor-clearfix elementor-inline-editing\" data-elementor-setting-key=\"editor\" data-elementor-inline-editing-toolbar=\"advanced\"><p>Lednix bietet Beleuchtungsl\u00f6sungen auf allen Ebenen, von Projekten f\u00fcr B\u00fcros oder Industriegeb\u00e4ude bis hin zu gro\u00dfen Sportst\u00e4tten.<\/p><p>Unsere Experten sind bereit, Sie in allen Phasen Ihres Projekts mit pers\u00f6nlicher zu beraten, um die spezifischen Bed\u00fcrfnisse Ihres Unternehmens ber\u00fccksichtigt.<\/p><\/div><\/div>\t\t\t\t\t\t<\/div>\n\t\t\t\t<\/div>\n\t\t\t\t\t<\/div>\n\t\t<\/div>\n\t\t\t\t\t\t\t<\/div>\n\t\t<\/section>\n\t\t\t\t\t<\/div>\n\t\t<\/div>\n\t\t\t\t\t\t\t<\/div>\n\t\t<\/section>\n\t\t\t\t<section class=\"elementor-section elementor-top-section elementor-element elementor-element-b06cfcc elementor-section-full_width elementor-section-height-default elementor-section-height-default\" data-id=\"b06cfcc\" data-element_type=\"section\">\n\t\t\t\t\t\t<div class=\"elementor-container elementor-column-gap-default\">\n\t\t\t\t\t<div class=\"elementor-column elementor-col-50 elementor-top-column elementor-element elementor-element-70c813b\" data-id=\"70c813b\" data-element_type=\"column\" data-settings=\"{&quot;background_background&quot;:&quot;classic&quot;}\">\n\t\t\t<div class=\"elementor-widget-wrap elementor-element-populated\">\n\t\t\t\t\t\t\t\t<section class=\"elementor-section elementor-inner-section elementor-element elementor-element-5bd9e3a elementor-section-boxed elementor-section-height-default elementor-section-height-default\" data-id=\"5bd9e3a\" data-element_type=\"section\">\n\t\t\t\t\t\t<div class=\"elementor-container elementor-column-gap-default\">\n\t\t\t\t\t<div class=\"elementor-column elementor-col-100 elementor-inner-column elementor-element elementor-element-d871cb1\" data-id=\"d871cb1\" data-element_type=\"column\">\n\t\t\t<div class=\"elementor-widget-wrap elementor-element-populated\">\n\t\t\t\t\t\t\t\t<div class=\"elementor-element elementor-element-8667394 elementor-widget elementor-widget-image\" data-id=\"8667394\" data-element_type=\"widget\" data-widget_type=\"image.default\">\n\t\t\t\t<div class=\"elementor-widget-container\">\n\t\t\t\t\t\t\t\t\t\t\t\t\t\t\t<img fetchpriority=\"high\" decoding=\"async\" width=\"1024\" height=\"576\" src=\"https:\/\/www.lednix.com\/wp-content\/uploads\/Sport-1024x576.jpg\" class=\"attachment-large size-large wp-image-12200\" alt=\"\" srcset=\"https:\/\/www.lednix.com\/wp-content\/uploads\/Sport-1024x576.jpg 1024w, https:\/\/www.lednix.com\/wp-content\/uploads\/Sport-600x338.jpg 600w, https:\/\/www.lednix.com\/wp-content\/uploads\/Sport-300x169.jpg 300w, https:\/\/www.lednix.com\/wp-content\/uploads\/Sport-768x432.jpg 768w, https:\/\/www.lednix.com\/wp-content\/uploads\/Sport.jpg 1070w\" sizes=\"(max-width: 1024px) 100vw, 1024px\" \/>\t\t\t\t\t\t\t\t\t\t\t\t\t\t\t<\/div>\n\t\t\t\t<\/div>\n\t\t\t\t\t<\/div>\n\t\t<\/div>\n\t\t\t\t\t\t\t<\/div>\n\t\t<\/section>\n\t\t\t\t\t<\/div>\n\t\t<\/div>\n\t\t\t\t<div class=\"elementor-column elementor-col-50 elementor-top-column elementor-element elementor-element-320968d\" data-id=\"320968d\" data-element_type=\"column\" data-settings=\"{&quot;background_background&quot;:&quot;classic&quot;}\">\n\t\t\t<div class=\"elementor-widget-wrap elementor-element-populated\">\n\t\t\t\t\t\t\t\t<div class=\"elementor-element elementor-element-115258e elementor-widget elementor-widget-heading\" data-id=\"115258e\" data-element_type=\"widget\" data-widget_type=\"heading.default\">\n\t\t\t\t<div class=\"elementor-widget-container\">\n\t\t\t<h2 class=\"elementor-heading-title elementor-size-default\">Flutlichtbeleuchtung f\u00fcr Sportanlagen<\/h2>\t\t<\/div>\n\t\t\t\t<\/div>\n\t\t\t\t<div class=\"elementor-element elementor-element-56e019b elementor-widget-divider--view-line elementor-widget elementor-widget-divider\" data-id=\"56e019b\" data-element_type=\"widget\" data-widget_type=\"divider.default\">\n\t\t\t\t<div class=\"elementor-widget-container\">\n\t\t\t\t\t<div class=\"elementor-divider\">\n\t\t\t<span class=\"elementor-divider-separator\">\n\t\t\t\t\t\t<\/span>\n\t\t<\/div>\n\t\t\t\t<\/div>\n\t\t\t\t<\/div>\n\t\t\t\t<div class=\"elementor-element elementor-element-c8af3fa elementor-widget elementor-widget-text-editor\" data-id=\"c8af3fa\" data-element_type=\"widget\" data-widget_type=\"text-editor.default\">\n\t\t\t\t<div class=\"elementor-widget-container\">\n\t\t\t\t\t\t\t<p>Eine hochwertige Beleuchtungsnanlage ist unerl\u00e4sslich, um eine perfekte Sicht bei Trainings- und Sportwettk\u00e4mpfen bei Dunkelheit zu erreichen.<\/p><p>Bei Lednix sind wir auf Beleuchtungsprojekte f\u00fcr Vereine und Sportverb\u00e4nde spezialisiert. Wir f\u00fchren eine gr\u00fcndliche Untersuchung der Eigenschaften der Installation durch und bieten die L\u00f6sungen an, die Sie ben\u00f6tigen, um den Athleten den maximalen Komfort und die maximale Leistung zu garantieren.<\/p>\t\t\t\t\t\t<\/div>\n\t\t\t\t<\/div>\n\t\t\t\t\t<\/div>\n\t\t<\/div>\n\t\t\t\t\t\t\t<\/div>\n\t\t<\/section>\n\t\t\t\t<section class=\"elementor-section elementor-top-section elementor-element elementor-element-360d5381 elementor-section-full_width elementor-section-height-default elementor-section-height-default\" data-id=\"360d5381\" data-element_type=\"section\">\n\t\t\t\t\t\t<div class=\"elementor-container elementor-column-gap-default\">\n\t\t\t\t\t<div class=\"elementor-column elementor-col-50 elementor-top-column elementor-element elementor-element-79330dd4\" data-id=\"79330dd4\" data-element_type=\"column\" data-settings=\"{&quot;background_background&quot;:&quot;classic&quot;}\">\n\t\t\t<div class=\"elementor-widget-wrap elementor-element-populated\">\n\t\t\t\t\t\t\t\t<section class=\"elementor-section elementor-inner-section elementor-element elementor-element-61239894 elementor-section-boxed elementor-section-height-default elementor-section-height-default\" data-id=\"61239894\" data-element_type=\"section\">\n\t\t\t\t\t\t<div class=\"elementor-container elementor-column-gap-default\">\n\t\t\t\t\t<div class=\"elementor-column elementor-col-100 elementor-inner-column elementor-element elementor-element-16966cb7\" data-id=\"16966cb7\" data-element_type=\"column\">\n\t\t\t<div class=\"elementor-widget-wrap elementor-element-populated\">\n\t\t\t\t\t\t\t\t<div class=\"elementor-element elementor-element-d0e88a9 elementor-widget elementor-widget-image\" data-id=\"d0e88a9\" data-element_type=\"widget\" data-widget_type=\"image.default\">\n\t\t\t\t<div class=\"elementor-widget-container\">\n\t\t\t\t\t\t\t\t\t\t\t\t\t\t\t<img decoding=\"async\" width=\"1024\" height=\"576\" src=\"https:\/\/www.lednix.com\/wp-content\/uploads\/Office-1024x576.jpg\" class=\"attachment-large size-large wp-image-12202\" alt=\"\" srcset=\"https:\/\/www.lednix.com\/wp-content\/uploads\/Office-1024x576.jpg 1024w, https:\/\/www.lednix.com\/wp-content\/uploads\/Office-600x338.jpg 600w, https:\/\/www.lednix.com\/wp-content\/uploads\/Office-300x169.jpg 300w, https:\/\/www.lednix.com\/wp-content\/uploads\/Office-768x432.jpg 768w, https:\/\/www.lednix.com\/wp-content\/uploads\/Office.jpg 1070w\" sizes=\"(max-width: 1024px) 100vw, 1024px\" \/>\t\t\t\t\t\t\t\t\t\t\t\t\t\t\t<\/div>\n\t\t\t\t<\/div>\n\t\t\t\t\t<\/div>\n\t\t<\/div>\n\t\t\t\t\t\t\t<\/div>\n\t\t<\/section>\n\t\t\t\t\t<\/div>\n\t\t<\/div>\n\t\t\t\t<div class=\"elementor-column elementor-col-50 elementor-top-column elementor-element elementor-element-7d7fef34\" data-id=\"7d7fef34\" data-element_type=\"column\" data-settings=\"{&quot;background_background&quot;:&quot;classic&quot;}\">\n\t\t\t<div class=\"elementor-widget-wrap elementor-element-populated\">\n\t\t\t\t\t\t\t\t<div class=\"elementor-element elementor-element-32516e59 elementor-widget elementor-widget-heading\" data-id=\"32516e59\" data-element_type=\"widget\" data-widget_type=\"heading.default\">\n\t\t\t\t<div class=\"elementor-widget-container\">\n\t\t\t<h2 class=\"elementor-heading-title elementor-size-default\">B\u00dcROBELEUCHTUNG<\/h2>\t\t<\/div>\n\t\t\t\t<\/div>\n\t\t\t\t<div class=\"elementor-element elementor-element-1c4a9275 elementor-widget-divider--view-line elementor-widget elementor-widget-divider\" data-id=\"1c4a9275\" data-element_type=\"widget\" data-widget_type=\"divider.default\">\n\t\t\t\t<div class=\"elementor-widget-container\">\n\t\t\t\t\t<div class=\"elementor-divider\">\n\t\t\t<span class=\"elementor-divider-separator\">\n\t\t\t\t\t\t<\/span>\n\t\t<\/div>\n\t\t\t\t<\/div>\n\t\t\t\t<\/div>\n\t\t\t\t<div class=\"elementor-element elementor-element-50c98202 elementor-widget elementor-widget-text-editor\" data-id=\"50c98202\" data-element_type=\"widget\" data-widget_type=\"text-editor.default\">\n\t\t\t\t<div class=\"elementor-widget-container\">\n\t\t\t\t\t\t\t<p>Unsere Beleuchtungsprojekte in B\u00fcro- und Arbeitsbereichen haben als grundlegende Anforderung die Mitarbeiter ihres Unternehmens vor visuellen Gesundheitssch\u00e4den zu sch\u00fctzen.<br><br>Die Leuchten mit Blendfaktor UGR &lt; 17 steigern das Wohlbefinden der Arbeiter. Das ausschlie\u00dfen von Flimmern beugt auch Problemen bei Menschen vor, die l\u00e4ngere Zeit k\u00fcnstlichem Licht ausgesetzt sind.<br><\/p>\t\t\t\t\t\t<\/div>\n\t\t\t\t<\/div>\n\t\t\t\t\t<\/div>\n\t\t<\/div>\n\t\t\t\t\t\t\t<\/div>\n\t\t<\/section>\n\t\t\t\t<section class=\"elementor-section elementor-top-section elementor-element elementor-element-377b38e elementor-section-full_width elementor-section-height-default elementor-section-height-default\" data-id=\"377b38e\" data-element_type=\"section\">\n\t\t\t\t\t\t<div class=\"elementor-container elementor-column-gap-default\">\n\t\t\t\t\t<div class=\"elementor-column elementor-col-50 elementor-top-column elementor-element elementor-element-ca62d2a\" data-id=\"ca62d2a\" data-element_type=\"column\" data-settings=\"{&quot;background_background&quot;:&quot;classic&quot;}\">\n\t\t\t<div class=\"elementor-widget-wrap elementor-element-populated\">\n\t\t\t\t\t\t\t\t<section class=\"elementor-section elementor-inner-section elementor-element elementor-element-67fece1 elementor-section-boxed elementor-section-height-default elementor-section-height-default\" data-id=\"67fece1\" data-element_type=\"section\">\n\t\t\t\t\t\t<div class=\"elementor-container elementor-column-gap-default\">\n\t\t\t\t\t<div class=\"elementor-column elementor-col-100 elementor-inner-column elementor-element elementor-element-4d83708\" data-id=\"4d83708\" data-element_type=\"column\">\n\t\t\t<div class=\"elementor-widget-wrap elementor-element-populated\">\n\t\t\t\t\t\t\t\t<div class=\"elementor-element elementor-element-fd39953 elementor-widget elementor-widget-image\" data-id=\"fd39953\" data-element_type=\"widget\" data-widget_type=\"image.default\">\n\t\t\t\t<div class=\"elementor-widget-container\">\n\t\t\t\t\t\t\t\t\t\t\t\t\t\t\t<img decoding=\"async\" width=\"1024\" height=\"576\" src=\"https:\/\/www.lednix.com\/wp-content\/uploads\/Retail-1024x576.jpg\" class=\"attachment-large size-large wp-image-12206\" alt=\"\" srcset=\"https:\/\/www.lednix.com\/wp-content\/uploads\/Retail-1024x576.jpg 1024w, https:\/\/www.lednix.com\/wp-content\/uploads\/Retail-600x338.jpg 600w, https:\/\/www.lednix.com\/wp-content\/uploads\/Retail-300x169.jpg 300w, https:\/\/www.lednix.com\/wp-content\/uploads\/Retail-768x432.jpg 768w, https:\/\/www.lednix.com\/wp-content\/uploads\/Retail.jpg 1070w\" sizes=\"(max-width: 1024px) 100vw, 1024px\" \/>\t\t\t\t\t\t\t\t\t\t\t\t\t\t\t<\/div>\n\t\t\t\t<\/div>\n\t\t\t\t\t<\/div>\n\t\t<\/div>\n\t\t\t\t\t\t\t<\/div>\n\t\t<\/section>\n\t\t\t\t\t<\/div>\n\t\t<\/div>\n\t\t\t\t<div class=\"elementor-column elementor-col-50 elementor-top-column elementor-element elementor-element-c3ad9af\" data-id=\"c3ad9af\" data-element_type=\"column\" data-settings=\"{&quot;background_background&quot;:&quot;classic&quot;}\">\n\t\t\t<div class=\"elementor-widget-wrap elementor-element-populated\">\n\t\t\t\t\t\t\t\t<div class=\"elementor-element elementor-element-f7f80d8 elementor-widget elementor-widget-heading\" data-id=\"f7f80d8\" data-element_type=\"widget\" data-widget_type=\"heading.default\">\n\t\t\t\t<div class=\"elementor-widget-container\">\n\t\t\t<h2 class=\"elementor-heading-title elementor-size-default\">BELEUCHTUNG IM EINZELHANDEL<\/h2>\t\t<\/div>\n\t\t\t\t<\/div>\n\t\t\t\t<div class=\"elementor-element elementor-element-6afc63b elementor-widget-divider--view-line elementor-widget elementor-widget-divider\" data-id=\"6afc63b\" data-element_type=\"widget\" data-widget_type=\"divider.default\">\n\t\t\t\t<div class=\"elementor-widget-container\">\n\t\t\t\t\t<div class=\"elementor-divider\">\n\t\t\t<span class=\"elementor-divider-separator\">\n\t\t\t\t\t\t<\/span>\n\t\t<\/div>\n\t\t\t\t<\/div>\n\t\t\t\t<\/div>\n\t\t\t\t<div class=\"elementor-element elementor-element-e247936 elementor-widget elementor-widget-text-editor\" data-id=\"e247936\" data-element_type=\"widget\" data-widget_type=\"text-editor.default\">\n\t\t\t\t<div class=\"elementor-widget-container\">\n\t\t\t\t\t\t\t<p>Bei Beleuchtungsprojekten von Gesch\u00e4ftsr\u00e4umen ist die Qualit\u00e4t des Lichts entscheidend, um das Produkt hervorzuheben und die Aufmerksamkeit Ihrer Kunden auf sich zu ziehen.<\/p><p>Bei Lednix arbeiten wir mit Leuchten mit einem hohen CRI-Index, die Farbverf\u00e4lschungen vermeiden und deren Lichtstrahl so eingestellt werden kann, dass er den Blick des Kunden lenkt. Sie eignen sich auch hervorragend f\u00fcr die Dekoration und Gestaltung spektakul\u00e4rer R\u00e4ume und Schaufenster.<\/p>\t\t\t\t\t\t<\/div>\n\t\t\t\t<\/div>\n\t\t\t\t\t<\/div>\n\t\t<\/div>\n\t\t\t\t\t\t\t<\/div>\n\t\t<\/section>\n\t\t\t\t<section class=\"elementor-section elementor-top-section elementor-element elementor-element-0ef0b90 elementor-section-full_width elementor-section-height-default elementor-section-height-default\" data-id=\"0ef0b90\" data-element_type=\"section\">\n\t\t\t\t\t\t<div class=\"elementor-container elementor-column-gap-default\">\n\t\t\t\t\t<div class=\"elementor-column elementor-col-50 elementor-top-column elementor-element elementor-element-9cf71fd\" data-id=\"9cf71fd\" data-element_type=\"column\" data-settings=\"{&quot;background_background&quot;:&quot;classic&quot;}\">\n\t\t\t<div class=\"elementor-widget-wrap elementor-element-populated\">\n\t\t\t\t\t\t\t\t<section class=\"elementor-section elementor-inner-section elementor-element elementor-element-133f757 elementor-section-boxed elementor-section-height-default elementor-section-height-default\" data-id=\"133f757\" data-element_type=\"section\">\n\t\t\t\t\t\t<div class=\"elementor-container elementor-column-gap-default\">\n\t\t\t\t\t<div class=\"elementor-column elementor-col-100 elementor-inner-column elementor-element elementor-element-4c0a1d3\" data-id=\"4c0a1d3\" data-element_type=\"column\">\n\t\t\t<div class=\"elementor-widget-wrap elementor-element-populated\">\n\t\t\t\t\t\t\t\t<div class=\"elementor-element elementor-element-03e380f elementor-widget elementor-widget-image\" data-id=\"03e380f\" data-element_type=\"widget\" data-widget_type=\"image.default\">\n\t\t\t\t<div class=\"elementor-widget-container\">\n\t\t\t\t\t\t\t\t\t\t\t\t\t\t\t<img loading=\"lazy\" decoding=\"async\" width=\"1024\" height=\"576\" src=\"https:\/\/www.lednix.com\/wp-content\/uploads\/Street-1024x576.jpg\" class=\"attachment-large size-large wp-image-12204\" alt=\"\" srcset=\"https:\/\/www.lednix.com\/wp-content\/uploads\/Street-1024x576.jpg 1024w, https:\/\/www.lednix.com\/wp-content\/uploads\/Street-600x338.jpg 600w, https:\/\/www.lednix.com\/wp-content\/uploads\/Street-300x169.jpg 300w, https:\/\/www.lednix.com\/wp-content\/uploads\/Street-768x432.jpg 768w, https:\/\/www.lednix.com\/wp-content\/uploads\/Street.jpg 1070w\" sizes=\"(max-width: 1024px) 100vw, 1024px\" \/>\t\t\t\t\t\t\t\t\t\t\t\t\t\t\t<\/div>\n\t\t\t\t<\/div>\n\t\t\t\t\t<\/div>\n\t\t<\/div>\n\t\t\t\t\t\t\t<\/div>\n\t\t<\/section>\n\t\t\t\t\t<\/div>\n\t\t<\/div>\n\t\t\t\t<div class=\"elementor-column elementor-col-50 elementor-top-column elementor-element elementor-element-8ea6d77\" data-id=\"8ea6d77\" data-element_type=\"column\" data-settings=\"{&quot;background_background&quot;:&quot;classic&quot;}\">\n\t\t\t<div class=\"elementor-widget-wrap elementor-element-populated\">\n\t\t\t\t\t\t\t\t<div class=\"elementor-element elementor-element-05a4e23 elementor-widget elementor-widget-heading\" data-id=\"05a4e23\" data-element_type=\"widget\" data-widget_type=\"heading.default\">\n\t\t\t\t<div class=\"elementor-widget-container\">\n\t\t\t<h2 class=\"elementor-heading-title elementor-size-default\">BELEUCHTUNG IM \u00d6FFENTLICHEM RAUM<\/h2>\t\t<\/div>\n\t\t\t\t<\/div>\n\t\t\t\t<div class=\"elementor-element elementor-element-b7ae4c8 elementor-widget-divider--view-line elementor-widget elementor-widget-divider\" data-id=\"b7ae4c8\" data-element_type=\"widget\" data-widget_type=\"divider.default\">\n\t\t\t\t<div class=\"elementor-widget-container\">\n\t\t\t\t\t<div class=\"elementor-divider\">\n\t\t\t<span class=\"elementor-divider-separator\">\n\t\t\t\t\t\t<\/span>\n\t\t<\/div>\n\t\t\t\t<\/div>\n\t\t\t\t<\/div>\n\t\t\t\t<div class=\"elementor-element elementor-element-474fb33 elementor-widget elementor-widget-text-editor\" data-id=\"474fb33\" data-element_type=\"widget\" data-widget_type=\"text-editor.default\">\n\t\t\t\t<div class=\"elementor-widget-container\">\n\t\t\t\t\t\t\t<p>Lednix entwickelt Beleuchtungsprojekte f\u00fcr alle Arten von Au\u00dfenbereichen, von Durchgangsstra\u00dfen bis hin zu \u00f6ffentlichen Bereichen wie Parkpl\u00e4tzen, Parks oder Pl\u00e4tzen.<\/p><p>Wir haben eine gro\u00dfe Auswahl an LED-Strahlern mit der neuesten Technologien. Leistungsstarken Lichtquellen, die in der Lage sind, die abgegebene Elektrizit\u00e4t voll auszunutzen und den Verbrauch und die Temperatur im Vergleich zu herk\u00f6mmlichen Gl\u00fchbirnen um bis zu 90 zu reduzieren.<\/p>\t\t\t\t\t\t<\/div>\n\t\t\t\t<\/div>\n\t\t\t\t\t<\/div>\n\t\t<\/div>\n\t\t\t\t\t\t\t<\/div>\n\t\t<\/section>\n\t\t\t\t<section class=\"elementor-section elementor-top-section elementor-element elementor-element-b4b8f35 elementor-section-full_width elementor-section-height-default elementor-section-height-default\" data-id=\"b4b8f35\" data-element_type=\"section\">\n\t\t\t\t\t\t<div class=\"elementor-container elementor-column-gap-default\">\n\t\t\t\t\t<div class=\"elementor-column elementor-col-50 elementor-top-column elementor-element elementor-element-68b50a8\" data-id=\"68b50a8\" data-element_type=\"column\" data-settings=\"{&quot;background_background&quot;:&quot;classic&quot;}\">\n\t\t\t<div class=\"elementor-widget-wrap elementor-element-populated\">\n\t\t\t\t\t\t\t\t<section class=\"elementor-section elementor-inner-section elementor-element elementor-element-0a8ee83 elementor-section-boxed elementor-section-height-default elementor-section-height-default\" data-id=\"0a8ee83\" data-element_type=\"section\">\n\t\t\t\t\t\t<div class=\"elementor-container elementor-column-gap-default\">\n\t\t\t\t\t<div class=\"elementor-column elementor-col-100 elementor-inner-column elementor-element elementor-element-6bf6b99\" data-id=\"6bf6b99\" data-element_type=\"column\">\n\t\t\t<div class=\"elementor-widget-wrap elementor-element-populated\">\n\t\t\t\t\t\t\t\t<div class=\"elementor-element elementor-element-832cede elementor-widget elementor-widget-image\" data-id=\"832cede\" data-element_type=\"widget\" data-widget_type=\"image.default\">\n\t\t\t\t<div class=\"elementor-widget-container\">\n\t\t\t\t\t\t\t\t\t\t\t\t\t\t\t<img decoding=\"async\" src=\"http:\/\/www.lednix.com\/wp-content\/uploads\/Section_1_BG.jpg\" title=\"\" alt=\"\" loading=\"lazy\" \/>\t\t\t\t\t\t\t\t\t\t\t\t\t\t\t<\/div>\n\t\t\t\t<\/div>\n\t\t\t\t\t<\/div>\n\t\t<\/div>\n\t\t\t\t\t\t\t<\/div>\n\t\t<\/section>\n\t\t\t\t\t<\/div>\n\t\t<\/div>\n\t\t\t\t<div class=\"elementor-column elementor-col-50 elementor-top-column elementor-element elementor-element-287e9f1\" data-id=\"287e9f1\" data-element_type=\"column\" data-settings=\"{&quot;background_background&quot;:&quot;classic&quot;}\">\n\t\t\t<div class=\"elementor-widget-wrap elementor-element-populated\">\n\t\t\t\t\t\t\t\t<div class=\"elementor-element elementor-element-256847c elementor-widget elementor-widget-heading\" data-id=\"256847c\" data-element_type=\"widget\" data-widget_type=\"heading.default\">\n\t\t\t\t<div class=\"elementor-widget-container\">\n\t\t\t<h2 class=\"elementor-heading-title elementor-size-default\">INDUSTRIEBELEUCHTUNG<\/h2>\t\t<\/div>\n\t\t\t\t<\/div>\n\t\t\t\t<div class=\"elementor-element elementor-element-9eeec42 elementor-widget-divider--view-line elementor-widget elementor-widget-divider\" data-id=\"9eeec42\" data-element_type=\"widget\" data-widget_type=\"divider.default\">\n\t\t\t\t<div class=\"elementor-widget-container\">\n\t\t\t\t\t<div class=\"elementor-divider\">\n\t\t\t<span class=\"elementor-divider-separator\">\n\t\t\t\t\t\t<\/span>\n\t\t<\/div>\n\t\t\t\t<\/div>\n\t\t\t\t<\/div>\n\t\t\t\t<div class=\"elementor-element elementor-element-6a767b8 elementor-widget elementor-widget-text-editor\" data-id=\"6a767b8\" data-element_type=\"widget\" data-widget_type=\"text-editor.default\">\n\t\t\t\t<div class=\"elementor-widget-container\">\n\t\t\t\t\t\t\t<p>Ein Industriebeleuchtungsprojekt ist immer etwas Anspruchsvoll. Es muss eine komfortable und hochwertige Beleuchtung sein, die die Sichtbarkeit in den Produktionsanlagen und Lagern beg\u00fcnstigt. Es muss auch leistungsstark und widerstandsf\u00e4hig sein, um den Anforderungen der Industrie standzuhalten<\/p><p>Lednix stellt Ihnen spezielle LED-Leuchten f\u00fcr industrielle Umgebungen zur Verf\u00fcgung, die mit den neuesten technologischen Fortschritten ausgestattet sind. Sie sind Produkte von exklusivem Design und aus hochbest\u00e4ndigen Materialien gefertigt.<\/p>\t\t\t\t\t\t<\/div>\n\t\t\t\t<\/div>\n\t\t\t\t\t<\/div>\n\t\t<\/div>\n\t\t\t\t\t\t\t<\/div>\n\t\t<\/section>\n\t\t\t\t\t\t\t<\/div>\n\t\t","protected":false},"excerpt":{"rendered":"<p>L\u00d6SUNGEN UNTERSCHIEDLICHE PROJEKTE, GLEICHE ANFORDERUNG Lednix bietet Beleuchtungsl\u00f6sungen auf allen Ebenen, von Projekten f\u00fcr B\u00fcros oder Industriegeb\u00e4ude bis hin zu gro\u00dfen Sportst\u00e4tten. Unsere Experten sind bereit, Sie in allen Phasen Ihres Projekts mit pers\u00f6nlicher zu &#8230; <\/p>\n<p class=\"read-more-container\"><a title=\"LICHTL\u00d6SUNGEN\" class=\"read-more button\" href=\"https:\/\/www.lednix.com\/de\/loesungen\/#more-12505\" aria-label=\"Mehr zu LICHTL\u00d6SUNGEN\">Read More<\/a><\/p>\n","protected":false},"author":15,"featured_media":0,"parent":0,"menu_order":0,"comment_status":"closed","ping_status":"closed","template":"","meta":{"inline_featured_image":false,"footnotes":""},"class_list":{"0":"post-12505","1":"page","2":"type-page","3":"status-publish","5":"no-featured-image-padding"},"_links":{"self":[{"href":"https:\/\/www.lednix.com\/de\/wp-json\/wp\/v2\/pages\/12505"}],"collection":[{"href":"https:\/\/www.lednix.com\/de\/wp-json\/wp\/v2\/pages"}],"about":[{"href":"https:\/\/www.lednix.com\/de\/wp-json\/wp\/v2\/types\/page"}],"author":[{"embeddable":true,"href":"https:\/\/www.lednix.com\/de\/wp-json\/wp\/v2\/users\/15"}],"replies":[{"embeddable":true,"href":"https:\/\/www.lednix.com\/de\/wp-json\/wp\/v2\/comments?post=12505"}],"version-history":[{"count":4,"href":"https:\/\/www.lednix.com\/de\/wp-json\/wp\/v2\/pages\/12505\/revisions"}],"predecessor-version":[{"id":12532,"href":"https:\/\/www.lednix.com\/de\/wp-json\/wp\/v2\/pages\/12505\/revisions\/12532"}],"wp:attachment":[{"href":"https:\/\/www.lednix.com\/de\/wp-json\/wp\/v2\/media?parent=12505"}],"curies":[{"name":"wp","href":"https:\/\/api.w.org\/{rel}","templated":true}]}}