{"id":11641,"date":"2017-11-23T20:21:19","date_gmt":"2017-11-23T19:21:19","guid":{"rendered":"https:\/\/www.lednix.com\/solutions\/"},"modified":"2024-08-20T07:51:41","modified_gmt":"2024-08-20T05:51:41","slug":"solutions","status":"publish","type":"page","link":"https:\/\/www.lednix.com\/ch\/solutions\/","title":{"rendered":"Solutions d\u2019\u00e9clairage"},"content":{"rendered":"\t\t<div data-elementor-type=\"wp-post\" data-elementor-id=\"11641\" class=\"elementor elementor-11641 elementor-12\">\n\t\t\t\t\t\t\t\t\t<section class=\"elementor-section elementor-top-section elementor-element elementor-element-382d028 elementor-section-boxed elementor-section-height-default elementor-section-height-default\" data-id=\"382d028\" data-element_type=\"section\" id=\"introduction\" data-settings=\"{&quot;background_background&quot;:&quot;classic&quot;}\">\n\t\t\t\t\t\t<div class=\"elementor-container elementor-column-gap-default\">\n\t\t\t\t\t<div class=\"elementor-column elementor-col-100 elementor-top-column elementor-element elementor-element-6d369779\" data-id=\"6d369779\" data-element_type=\"column\">\n\t\t\t<div class=\"elementor-widget-wrap elementor-element-populated\">\n\t\t\t\t\t\t\t\t<div class=\"elementor-element elementor-element-23e094e elementor-widget elementor-widget-heading\" data-id=\"23e094e\" data-element_type=\"widget\" data-widget_type=\"heading.default\">\n\t\t\t\t<div class=\"elementor-widget-container\">\n\t\t\t<h3 class=\"elementor-heading-title elementor-size-small\">SOLUTIONS<\/h3>\t\t<\/div>\n\t\t\t\t<\/div>\n\t\t\t\t<div class=\"elementor-element elementor-element-5c9990ea elementor-widget elementor-widget-heading\" data-id=\"5c9990ea\" data-element_type=\"widget\" data-widget_type=\"heading.default\">\n\t\t\t\t<div class=\"elementor-widget-container\">\n\t\t\t<h2 class=\"elementor-heading-title elementor-size-default\">DIFF\u00c9RENTS PROJETS, UNE M\u00caME EXIGENCE<\/h2>\t\t<\/div>\n\t\t\t\t<\/div>\n\t\t\t\t<div class=\"elementor-element elementor-element-46e509dc elementor-widget-divider--view-line elementor-widget elementor-widget-divider\" data-id=\"46e509dc\" data-element_type=\"widget\" data-widget_type=\"divider.default\">\n\t\t\t\t<div class=\"elementor-widget-container\">\n\t\t\t\t\t<div class=\"elementor-divider\">\n\t\t\t<span class=\"elementor-divider-separator\">\n\t\t\t\t\t\t<\/span>\n\t\t<\/div>\n\t\t\t\t<\/div>\n\t\t\t\t<\/div>\n\t\t\t\t<section class=\"elementor-section elementor-inner-section elementor-element elementor-element-5e72ee3 elementor-section-boxed elementor-section-height-default elementor-section-height-default\" data-id=\"5e72ee3\" data-element_type=\"section\">\n\t\t\t\t\t\t<div class=\"elementor-container elementor-column-gap-default\">\n\t\t\t\t\t<div class=\"elementor-column elementor-col-100 elementor-inner-column elementor-element elementor-element-d503e72\" data-id=\"d503e72\" data-element_type=\"column\">\n\t\t\t<div class=\"elementor-widget-wrap elementor-element-populated\">\n\t\t\t\t\t\t\t\t<div class=\"elementor-element elementor-element-bbd9524 elementor-widget elementor-widget-text-editor\" data-id=\"bbd9524\" data-element_type=\"widget\" data-widget_type=\"text-editor.default\">\n\t\t\t\t<div class=\"elementor-widget-container\">\n\t\t\t\t\t\t\t<div class=\"elementor-widget-container\">\n<div class=\"elementor-text-editor elementor-clearfix elementor-inline-editing\" data-elementor-setting-key=\"editor\" data-elementor-inline-editing-toolbar=\"advanced\">\n<p>Lednix propose des solutions d\u2019\u00e9clairage diverses et vari\u00e9es, des projets de bureaux ou de b\u00e2timents industriels aux grands espaces sportifs.<\/p>\n<p>Nos professionnels sont pr\u00eats \u00e0 vous conseiller dans toutes les phases de votre projet, vous proposant une attention personnalis\u00e9e qui tient compte des besoins sp\u00e9cifiques de votre entreprise.<\/p>\n<\/div>\n<\/div>\n\t\t\t\t\t\t<\/div>\n\t\t\t\t<\/div>\n\t\t\t\t\t<\/div>\n\t\t<\/div>\n\t\t\t\t\t\t\t<\/div>\n\t\t<\/section>\n\t\t\t\t\t<\/div>\n\t\t<\/div>\n\t\t\t\t\t\t\t<\/div>\n\t\t<\/section>\n\t\t\t\t<section class=\"elementor-section elementor-top-section elementor-element elementor-element-b06cfcc elementor-section-full_width elementor-section-height-default elementor-section-height-default\" data-id=\"b06cfcc\" data-element_type=\"section\">\n\t\t\t\t\t\t<div class=\"elementor-container elementor-column-gap-default\">\n\t\t\t\t\t<div class=\"elementor-column elementor-col-50 elementor-top-column elementor-element elementor-element-70c813b\" data-id=\"70c813b\" data-element_type=\"column\" data-settings=\"{&quot;background_background&quot;:&quot;classic&quot;}\">\n\t\t\t<div class=\"elementor-widget-wrap elementor-element-populated\">\n\t\t\t\t\t\t\t\t<section class=\"elementor-section elementor-inner-section elementor-element elementor-element-5bd9e3a elementor-section-boxed elementor-section-height-default elementor-section-height-default\" data-id=\"5bd9e3a\" data-element_type=\"section\">\n\t\t\t\t\t\t<div class=\"elementor-container elementor-column-gap-default\">\n\t\t\t\t\t<div class=\"elementor-column elementor-col-100 elementor-inner-column elementor-element elementor-element-d871cb1\" data-id=\"d871cb1\" data-element_type=\"column\">\n\t\t\t<div class=\"elementor-widget-wrap elementor-element-populated\">\n\t\t\t\t\t\t\t\t<div class=\"elementor-element elementor-element-8667394 elementor-widget elementor-widget-image\" data-id=\"8667394\" data-element_type=\"widget\" data-widget_type=\"image.default\">\n\t\t\t\t<div class=\"elementor-widget-container\">\n\t\t\t\t\t\t\t\t\t\t\t\t\t\t\t<img fetchpriority=\"high\" decoding=\"async\" width=\"1024\" height=\"576\" src=\"https:\/\/www.lednix.com\/wp-content\/uploads\/Sport-1024x576.jpg\" class=\"attachment-large size-large wp-image-11668\" alt=\"\" srcset=\"https:\/\/www.lednix.com\/wp-content\/uploads\/Sport-1024x576.jpg 1024w, https:\/\/www.lednix.com\/wp-content\/uploads\/Sport-600x338.jpg 600w, https:\/\/www.lednix.com\/wp-content\/uploads\/Sport-300x169.jpg 300w, https:\/\/www.lednix.com\/wp-content\/uploads\/Sport-768x432.jpg 768w, https:\/\/www.lednix.com\/wp-content\/uploads\/Sport.jpg 1070w\" sizes=\"(max-width: 1024px) 100vw, 1024px\" \/>\t\t\t\t\t\t\t\t\t\t\t\t\t\t\t<\/div>\n\t\t\t\t<\/div>\n\t\t\t\t\t<\/div>\n\t\t<\/div>\n\t\t\t\t\t\t\t<\/div>\n\t\t<\/section>\n\t\t\t\t\t<\/div>\n\t\t<\/div>\n\t\t\t\t<div class=\"elementor-column elementor-col-50 elementor-top-column elementor-element elementor-element-320968d\" data-id=\"320968d\" data-element_type=\"column\" data-settings=\"{&quot;background_background&quot;:&quot;classic&quot;}\">\n\t\t\t<div class=\"elementor-widget-wrap elementor-element-populated\">\n\t\t\t\t\t\t\t\t<div class=\"elementor-element elementor-element-115258e elementor-widget elementor-widget-heading\" data-id=\"115258e\" data-element_type=\"widget\" data-widget_type=\"heading.default\">\n\t\t\t\t<div class=\"elementor-widget-container\">\n\t\t\t<h2 class=\"elementor-heading-title elementor-size-default\">\u00e9clairage sportif<\/h2>\t\t<\/div>\n\t\t\t\t<\/div>\n\t\t\t\t<div class=\"elementor-element elementor-element-56e019b elementor-widget-divider--view-line elementor-widget elementor-widget-divider\" data-id=\"56e019b\" data-element_type=\"widget\" data-widget_type=\"divider.default\">\n\t\t\t\t<div class=\"elementor-widget-container\">\n\t\t\t\t\t<div class=\"elementor-divider\">\n\t\t\t<span class=\"elementor-divider-separator\">\n\t\t\t\t\t\t<\/span>\n\t\t<\/div>\n\t\t\t\t<\/div>\n\t\t\t\t<\/div>\n\t\t\t\t<div class=\"elementor-element elementor-element-c8af3fa elementor-widget elementor-widget-text-editor\" data-id=\"c8af3fa\" data-element_type=\"widget\" data-widget_type=\"text-editor.default\">\n\t\t\t\t<div class=\"elementor-widget-container\">\n\t\t\t\t\t\t\t<p>Un \u00e9clairage de haute qualit\u00e9 est essentiel pour obtenir une visibilit\u00e9 parfaite lors des entra\u00eenements et des comp\u00e9titions sportives nocturnes.<\/p>\n<p>Chez Lednix, nous sommes sp\u00e9cialis\u00e9s dans les projets d\u2019\u00e9clairage pour les clubs et les associations sportives. Nous r\u00e9alisons une \u00e9tude exhaustive des caract\u00e9ristiques de l\u2019installation et nous vous proposons les solutions dont vous avez besoin pour garantir le plus grand confort et les meilleures performances des sportifs.<\/p>\n\t\t\t\t\t\t<\/div>\n\t\t\t\t<\/div>\n\t\t\t\t\t<\/div>\n\t\t<\/div>\n\t\t\t\t\t\t\t<\/div>\n\t\t<\/section>\n\t\t\t\t<section class=\"elementor-section elementor-top-section elementor-element elementor-element-360d5381 elementor-section-full_width elementor-section-height-default elementor-section-height-default\" data-id=\"360d5381\" data-element_type=\"section\">\n\t\t\t\t\t\t<div class=\"elementor-container elementor-column-gap-default\">\n\t\t\t\t\t<div class=\"elementor-column elementor-col-50 elementor-top-column elementor-element elementor-element-79330dd4\" data-id=\"79330dd4\" data-element_type=\"column\" data-settings=\"{&quot;background_background&quot;:&quot;classic&quot;}\">\n\t\t\t<div class=\"elementor-widget-wrap elementor-element-populated\">\n\t\t\t\t\t\t\t\t<section class=\"elementor-section elementor-inner-section elementor-element elementor-element-61239894 elementor-section-boxed elementor-section-height-default elementor-section-height-default\" data-id=\"61239894\" data-element_type=\"section\">\n\t\t\t\t\t\t<div class=\"elementor-container elementor-column-gap-default\">\n\t\t\t\t\t<div class=\"elementor-column elementor-col-100 elementor-inner-column elementor-element elementor-element-16966cb7\" data-id=\"16966cb7\" data-element_type=\"column\">\n\t\t\t<div class=\"elementor-widget-wrap elementor-element-populated\">\n\t\t\t\t\t\t\t\t<div class=\"elementor-element elementor-element-d0e88a9 elementor-widget elementor-widget-image\" data-id=\"d0e88a9\" data-element_type=\"widget\" data-widget_type=\"image.default\">\n\t\t\t\t<div class=\"elementor-widget-container\">\n\t\t\t\t\t\t\t\t\t\t\t\t\t\t\t<img decoding=\"async\" width=\"1024\" height=\"576\" src=\"https:\/\/www.lednix.com\/wp-content\/uploads\/Office-1024x576.jpg\" class=\"attachment-large size-large wp-image-11670\" alt=\"\" srcset=\"https:\/\/www.lednix.com\/wp-content\/uploads\/Office-1024x576.jpg 1024w, https:\/\/www.lednix.com\/wp-content\/uploads\/Office-600x338.jpg 600w, https:\/\/www.lednix.com\/wp-content\/uploads\/Office-300x169.jpg 300w, https:\/\/www.lednix.com\/wp-content\/uploads\/Office-768x432.jpg 768w, https:\/\/www.lednix.com\/wp-content\/uploads\/Office.jpg 1070w\" sizes=\"(max-width: 1024px) 100vw, 1024px\" \/>\t\t\t\t\t\t\t\t\t\t\t\t\t\t\t<\/div>\n\t\t\t\t<\/div>\n\t\t\t\t\t<\/div>\n\t\t<\/div>\n\t\t\t\t\t\t\t<\/div>\n\t\t<\/section>\n\t\t\t\t\t<\/div>\n\t\t<\/div>\n\t\t\t\t<div class=\"elementor-column elementor-col-50 elementor-top-column elementor-element elementor-element-7d7fef34\" data-id=\"7d7fef34\" data-element_type=\"column\" data-settings=\"{&quot;background_background&quot;:&quot;classic&quot;}\">\n\t\t\t<div class=\"elementor-widget-wrap elementor-element-populated\">\n\t\t\t\t\t\t\t\t<div class=\"elementor-element elementor-element-32516e59 elementor-widget elementor-widget-heading\" data-id=\"32516e59\" data-element_type=\"widget\" data-widget_type=\"heading.default\">\n\t\t\t\t<div class=\"elementor-widget-container\">\n\t\t\t<h2 class=\"elementor-heading-title elementor-size-default\">\u00e9clairage de bureaux et cabinets professionnels<\/h2>\t\t<\/div>\n\t\t\t\t<\/div>\n\t\t\t\t<div class=\"elementor-element elementor-element-1c4a9275 elementor-widget-divider--view-line elementor-widget elementor-widget-divider\" data-id=\"1c4a9275\" data-element_type=\"widget\" data-widget_type=\"divider.default\">\n\t\t\t\t<div class=\"elementor-widget-container\">\n\t\t\t\t\t<div class=\"elementor-divider\">\n\t\t\t<span class=\"elementor-divider-separator\">\n\t\t\t\t\t\t<\/span>\n\t\t<\/div>\n\t\t\t\t<\/div>\n\t\t\t\t<\/div>\n\t\t\t\t<div class=\"elementor-element elementor-element-50c98202 elementor-widget elementor-widget-text-editor\" data-id=\"50c98202\" data-element_type=\"widget\" data-widget_type=\"text-editor.default\">\n\t\t\t\t<div class=\"elementor-widget-container\">\n\t\t\t\t\t\t\t<p>Nos projets d\u2019\u00e9clairage dans les espaces de travail ont comme exigence fondamentale d\u2019assurer la bonne sant\u00e9 visuelle des employ\u00e9s.<\/p>\n<p>Les luminaires avec un facteur d\u2019\u00e9blouissement UGR &lt; 17 augmentent le sentiment de bien-\u00eatre des travailleurs. L\u2019absence de scintillement \u00e9vite \u00e9galement de nombreux probl\u00e8mes aux personnes qui passent de longues p\u00e9riodes expos\u00e9es \u00e0 la lumi\u00e8re artificielle.<\/p>\n\t\t\t\t\t\t<\/div>\n\t\t\t\t<\/div>\n\t\t\t\t\t<\/div>\n\t\t<\/div>\n\t\t\t\t\t\t\t<\/div>\n\t\t<\/section>\n\t\t\t\t<section class=\"elementor-section elementor-top-section elementor-element elementor-element-377b38e elementor-section-full_width elementor-section-height-default elementor-section-height-default\" data-id=\"377b38e\" data-element_type=\"section\">\n\t\t\t\t\t\t<div class=\"elementor-container elementor-column-gap-default\">\n\t\t\t\t\t<div class=\"elementor-column elementor-col-50 elementor-top-column elementor-element elementor-element-ca62d2a\" data-id=\"ca62d2a\" data-element_type=\"column\" data-settings=\"{&quot;background_background&quot;:&quot;classic&quot;}\">\n\t\t\t<div class=\"elementor-widget-wrap elementor-element-populated\">\n\t\t\t\t\t\t\t\t<section class=\"elementor-section elementor-inner-section elementor-element elementor-element-67fece1 elementor-section-boxed elementor-section-height-default elementor-section-height-default\" data-id=\"67fece1\" data-element_type=\"section\">\n\t\t\t\t\t\t<div class=\"elementor-container elementor-column-gap-default\">\n\t\t\t\t\t<div class=\"elementor-column elementor-col-100 elementor-inner-column elementor-element elementor-element-4d83708\" data-id=\"4d83708\" data-element_type=\"column\">\n\t\t\t<div class=\"elementor-widget-wrap elementor-element-populated\">\n\t\t\t\t\t\t\t\t<div class=\"elementor-element elementor-element-fd39953 elementor-widget elementor-widget-image\" data-id=\"fd39953\" data-element_type=\"widget\" data-widget_type=\"image.default\">\n\t\t\t\t<div class=\"elementor-widget-container\">\n\t\t\t\t\t\t\t\t\t\t\t\t\t\t\t<img decoding=\"async\" width=\"1024\" height=\"576\" src=\"https:\/\/www.lednix.com\/wp-content\/uploads\/Retail-1024x576.jpg\" class=\"attachment-large size-large wp-image-11672\" alt=\"\" srcset=\"https:\/\/www.lednix.com\/wp-content\/uploads\/Retail-1024x576.jpg 1024w, https:\/\/www.lednix.com\/wp-content\/uploads\/Retail-600x338.jpg 600w, https:\/\/www.lednix.com\/wp-content\/uploads\/Retail-300x169.jpg 300w, https:\/\/www.lednix.com\/wp-content\/uploads\/Retail-768x432.jpg 768w, https:\/\/www.lednix.com\/wp-content\/uploads\/Retail.jpg 1070w\" sizes=\"(max-width: 1024px) 100vw, 1024px\" \/>\t\t\t\t\t\t\t\t\t\t\t\t\t\t\t<\/div>\n\t\t\t\t<\/div>\n\t\t\t\t\t<\/div>\n\t\t<\/div>\n\t\t\t\t\t\t\t<\/div>\n\t\t<\/section>\n\t\t\t\t\t<\/div>\n\t\t<\/div>\n\t\t\t\t<div class=\"elementor-column elementor-col-50 elementor-top-column elementor-element elementor-element-c3ad9af\" data-id=\"c3ad9af\" data-element_type=\"column\" data-settings=\"{&quot;background_background&quot;:&quot;classic&quot;}\">\n\t\t\t<div class=\"elementor-widget-wrap elementor-element-populated\">\n\t\t\t\t\t\t\t\t<div class=\"elementor-element elementor-element-f7f80d8 elementor-widget elementor-widget-heading\" data-id=\"f7f80d8\" data-element_type=\"widget\" data-widget_type=\"heading.default\">\n\t\t\t\t<div class=\"elementor-widget-container\">\n\t\t\t<h2 class=\"elementor-heading-title elementor-size-default\">\u00e9clairage des magasins et des points de vente<\/h2>\t\t<\/div>\n\t\t\t\t<\/div>\n\t\t\t\t<div class=\"elementor-element elementor-element-6afc63b elementor-widget-divider--view-line elementor-widget elementor-widget-divider\" data-id=\"6afc63b\" data-element_type=\"widget\" data-widget_type=\"divider.default\">\n\t\t\t\t<div class=\"elementor-widget-container\">\n\t\t\t\t\t<div class=\"elementor-divider\">\n\t\t\t<span class=\"elementor-divider-separator\">\n\t\t\t\t\t\t<\/span>\n\t\t<\/div>\n\t\t\t\t<\/div>\n\t\t\t\t<\/div>\n\t\t\t\t<div class=\"elementor-element elementor-element-e247936 elementor-widget elementor-widget-text-editor\" data-id=\"e247936\" data-element_type=\"widget\" data-widget_type=\"text-editor.default\">\n\t\t\t\t<div class=\"elementor-widget-container\">\n\t\t\t\t\t\t\t<p>Dans les projets d\u2019\u00e9clairage commercial, la qualit\u00e9 de la lumi\u00e8re est essentielle pour pouvoir mettre en valeur les articles et attirer l\u2019attention de vos clients.<\/p>\n<p>Chez Lednix, nous travaillons avec des solutions d\u2019\u00e9clairage \u00e0 indice IRC \u00e9lev\u00e9, qui \u00e9vitent la distorsion des couleurs et dont le faisceau lumineux peut \u00eatre ajust\u00e9 pour diriger le regard du client. De plus, elles sont id\u00e9ales pour d\u00e9corer et cr\u00e9er des espaces et des vitrines spectaculaires.<\/p>\n\t\t\t\t\t\t<\/div>\n\t\t\t\t<\/div>\n\t\t\t\t\t<\/div>\n\t\t<\/div>\n\t\t\t\t\t\t\t<\/div>\n\t\t<\/section>\n\t\t\t\t<section class=\"elementor-section elementor-top-section elementor-element elementor-element-0ef0b90 elementor-section-full_width elementor-section-height-default elementor-section-height-default\" data-id=\"0ef0b90\" data-element_type=\"section\">\n\t\t\t\t\t\t<div class=\"elementor-container elementor-column-gap-default\">\n\t\t\t\t\t<div class=\"elementor-column elementor-col-50 elementor-top-column elementor-element elementor-element-9cf71fd\" data-id=\"9cf71fd\" data-element_type=\"column\" data-settings=\"{&quot;background_background&quot;:&quot;classic&quot;}\">\n\t\t\t<div class=\"elementor-widget-wrap elementor-element-populated\">\n\t\t\t\t\t\t\t\t<section class=\"elementor-section elementor-inner-section elementor-element elementor-element-133f757 elementor-section-boxed elementor-section-height-default elementor-section-height-default\" data-id=\"133f757\" data-element_type=\"section\">\n\t\t\t\t\t\t<div class=\"elementor-container elementor-column-gap-default\">\n\t\t\t\t\t<div class=\"elementor-column elementor-col-100 elementor-inner-column elementor-element elementor-element-4c0a1d3\" data-id=\"4c0a1d3\" data-element_type=\"column\">\n\t\t\t<div class=\"elementor-widget-wrap elementor-element-populated\">\n\t\t\t\t\t\t\t\t<div class=\"elementor-element elementor-element-03e380f elementor-widget elementor-widget-image\" data-id=\"03e380f\" data-element_type=\"widget\" data-widget_type=\"image.default\">\n\t\t\t\t<div class=\"elementor-widget-container\">\n\t\t\t\t\t\t\t\t\t\t\t\t\t\t\t<img loading=\"lazy\" decoding=\"async\" width=\"1024\" height=\"576\" src=\"https:\/\/www.lednix.com\/wp-content\/uploads\/Street-1024x576.jpg\" class=\"attachment-large size-large wp-image-11674\" alt=\"\" srcset=\"https:\/\/www.lednix.com\/wp-content\/uploads\/Street-1024x576.jpg 1024w, https:\/\/www.lednix.com\/wp-content\/uploads\/Street-600x338.jpg 600w, https:\/\/www.lednix.com\/wp-content\/uploads\/Street-300x169.jpg 300w, https:\/\/www.lednix.com\/wp-content\/uploads\/Street-768x432.jpg 768w, https:\/\/www.lednix.com\/wp-content\/uploads\/Street.jpg 1070w\" sizes=\"(max-width: 1024px) 100vw, 1024px\" \/>\t\t\t\t\t\t\t\t\t\t\t\t\t\t\t<\/div>\n\t\t\t\t<\/div>\n\t\t\t\t\t<\/div>\n\t\t<\/div>\n\t\t\t\t\t\t\t<\/div>\n\t\t<\/section>\n\t\t\t\t\t<\/div>\n\t\t<\/div>\n\t\t\t\t<div class=\"elementor-column elementor-col-50 elementor-top-column elementor-element elementor-element-8ea6d77\" data-id=\"8ea6d77\" data-element_type=\"column\" data-settings=\"{&quot;background_background&quot;:&quot;classic&quot;}\">\n\t\t\t<div class=\"elementor-widget-wrap elementor-element-populated\">\n\t\t\t\t\t\t\t\t<div class=\"elementor-element elementor-element-05a4e23 elementor-widget elementor-widget-heading\" data-id=\"05a4e23\" data-element_type=\"widget\" data-widget_type=\"heading.default\">\n\t\t\t\t<div class=\"elementor-widget-container\">\n\t\t\t<h2 class=\"elementor-heading-title elementor-size-default\">\u00e9clairage public<\/h2>\t\t<\/div>\n\t\t\t\t<\/div>\n\t\t\t\t<div class=\"elementor-element elementor-element-b7ae4c8 elementor-widget-divider--view-line elementor-widget elementor-widget-divider\" data-id=\"b7ae4c8\" data-element_type=\"widget\" data-widget_type=\"divider.default\">\n\t\t\t\t<div class=\"elementor-widget-container\">\n\t\t\t\t\t<div class=\"elementor-divider\">\n\t\t\t<span class=\"elementor-divider-separator\">\n\t\t\t\t\t\t<\/span>\n\t\t<\/div>\n\t\t\t\t<\/div>\n\t\t\t\t<\/div>\n\t\t\t\t<div class=\"elementor-element elementor-element-474fb33 elementor-widget elementor-widget-text-editor\" data-id=\"474fb33\" data-element_type=\"widget\" data-widget_type=\"text-editor.default\">\n\t\t\t\t<div class=\"elementor-widget-container\">\n\t\t\t\t\t\t\t<p>Lednix d\u00e9veloppe des projets d\u2019\u00e9clairage pour tous les types d\u2019espaces ext\u00e9rieurs, des voies de circulation aux espaces publics tels que parkings, parcs ou places.<\/p>\n<p>Nous disposons d\u2019une large gamme de projecteurs LED de derni\u00e8re g\u00e9n\u00e9ration, avec des sources lumineuses puissantes, capables de tirer le meilleur parti de la lumi\u00e8re \u00e9mise et de r\u00e9duire jusqu\u2019\u00e0 90 % la consommation et la temp\u00e9rature par rapport aux \u00e9clairages traditionnels.<\/p>\n\t\t\t\t\t\t<\/div>\n\t\t\t\t<\/div>\n\t\t\t\t\t<\/div>\n\t\t<\/div>\n\t\t\t\t\t\t\t<\/div>\n\t\t<\/section>\n\t\t\t\t<section class=\"elementor-section elementor-top-section elementor-element elementor-element-b4b8f35 elementor-section-full_width elementor-section-height-default elementor-section-height-default\" data-id=\"b4b8f35\" data-element_type=\"section\">\n\t\t\t\t\t\t<div class=\"elementor-container elementor-column-gap-default\">\n\t\t\t\t\t<div class=\"elementor-column elementor-col-50 elementor-top-column elementor-element elementor-element-68b50a8\" data-id=\"68b50a8\" data-element_type=\"column\" data-settings=\"{&quot;background_background&quot;:&quot;classic&quot;}\">\n\t\t\t<div class=\"elementor-widget-wrap elementor-element-populated\">\n\t\t\t\t\t\t\t\t<section class=\"elementor-section elementor-inner-section elementor-element elementor-element-0a8ee83 elementor-section-boxed elementor-section-height-default elementor-section-height-default\" data-id=\"0a8ee83\" data-element_type=\"section\">\n\t\t\t\t\t\t<div class=\"elementor-container elementor-column-gap-default\">\n\t\t\t\t\t<div class=\"elementor-column elementor-col-100 elementor-inner-column elementor-element elementor-element-6bf6b99\" data-id=\"6bf6b99\" data-element_type=\"column\">\n\t\t\t<div class=\"elementor-widget-wrap elementor-element-populated\">\n\t\t\t\t\t\t\t\t<div class=\"elementor-element elementor-element-832cede elementor-widget elementor-widget-image\" data-id=\"832cede\" data-element_type=\"widget\" data-widget_type=\"image.default\">\n\t\t\t\t<div class=\"elementor-widget-container\">\n\t\t\t\t\t\t\t\t\t\t\t\t\t\t\t<img decoding=\"async\" src=\"http:\/\/www.lednix.com\/wp-content\/uploads\/Section_1_BG.jpg\" title=\"\" alt=\"\" loading=\"lazy\" \/>\t\t\t\t\t\t\t\t\t\t\t\t\t\t\t<\/div>\n\t\t\t\t<\/div>\n\t\t\t\t\t<\/div>\n\t\t<\/div>\n\t\t\t\t\t\t\t<\/div>\n\t\t<\/section>\n\t\t\t\t\t<\/div>\n\t\t<\/div>\n\t\t\t\t<div class=\"elementor-column elementor-col-50 elementor-top-column elementor-element elementor-element-287e9f1\" data-id=\"287e9f1\" data-element_type=\"column\" data-settings=\"{&quot;background_background&quot;:&quot;classic&quot;}\">\n\t\t\t<div class=\"elementor-widget-wrap elementor-element-populated\">\n\t\t\t\t\t\t\t\t<div class=\"elementor-element elementor-element-256847c elementor-widget elementor-widget-heading\" data-id=\"256847c\" data-element_type=\"widget\" data-widget_type=\"heading.default\">\n\t\t\t\t<div class=\"elementor-widget-container\">\n\t\t\t<h2 class=\"elementor-heading-title elementor-size-default\">\u00e9clairage industriel<\/h2>\t\t<\/div>\n\t\t\t\t<\/div>\n\t\t\t\t<div class=\"elementor-element elementor-element-9eeec42 elementor-widget-divider--view-line elementor-widget elementor-widget-divider\" data-id=\"9eeec42\" data-element_type=\"widget\" data-widget_type=\"divider.default\">\n\t\t\t\t<div class=\"elementor-widget-container\">\n\t\t\t\t\t<div class=\"elementor-divider\">\n\t\t\t<span class=\"elementor-divider-separator\">\n\t\t\t\t\t\t<\/span>\n\t\t<\/div>\n\t\t\t\t<\/div>\n\t\t\t\t<\/div>\n\t\t\t\t<div class=\"elementor-element elementor-element-6a767b8 elementor-widget elementor-widget-text-editor\" data-id=\"6a767b8\" data-element_type=\"widget\" data-widget_type=\"text-editor.default\">\n\t\t\t\t<div class=\"elementor-widget-container\">\n\t\t\t\t\t\t\t<p>Un projet d\u2019\u00e9clairage industriel repr\u00e9sente toujours un d\u00e9fi majeur \u00e0 relever. L\u2019\u00e9clairage doit \u00eatre confortable et de qualit\u00e9 afin d\u2019optimiser la visibilit\u00e9 dans les entrep\u00f4ts. De plus, il doit \u00eatre puissant et r\u00e9sistant, afin de r\u00e9pondre aux exigences du secteur.<\/p>\n<p>Lednix vous propose des solutions d\u2019\u00e9clairage LED sp\u00e9cialement pens\u00e9es pour les environnements industriels, \u00e9quip\u00e9es des derni\u00e8res avanc\u00e9es technologiques. Ce sont des produits au design exclusif et fabriqu\u00e9s dans des mat\u00e9riaux tr\u00e8s r\u00e9sistants.<\/p>\n\t\t\t\t\t\t<\/div>\n\t\t\t\t<\/div>\n\t\t\t\t\t<\/div>\n\t\t<\/div>\n\t\t\t\t\t\t\t<\/div>\n\t\t<\/section>\n\t\t\t\t\t\t\t<\/div>\n\t\t","protected":false},"excerpt":{"rendered":"<p>SOLUTIONS DIFF\u00c9RENTS PROJETS, UNE M\u00caME EXIGENCE Lednix propose des solutions d\u2019\u00e9clairage diverses et vari\u00e9es, des projets de bureaux ou de b\u00e2timents industriels aux grands espaces sportifs. Nos professionnels sont pr\u00eats \u00e0 vous conseiller dans toutes &#8230; <\/p>\n<p class=\"read-more-container\"><a title=\"Solutions d\u2019\u00e9clairage\" class=\"read-more button\" href=\"https:\/\/www.lednix.com\/ch\/solutions\/#more-11641\" aria-label=\"More on Solutions d\u2019\u00e9clairage\">Read More<\/a><\/p>\n","protected":false},"author":15,"featured_media":0,"parent":0,"menu_order":0,"comment_status":"closed","ping_status":"closed","template":"","meta":{"inline_featured_image":false,"footnotes":""},"class_list":{"0":"post-11641","1":"page","2":"type-page","3":"status-publish","5":"no-featured-image-padding"},"_links":{"self":[{"href":"https:\/\/www.lednix.com\/ch\/wp-json\/wp\/v2\/pages\/11641"}],"collection":[{"href":"https:\/\/www.lednix.com\/ch\/wp-json\/wp\/v2\/pages"}],"about":[{"href":"https:\/\/www.lednix.com\/ch\/wp-json\/wp\/v2\/types\/page"}],"author":[{"embeddable":true,"href":"https:\/\/www.lednix.com\/ch\/wp-json\/wp\/v2\/users\/15"}],"replies":[{"embeddable":true,"href":"https:\/\/www.lednix.com\/ch\/wp-json\/wp\/v2\/comments?post=11641"}],"version-history":[{"count":2,"href":"https:\/\/www.lednix.com\/ch\/wp-json\/wp\/v2\/pages\/11641\/revisions"}],"predecessor-version":[{"id":12559,"href":"https:\/\/www.lednix.com\/ch\/wp-json\/wp\/v2\/pages\/11641\/revisions\/12559"}],"wp:attachment":[{"href":"https:\/\/www.lednix.com\/ch\/wp-json\/wp\/v2\/media?parent=11641"}],"curies":[{"name":"wp","href":"https:\/\/api.w.org\/{rel}","templated":true}]}}