{"id":11639,"date":"2019-03-20T10:35:42","date_gmt":"2019-03-20T09:35:42","guid":{"rendered":"https:\/\/www.lednix.com\/politique-de-confidentialite\/"},"modified":"2021-02-22T17:45:17","modified_gmt":"2021-02-22T16:45:17","slug":"politique-protection-donnees","status":"publish","type":"page","link":"https:\/\/www.lednix.com\/ch\/politique-protection-donnees\/","title":{"rendered":"Protection des donn\u00e9es"},"content":{"rendered":"\t\t<div data-elementor-type=\"wp-post\" data-elementor-id=\"11639\" class=\"elementor elementor-11639 elementor-33\">\n\t\t\t\t\t\t\t\t\t<section class=\"elementor-section elementor-top-section elementor-element elementor-element-2c788beb elementor-section-boxed elementor-section-height-default elementor-section-height-default\" data-id=\"2c788beb\" data-element_type=\"section\">\n\t\t\t\t\t\t<div class=\"elementor-container elementor-column-gap-default\">\n\t\t\t\t\t<div class=\"elementor-column elementor-col-100 elementor-top-column elementor-element elementor-element-1f669b63\" data-id=\"1f669b63\" data-element_type=\"column\">\n\t\t\t<div class=\"elementor-widget-wrap elementor-element-populated\">\n\t\t\t\t\t\t\t\t<div class=\"elementor-element elementor-element-3629d70 elementor-widget elementor-widget-html\" data-id=\"3629d70\" data-element_type=\"widget\" data-widget_type=\"html.default\">\n\t\t\t\t<div class=\"elementor-widget-container\">\n\t\t\t<table><caption>\n<h2>Basic Information on Data Protection<\/h2>\n<\/caption>\n<tbody>\n<tr>\n<th>Responsable<\/th>\n<td>PRISMICA, S.L.<\/td>\n<\/tr>\n<tr>\n<th>Objectif<\/th>\n<td>G\u00e9rer et d\u00e9velopper des projets.<br>\nRemplir les obligations l\u00e9gales.<br>\nTraiter les r\u00e9clamations et les demandes d'exercice du droit \u00e0 la vie priv\u00e9e de la personne concern\u00e9e.<\/td>\n<\/tr>\n<tr>\n<th>L\u00e9galisation<\/th>\n<td>Ex\u00e9cution du contrat formalis\u00e9 par les parties.<br>\nRespecter les obligations l\u00e9gales du responsable du traitement des donn\u00e9es.<br>\nL'int\u00e9r\u00eat l\u00e9gitime du responsable du traitement.<\/td>\n<\/tr>\n<tr>\n<th>Destinataires<\/th>\n<td>Aucune donn\u00e9e ne sera transmise \u00e0 des tiers, \u00e0 moins que la loi ne l'y oblige.<\/td>\n<\/tr>\n<tr>\n<th>Droits<\/th>\n<td>Vous disposez d'un droit d'acc\u00e8s, de rectification et de suppression des donn\u00e9es, ainsi que d'autres droits, indiqu\u00e9s dans les informations compl\u00e9mentaires, que vous pouvez exercer en envoyant un e-mail \u00e0 <a href=\"mailto:rgpd@lednix.com\">rgpd@lednix.com<\/a><\/td>\n<\/tr>\n<tr>\n<th>Origine<\/th>\n<td>La partie int\u00e9ress\u00e9e<\/td>\n<\/tr>\n<\/tbody>\n<\/table>\t\t<\/div>\n\t\t\t\t<\/div>\n\t\t\t\t<div class=\"elementor-element elementor-element-2cc8e7d0 elementor-widget elementor-widget-text-editor\" data-id=\"2cc8e7d0\" data-element_type=\"widget\" data-widget_type=\"text-editor.default\">\n\t\t\t\t<div class=\"elementor-widget-container\">\n\t\t\t\t\t\t\t<p>A travers cette politique de protection des donn\u00e9es, PRISMICA, S.L. informe les utilisateurs de son site web, de la fa\u00e7on dont leurs donn\u00e9es seront trait\u00e9es, afin qu&#8217;ils puissent d\u00e9cider, librement et volontairement, s&#8217;ils souhaitent fournir les informations demand\u00e9es.<\/p><p>Ce site respecte et prot\u00e8ge les donn\u00e9es personnelles de ses utilisateurs. Vous devez donc savoir que vos droits sont garantis.<\/p><p>Chez PRISMICA, S.L. nous assurons le compliment des principes suivants afin de garantir la confidentialit\u00e9 :<\/p><ul><li>Nous ne demandons jamais de donn\u00e9es personnelles \u00e0 moins que cela ne soit vraiment n\u00e9cessaire pour fournir les services dont le client nous demande.<\/li><li>Nous ne partageons jamais d&#8217;informations personnelles concernant nos utilisateurs avec personne, sauf pour se conformer \u00e0 la loi ou avec la permission expresse de l&#8217;utilisateur.<\/li><li>Nous n&#8217;utiliserons jamais vos donn\u00e9es personnelles \u00e0 d&#8217;autres fins que celles \u00e9nonc\u00e9es dans la pr\u00e9sente politique de confidentialit\u00e9.<\/li><\/ul><p>Nous vous informons que cette politique de confidentialit\u00e9 peut \u00eatre modifi\u00e9e pour s&#8217;adapter aux nouvelles exigences r\u00e9glementaires et nous conseillons aux utilisateurs de la consulter r\u00e9guli\u00e8rement.<\/p><p>PRISMICA, S.L. a adapt\u00e9 ce site web aux exigences du R\u00e8glement (UE) 2016\/679 du Parlement Europ\u00e9en et du Conseil du 27 avril 2016 sur la protection des personnes physiques (RGPD), ainsi que de la Loi 34\/2002, du 11 juillet, sur les Services de la Soci\u00e9t\u00e9 de l&#8217;Information et le Commerce \u00c9lectronique (LSSICE ou LSSI).<\/p><h2 class=\"cms-h2\">Responsable du traitement de vos donn\u00e9es personnelles<\/h2><ul><li>Identit\u00e9 du Responsable : PRISMICA, S.L.<\/li><li>N\u00ba de Siret : B98845944<\/li><li>Adresse :C\/ Llevant, 2 &#8211; 46715 &#8211; VALENCIA (ESPA\u00d1A)<\/li><li>T\u00e9l\u00e9phone : 01 78 90 07 76<\/li><li>Adresse e-mail : <a href=\"mailto:rgpd@lednix.com\">rgpd@lednix.com<\/a><\/li><\/ul><p>Pour le traitement des donn\u00e9es de nos utilisateurs, nous mettons en \u0153uvre toutes les mesures techniques et structurelles de s\u00e9curit\u00e9 pr\u00e9vues par la l\u00e9gislation en vigueur.<\/p><h2 class=\"cms-h2\">Principes que nous appliquerons \u00e0 vos informations personnelles<\/h2><p>Dans le traitement de vos donn\u00e9es personnelles, nous appliquerons les principes suivants qui r\u00e9pondent aux exigences du nouveau RGPD :<\/p><ul><li>L\u00e9galit\u00e9, loyaut\u00e9 et transparence : Nous aurons toujours besoin de votre consentement pour le traitement de vos donn\u00e9es personnelles pour une ou plusieurs finalit\u00e9s sp\u00e9cifiques dont nous vous informerons \u00e0 l&#8217;avance avec une transparence absolue.<\/li><li>Minimisation des donn\u00e9es : Nous ne demanderons que les donn\u00e9es strictement n\u00e9cessaires aux fins pour lesquelles nous en avons besoin.<\/li><li>Limitation de la dur\u00e9e de conservation : les donn\u00e9es ne sont conserv\u00e9es que le temps n\u00e9cessaire aux fins du traitement.<\/li><li>Int\u00e9grit\u00e9 et confidentialit\u00e9 : Vos donn\u00e9es seront trait\u00e9es de mani\u00e8re \u00e0 garantir une s\u00e9curit\u00e9 ad\u00e9quate des donn\u00e9es personnelles et \u00e0 garantir la confidentialit\u00e9. PRISMICA, S.L. prendra les pr\u00e9cautions n\u00e9cessaires pour emp\u00eacher l&#8217;acc\u00e8s non autoris\u00e9 ou l&#8217;utilisation abusive des donn\u00e9es de nos utilisateurs par des tiers.<\/li><\/ul><h2 class=\"cms-h2\">Comment avons-nous obtenu vos donn\u00e9es ?<\/h2><p>Les donn\u00e9es personnelles que nous traitons sur ce site Web proviennent de :<\/p><ul><li>Formulaire de contact.<\/li><li>Adresse \u00e9lectronique.<\/li><li>Lorsque vous vous inscrivez en tant qu&#8217;utilisateur.<\/li><\/ul><h2 class=\"cms-h2\">Quels sont vos droits lorsque vous nous fournissez vos donn\u00e9es ?<\/h2><p>Les personnes concern\u00e9es ont le droit de :<\/p><ul><li>Demander l&#8217;acc\u00e8s aux donn\u00e9es personnelles collect\u00e9es.<\/li><li>Demander la correction ou la suppression de vos donn\u00e9es.<\/li><li>Demande de limitation de votre traitement de donn\u00e9s.<\/li><li>Opposition au traitement de donn\u00e9es.<\/li><li>Demande de portabilit\u00e9 des donn\u00e9es.<\/li><\/ul><p>Les personnes concern\u00e9es peuvent avoir acc\u00e8s \u00e0 leurs donn\u00e9es \u00e0 caract\u00e8re personnel et demander la rectification de donn\u00e9es inexactes ou le cas \u00e9ch\u00e9ant, demander la suppression des donn\u00e9es. Entre autres raisons, les donn\u00e9es ne sont plus n\u00e9cessaires aux fins pour lesquelles elles ont \u00e9t\u00e9 collect\u00e9es. Dans certaines circonstances, les personnes concern\u00e9es peuvent demander une limitation du traitement de leurs donn\u00e9es, auquel cas elles ne seront conserv\u00e9es qu&#8217;aux seules fins de l&#8217;exercice ou de la d\u00e9fense de leurs droits.<\/p><p>Dans certaines circonstances et pour des raisons li\u00e9es \u00e0 leur situation particuli\u00e8re, les personnes concern\u00e9es peuvent s&#8217;opposer au traitement de leurs donn\u00e9es. PRISMICA, S.L. cessera le traitement des donn\u00e9es sauf pour des raisons l\u00e9gitimes, l&#8217;exercice ou la d\u00e9fense de toute r\u00e9clamation. En tant que personne concern\u00e9e, vous avez le droit \u00e0 la portabilit\u00e9 des donn\u00e9es, c&#8217;est-\u00e0-dire de recevoir les donn\u00e9es personnelles que vous avez fournies et de les transmettre \u00e0 un autre responsable du traitement si n\u00e9cessaire:<\/p><ul><li>Le traitement est fond\u00e9 sur le consentement.<\/li><li>Les donn\u00e9es ont \u00e9t\u00e9 fournies par la personne concern\u00e9e.<\/li><li>Le traitement est effectu\u00e9 par des moyens automatis\u00e9s.<\/li><\/ul><p>Dans l&#8217;exercice de votre droit de portabilit\u00e9 des donn\u00e9es, vous avez le droit de faire transmettre des donn\u00e9es personnelles directement d&#8217;un responsable du traitement \u00e0 un autre lorsque cela est techniquement possible.<\/p><p>Les personnes concern\u00e9es ont \u00e9galement droit \u00e0 une protection judiciaire effective et peuvent d\u00e9poser une plainte aupr\u00e8s de l&#8217;autorit\u00e9 de contr\u00f4le, en l&#8217;occurrence l&#8217;Agence Espagnole de Protection des Donn\u00e9es, si elles estiment que le traitement des donn\u00e9es \u00e0 caract\u00e8re personnel les concernant enfreint le r\u00e8glement.<\/p><p>L&#8217;int\u00e9ress\u00e9 peut \u00e9galement nous envoyer une lettre \u00e0 PRISMICA SL, C\/ LLevant n\u00ba2- 46715 Alquer\u00eda de la Comtessa- Valencia ou par e-mail \u00e0 rgpd@lednix.com.<\/p><p>Nous vous informons que la politique de protection des donn\u00e9es peut \u00eatre modifi\u00e9e afin de s&#8217;adapter aux nouvelles exigences l\u00e9gislatives en la mati\u00e8re. Nous vous conseillons donc de visiter cette section r\u00e9guli\u00e8rement.<\/p><h2 class=\"cms-h2\">Dans quel but traitons-nous vos donn\u00e9es personnelles ?<\/h2><p>Quand un utilisateur se connecte \u00e0 ce site pour envoyer un e-mail au propri\u00e9taire, s&#8217;abonner ou faire un contrat, est de fournir des donn\u00e9es personnelles qui est responsable PRISMICA SL.<\/p><p>La finalit\u00e9 pour laquelle PRISMICA SL traitera vos donn\u00e9es sera :<\/p><ul><li>Pour g\u00e9rer vos projets, ainsi que la livraison et la facturation correspondantes.<\/li><li>Faire des rapports statistiques anonymes sur les habitudes d&#8217;acc\u00e8s et les activit\u00e9s sur le web.<\/li><li>\u00c9laborer un profil commercial de l&#8217;utilisateur, en utilisant les donn\u00e9es de navigation, d&#8217;acc\u00e8s et les habitudes de trafic, sauf indication contraire ou si l&#8217;utilisateur r\u00e9voque son consentement pr\u00e9alable.<\/li><li>Pour se conformer aux obligations l\u00e9gales, ainsi que pour v\u00e9rifier le respect des obligations contractuelles.<\/li><\/ul><p>Les donn\u00e9es personnelles fournies par l&#8217;utilisateur seront conserv\u00e9es aussi longtemps que la relation commerciale entre les parties est maintenue et, en tout cas, pendant le temps strictement n\u00e9cessaire \u00e0 la r\u00e9alisation de la finalit\u00e9 pour laquelle le consentement \u00e0 ce traitement a \u00e9t\u00e9 demand\u00e9 ou, le cas \u00e9ch\u00e9ant, jusqu&#8217;\u00e0 ce que l&#8217;int\u00e9ress\u00e9 demande la suppression de ses donn\u00e9es.<\/p><h2 class=\"cms-h2\">CAT\u00c9GORIE DES DONN\u00c9ES TRAIT\u00c9ES<\/h2><p>Compte tenu des objectifs susmentionn\u00e9s, PRISMICA SL traitera les donn\u00e9es suivantes :<\/p><ul><li>Donn\u00e9es d&#8217;identification : nom, pr\u00e9nom, adresse postale, courriel, code postal, t\u00e9l\u00e9phone.<\/li><li>Donn\u00e9es financi\u00e8res et bancaires.<\/li><li>M\u00e9tadonn\u00e9es des communications \u00e9lectroniques.<br \/>Donn\u00e9es sur les informations commerciales.<\/li><\/ul><p>Les donn\u00e9es personnelles demand\u00e9es sont n\u00e9cessaires pour mener \u00e0 bien l&#8217;action commerciale demand\u00e9e.<\/p><h2 class=\"cms-h2\">L\u00e9gitimit\u00e9 du traitement de vos donn\u00e9es<\/h2><p>Le traitement des donn\u00e9es par PRISMICA SL trouve sa base juridique dans le consentement explicite de la personne concern\u00e9e.<\/p><p>Le traitement de donn\u00e9es r\u00e9sultant de la mise en \u0153uvre d&#8217;un projet, de sa facturation ou de la gestion qui y est li\u00e9e a sa base juridique et sa justification dans l&#8217;ex\u00e9cution du contrat formalis\u00e9 par les parties.<\/p><p>Le retrait du consentement par l&#8217;int\u00e9ress\u00e9 \u00e0 tout moment n&#8217;affecte pas la lic\u00e9it\u00e9 du traitement effectu\u00e9 avant ce retrait.<\/p><p>De m\u00eame, PRISMICA SL peut traiter les donn\u00e9es conform\u00e9ment \u00e0 diverses obligations l\u00e9gales.<\/p><h2 class=\"cms-h2\">Dur\u00e9e de conservation de vos donn\u00e9es<\/h2><p>Les donn\u00e9es personnelles fournies seront conserv\u00e9es aussi longtemps que la relation commerciale est maintenue, le cas \u00e9ch\u00e9ant, pendant les ann\u00e9es n\u00e9cessaires conform\u00e9ment aux obligations l\u00e9gales ou jusqu&#8217;\u00e0 ce que la personne concern\u00e9e demande la suppression de ses donn\u00e9es.<\/p><h2 class=\"cms-h2\">Mesures de s\u00e9curit\u00e9<\/h2><p>PRISMICA, S.L. s&#8217;engage \u00e0 l&#8217;utilisation et le traitement des donn\u00e9es personnelles des utilisateurs, en respectant leur confidentialit\u00e9, \u00e0 les utiliser conform\u00e9ment \u00e0 leur finalit\u00e9, ainsi qu&#8217;\u00e0 se conformer \u00e0 son obligation de les conserver et d&#8217;adapter toutes les mesures pour emp\u00eacher leur alt\u00e9ration, perte, traitement ou acc\u00e8s non autoris\u00e9, conform\u00e9ment \u00e0 la l\u00e9gislation en vigueur sur la protection des donn\u00e9es.<\/p><p>Lorsqu&#8217;un incident de s\u00e9curit\u00e9 survient et que PRISMICA, S.L. en prend connaissance, elle doit en informer l&#8217;utilisateur dans les meilleurs d\u00e9lais et lui fournir les informations appropri\u00e9es relatives \u00e0 l&#8217;incident de s\u00e9curit\u00e9.<\/p><h2 class=\"cms-h2\">Exactitude des donn\u00e9es<\/h2><p>L&#8217;utilisateur est seul responsable de l&#8217;exactitude des donn\u00e9es envoy\u00e9es \u00e0 PRISMICA, S.L., nous exon\u00e9rant de toute responsabilit\u00e9 \u00e0 cet \u00e9gard.<\/p><p>L&#8217;utilisateur garantit et r\u00e9pond, en tout \u00e9tat de cause, de l&#8217;exactitude, de la validit\u00e9 et de l&#8217;authenticit\u00e9 des donn\u00e9es personnelles fournies et s&#8217;engage \u00e0 les tenir \u00e0 jour. L&#8217;utilisateur s&#8217;engage \u00e0 fournir des informations compl\u00e8tes et correctes sur le formulaire de contact ou d&#8217;abonnement.<\/p><p>Dans le cas o\u00f9 l&#8217;utilisateur fournit les donn\u00e9es d&#8217;un tiers, vous d\u00e9clarez que vous avez le consentement de celui-ci et vous d\u00e9gagez PRISMICA SL de toute responsabilit\u00e9 \u00e0 cet \u00e9gard.<\/p><p>PRISMICA SL, se r\u00e9serve le droit d&#8217;effectuer les enqu\u00eates n\u00e9cessaires pour v\u00e9rifier ce qui pr\u00e9c\u00e8de, adoptant ainsi les mesures appropri\u00e9es toujours en accord avec la l\u00e9gislation en vigueur sur la protection des donn\u00e9es.<\/p><h2 class=\"cms-h2\">Acceptation et consentement<\/h2><p>L&#8217;utilisateur d\u00e9clare avoir \u00e9t\u00e9 inform\u00e9 des conditions relatives \u00e0 la protection des donn\u00e9es personnelles, en acceptant et en donnant son consentement \u00e0 leur traitement par PRISMICA, S.L. de la mani\u00e8re et aux fins \u00e9nonc\u00e9es dans la pr\u00e9sente politique de confidentialit\u00e9.<\/p><h2 class=\"cms-h2\">R\u00e9vocabilit\u00e9<\/h2><p>Le consentement donn\u00e9, tant pour le traitement que pour le transfert des donn\u00e9es des int\u00e9ress\u00e9s, peut \u00eatre r\u00e9voqu\u00e9 \u00e0 tout moment en notifiant \u00e0 PRISMICA, S.L. de ce fait, dans les termes \u00e9nonc\u00e9s dans la pr\u00e9sente politique de confidentialit\u00e9 pour l&#8217;exercice de vos droits.<\/p><h2 class=\"cms-h2\">Modifications de la politique de confidentialit\u00e9<\/h2><p>PRISMICA, S.L. se r\u00e9serve le droit de modifier la pr\u00e9sente politique pour l&#8217;adapter aux nouvelles lois et pratiques de l&#8217;industrie. Dans de tels cas, PRISMICA, S.L. annoncera sur cette page les changements introduits avec un pr\u00e9avis raisonnable avant leur mise en \u0153uvre.<\/p>\t\t\t\t\t\t<\/div>\n\t\t\t\t<\/div>\n\t\t\t\t\t<\/div>\n\t\t<\/div>\n\t\t\t\t\t\t\t<\/div>\n\t\t<\/section>\n\t\t\t\t\t\t\t<\/div>\n\t\t","protected":false},"excerpt":{"rendered":"<p>Basic Information on Data Protection Responsable PRISMICA, S.L. Objectif G\u00e9rer et d\u00e9velopper des projets. Remplir les obligations l\u00e9gales. Traiter les r\u00e9clamations et les demandes d&#8217;exercice du droit \u00e0 la vie priv\u00e9e de la personne concern\u00e9e. &#8230; <\/p>\n<p class=\"read-more-container\"><a title=\"Protection des donn\u00e9es\" class=\"read-more button\" href=\"https:\/\/www.lednix.com\/ch\/politique-protection-donnees\/#more-11639\" aria-label=\"More on Protection des donn\u00e9es\">Read More<\/a><\/p>\n","protected":false},"author":15,"featured_media":0,"parent":0,"menu_order":0,"comment_status":"closed","ping_status":"open","template":"","meta":{"inline_featured_image":false,"footnotes":""},"class_list":{"0":"post-11639","1":"page","2":"type-page","3":"status-publish","5":"no-featured-image-padding"},"_links":{"self":[{"href":"https:\/\/www.lednix.com\/ch\/wp-json\/wp\/v2\/pages\/11639"}],"collection":[{"href":"https:\/\/www.lednix.com\/ch\/wp-json\/wp\/v2\/pages"}],"about":[{"href":"https:\/\/www.lednix.com\/ch\/wp-json\/wp\/v2\/types\/page"}],"author":[{"embeddable":true,"href":"https:\/\/www.lednix.com\/ch\/wp-json\/wp\/v2\/users\/15"}],"replies":[{"embeddable":true,"href":"https:\/\/www.lednix.com\/ch\/wp-json\/wp\/v2\/comments?post=11639"}],"version-history":[{"count":17,"href":"https:\/\/www.lednix.com\/ch\/wp-json\/wp\/v2\/pages\/11639\/revisions"}],"predecessor-version":[{"id":11965,"href":"https:\/\/www.lednix.com\/ch\/wp-json\/wp\/v2\/pages\/11639\/revisions\/11965"}],"wp:attachment":[{"href":"https:\/\/www.lednix.com\/ch\/wp-json\/wp\/v2\/media?parent=11639"}],"curies":[{"name":"wp","href":"https:\/\/api.w.org\/{rel}","templated":true}]}}