{"id":11637,"date":"2019-03-21T17:20:09","date_gmt":"2019-03-21T16:20:09","guid":{"rendered":"https:\/\/www.lednix.com\/technologie-led\/"},"modified":"2019-11-06T08:42:54","modified_gmt":"2019-11-06T07:42:54","slug":"technologie-led","status":"publish","type":"page","link":"https:\/\/www.lednix.com\/ch\/technologie-led\/","title":{"rendered":"Avantages de la technologie LED"},"content":{"rendered":"\t\t<div data-elementor-type=\"wp-post\" data-elementor-id=\"11637\" class=\"elementor elementor-11637 elementor-9379\">\n\t\t\t\t\t\t\t\t\t<section class=\"elementor-section elementor-top-section elementor-element elementor-element-65dbe5ef elementor-section-boxed elementor-section-height-default elementor-section-height-default\" data-id=\"65dbe5ef\" data-element_type=\"section\" id=\"introduction\" data-settings=\"{&quot;background_background&quot;:&quot;classic&quot;}\">\n\t\t\t\t\t\t<div class=\"elementor-container elementor-column-gap-default\">\n\t\t\t\t\t<div class=\"elementor-column elementor-col-100 elementor-top-column elementor-element elementor-element-59e0d9a7\" data-id=\"59e0d9a7\" data-element_type=\"column\">\n\t\t\t<div class=\"elementor-widget-wrap elementor-element-populated\">\n\t\t\t\t\t\t\t\t<div class=\"elementor-element elementor-element-1e302505 elementor-widget elementor-widget-heading\" data-id=\"1e302505\" data-element_type=\"widget\" data-widget_type=\"heading.default\">\n\t\t\t\t<div class=\"elementor-widget-container\">\n\t\t\t<h3 class=\"elementor-heading-title elementor-size-small\">TECHNOLOGIE LED<\/h3>\t\t<\/div>\n\t\t\t\t<\/div>\n\t\t\t\t<div class=\"elementor-element elementor-element-29643597 elementor-widget elementor-widget-heading\" data-id=\"29643597\" data-element_type=\"widget\" data-widget_type=\"heading.default\">\n\t\t\t\t<div class=\"elementor-widget-container\">\n\t\t\t<h2 class=\"elementor-heading-title elementor-size-default\">LA TECHNOLOGIE QUI A CHANG\u00c9 LE MONDE DE L'\u00c9CLAIRAGE<\/h2>\t\t<\/div>\n\t\t\t\t<\/div>\n\t\t\t\t<div class=\"elementor-element elementor-element-1d6f9c1b elementor-widget-divider--view-line elementor-widget elementor-widget-divider\" data-id=\"1d6f9c1b\" data-element_type=\"widget\" data-widget_type=\"divider.default\">\n\t\t\t\t<div class=\"elementor-widget-container\">\n\t\t\t\t\t<div class=\"elementor-divider\">\n\t\t\t<span class=\"elementor-divider-separator\">\n\t\t\t\t\t\t<\/span>\n\t\t<\/div>\n\t\t\t\t<\/div>\n\t\t\t\t<\/div>\n\t\t\t\t<div class=\"elementor-element elementor-element-59ef532e elementor-widget elementor-widget-text-editor\" data-id=\"59ef532e\" data-element_type=\"widget\" data-widget_type=\"text-editor.default\">\n\t\t\t\t<div class=\"elementor-widget-container\">\n\t\t\t\t\t\t\t<p>Le passage \u00e0 la technologie LED dans les syst\u00e8mes d&#8217;\u00e9clairage a r\u00e9volutionn\u00e9 le secteur. <\/p>\n<p>La fiabilit\u00e9, la performance et l&#8217;efficacit\u00e9 de l&#8217;\u00e9clairage LED font de cette technologie le pari le plus rentable pour votre projet. D\u00e9couvrez les innombrables avantages des LED tels que vous les propose Lednix.<\/p>\n\t\t\t\t\t\t<\/div>\n\t\t\t\t<\/div>\n\t\t\t\t\t<\/div>\n\t\t<\/div>\n\t\t\t\t\t\t\t<\/div>\n\t\t<\/section>\n\t\t\t\t<section class=\"elementor-section elementor-top-section elementor-element elementor-element-5cb70c85 elementor-section-full_width elementor-section-content-top elementor-section-height-default elementor-section-height-default\" data-id=\"5cb70c85\" data-element_type=\"section\" data-settings=\"{&quot;background_background&quot;:&quot;classic&quot;}\">\n\t\t\t\t\t\t\t<div class=\"elementor-background-overlay\"><\/div>\n\t\t\t\t\t\t\t<div class=\"elementor-container elementor-column-gap-default\">\n\t\t\t\t\t<div class=\"elementor-column elementor-col-50 elementor-top-column elementor-element elementor-element-48411d0b\" data-id=\"48411d0b\" data-element_type=\"column\" data-settings=\"{&quot;background_background&quot;:&quot;classic&quot;}\">\n\t\t\t<div class=\"elementor-widget-wrap elementor-element-populated\">\n\t\t\t\t\t<div class=\"elementor-background-overlay\"><\/div>\n\t\t\t\t\t\t\t\t<section class=\"elementor-section elementor-inner-section elementor-element elementor-element-878c569 elementor-section-boxed elementor-section-height-default elementor-section-height-default\" data-id=\"878c569\" data-element_type=\"section\" data-settings=\"{&quot;background_background&quot;:&quot;classic&quot;}\">\n\t\t\t\t\t\t<div class=\"elementor-container elementor-column-gap-default\">\n\t\t\t\t\t<div class=\"elementor-column elementor-col-100 elementor-inner-column elementor-element elementor-element-64b14f8\" data-id=\"64b14f8\" data-element_type=\"column\" data-settings=\"{&quot;background_background&quot;:&quot;classic&quot;}\">\n\t\t\t<div class=\"elementor-widget-wrap elementor-element-populated\">\n\t\t\t\t\t\t\t\t<div class=\"elementor-element elementor-element-d6d7761 elementor-widget elementor-widget-image\" data-id=\"d6d7761\" data-element_type=\"widget\" data-widget_type=\"image.default\">\n\t\t\t\t<div class=\"elementor-widget-container\">\n\t\t\t\t\t\t\t\t\t\t\t\t\t\t\t<img decoding=\"async\" src=\"http:\/\/www.lednix.com\/wp-content\/uploads\/Tech.jpg\" title=\"\" alt=\"\" loading=\"lazy\" \/>\t\t\t\t\t\t\t\t\t\t\t\t\t\t\t<\/div>\n\t\t\t\t<\/div>\n\t\t\t\t\t<\/div>\n\t\t<\/div>\n\t\t\t\t\t\t\t<\/div>\n\t\t<\/section>\n\t\t\t\t<div class=\"elementor-element elementor-element-661723a elementor-widget elementor-widget-heading\" data-id=\"661723a\" data-element_type=\"widget\" data-widget_type=\"heading.default\">\n\t\t\t\t<div class=\"elementor-widget-container\">\n\t\t\t<h2 class=\"elementor-heading-title elementor-size-medium\">TECHNOLOGIE ET INNOVATION<\/h2>\t\t<\/div>\n\t\t\t\t<\/div>\n\t\t\t\t<div class=\"elementor-element elementor-element-6db81ea elementor-widget-divider--view-line elementor-widget elementor-widget-divider\" data-id=\"6db81ea\" data-element_type=\"widget\" data-widget_type=\"divider.default\">\n\t\t\t\t<div class=\"elementor-widget-container\">\n\t\t\t\t\t<div class=\"elementor-divider\">\n\t\t\t<span class=\"elementor-divider-separator\">\n\t\t\t\t\t\t<\/span>\n\t\t<\/div>\n\t\t\t\t<\/div>\n\t\t\t\t<\/div>\n\t\t\t\t<div class=\"elementor-element elementor-element-49e3c23 elementor-widget elementor-widget-text-editor\" data-id=\"49e3c23\" data-element_type=\"widget\" data-widget_type=\"text-editor.default\">\n\t\t\t\t<div class=\"elementor-widget-container\">\n\t\t\t\t\t\t\t<p>Consommation jusqu&#8217;\u00e0 90 % inf\u00e9rieure \u00e0 celle des solutions d&#8217;\u00e9clairage fluorescentes, incandescentes, halog\u00e8nes, etc.<\/p>\n<p>R\u00e9duction des co\u00fbts de maintenance.<\/p>\n<p>50 000 heures d&#8217;utilisation en moyenne.<\/p>\n<p>La grande majorit\u00e9 des luminances n&#8217;ont pas besoin d&#8217;un ballast ou d&#8217;un appr\u00eat, ce qui permet de r\u00e9aliser des \u00e9conomies d&#8217;\u00e9nergie et de minimiser les pannes.<\/p>\n\t\t\t\t\t\t<\/div>\n\t\t\t\t<\/div>\n\t\t\t\t\t<\/div>\n\t\t<\/div>\n\t\t\t\t<div class=\"elementor-column elementor-col-50 elementor-top-column elementor-element elementor-element-e0df463\" data-id=\"e0df463\" data-element_type=\"column\" data-settings=\"{&quot;background_background&quot;:&quot;classic&quot;}\">\n\t\t\t<div class=\"elementor-widget-wrap elementor-element-populated\">\n\t\t\t\t\t<div class=\"elementor-background-overlay\"><\/div>\n\t\t\t\t\t\t\t\t<section class=\"elementor-section elementor-inner-section elementor-element elementor-element-e3b7c13 elementor-section-boxed elementor-section-height-default elementor-section-height-default\" data-id=\"e3b7c13\" data-element_type=\"section\" data-settings=\"{&quot;background_background&quot;:&quot;classic&quot;}\">\n\t\t\t\t\t\t<div class=\"elementor-container elementor-column-gap-default\">\n\t\t\t\t\t<div class=\"elementor-column elementor-col-100 elementor-inner-column elementor-element elementor-element-81771c1\" data-id=\"81771c1\" data-element_type=\"column\">\n\t\t\t<div class=\"elementor-widget-wrap elementor-element-populated\">\n\t\t\t\t\t\t\t\t<div class=\"elementor-element elementor-element-c01436e elementor-widget elementor-widget-image\" data-id=\"c01436e\" data-element_type=\"widget\" data-widget_type=\"image.default\">\n\t\t\t\t<div class=\"elementor-widget-container\">\n\t\t\t\t\t\t\t\t\t\t\t\t\t\t\t<img fetchpriority=\"high\" decoding=\"async\" width=\"1070\" height=\"602\" src=\"https:\/\/www.lednix.com\/wp-content\/uploads\/Ecology.jpg\" class=\"attachment-full size-full wp-image-6540\" alt=\"\" srcset=\"https:\/\/www.lednix.com\/wp-content\/uploads\/Ecology.jpg 1070w, https:\/\/www.lednix.com\/wp-content\/uploads\/Ecology-600x338.jpg 600w, https:\/\/www.lednix.com\/wp-content\/uploads\/Ecology-300x169.jpg 300w, https:\/\/www.lednix.com\/wp-content\/uploads\/Ecology-768x432.jpg 768w, https:\/\/www.lednix.com\/wp-content\/uploads\/Ecology-1024x576.jpg 1024w\" sizes=\"(max-width: 1070px) 100vw, 1070px\" \/>\t\t\t\t\t\t\t\t\t\t\t\t\t\t\t<\/div>\n\t\t\t\t<\/div>\n\t\t\t\t\t<\/div>\n\t\t<\/div>\n\t\t\t\t\t\t\t<\/div>\n\t\t<\/section>\n\t\t\t\t<div class=\"elementor-element elementor-element-974e9d1 elementor-widget elementor-widget-heading\" data-id=\"974e9d1\" data-element_type=\"widget\" data-widget_type=\"heading.default\">\n\t\t\t\t<div class=\"elementor-widget-container\">\n\t\t\t<h2 class=\"elementor-heading-title elementor-size-medium\">ENVIRONNEMENT, SANT\u00c9 ET DURABILIT\u00c9<\/h2>\t\t<\/div>\n\t\t\t\t<\/div>\n\t\t\t\t<div class=\"elementor-element elementor-element-1e0df22 elementor-widget-divider--view-line elementor-widget elementor-widget-divider\" data-id=\"1e0df22\" data-element_type=\"widget\" data-widget_type=\"divider.default\">\n\t\t\t\t<div class=\"elementor-widget-container\">\n\t\t\t\t\t<div class=\"elementor-divider\">\n\t\t\t<span class=\"elementor-divider-separator\">\n\t\t\t\t\t\t<\/span>\n\t\t<\/div>\n\t\t\t\t<\/div>\n\t\t\t\t<\/div>\n\t\t\t\t<div class=\"elementor-element elementor-element-4063edd elementor-widget elementor-widget-text-editor\" data-id=\"4063edd\" data-element_type=\"widget\" data-widget_type=\"text-editor.default\">\n\t\t\t\t<div class=\"elementor-widget-container\">\n\t\t\t\t\t\t\t<p>Toutes nos solutions d&#8217;\u00e9clairage sont conformes aux normes CE et RoHS.<\/p>\n<p>Elles ne contiennent ni mercure ni plomb.<\/p>\n<p>Elles r\u00e9duisent jusqu&#8217;\u00e0 90 % les \u00e9missions de CO2.<\/p>\n<p>Tr\u00e8s facilement recyclables.<\/p>\n<p>Elles n&#8217;\u00e9mettent pas de rayonnement IR ni UV. Pas de pollution lumineuse.<\/p>\n\t\t\t\t\t\t<\/div>\n\t\t\t\t<\/div>\n\t\t\t\t\t<\/div>\n\t\t<\/div>\n\t\t\t\t\t\t\t<\/div>\n\t\t<\/section>\n\t\t\t\t<section class=\"elementor-section elementor-top-section elementor-element elementor-element-6d5d2fa elementor-section-full_width elementor-section-content-top elementor-section-height-default elementor-section-height-default\" data-id=\"6d5d2fa\" data-element_type=\"section\" data-settings=\"{&quot;background_background&quot;:&quot;classic&quot;}\">\n\t\t\t\t\t\t\t<div class=\"elementor-background-overlay\"><\/div>\n\t\t\t\t\t\t\t<div class=\"elementor-container elementor-column-gap-default\">\n\t\t\t\t\t<div class=\"elementor-column elementor-col-50 elementor-top-column elementor-element elementor-element-a5e010b\" data-id=\"a5e010b\" data-element_type=\"column\" data-settings=\"{&quot;background_background&quot;:&quot;classic&quot;}\">\n\t\t\t<div class=\"elementor-widget-wrap elementor-element-populated\">\n\t\t\t\t\t<div class=\"elementor-background-overlay\"><\/div>\n\t\t\t\t\t\t\t\t<section class=\"elementor-section elementor-inner-section elementor-element elementor-element-6ba8e33 elementor-section-boxed elementor-section-height-default elementor-section-height-default\" data-id=\"6ba8e33\" data-element_type=\"section\" data-settings=\"{&quot;background_background&quot;:&quot;classic&quot;}\">\n\t\t\t\t\t\t<div class=\"elementor-container elementor-column-gap-default\">\n\t\t\t\t\t<div class=\"elementor-column elementor-col-100 elementor-inner-column elementor-element elementor-element-a3aa318\" data-id=\"a3aa318\" data-element_type=\"column\" data-settings=\"{&quot;background_background&quot;:&quot;classic&quot;}\">\n\t\t\t<div class=\"elementor-widget-wrap elementor-element-populated\">\n\t\t\t\t\t\t\t\t<div class=\"elementor-element elementor-element-a2c3ed0 elementor-widget elementor-widget-image\" data-id=\"a2c3ed0\" data-element_type=\"widget\" data-widget_type=\"image.default\">\n\t\t\t\t<div class=\"elementor-widget-container\">\n\t\t\t\t\t\t\t\t\t\t\t\t\t\t\t<img decoding=\"async\" width=\"1070\" height=\"602\" src=\"https:\/\/www.lednix.com\/wp-content\/uploads\/Lowtemp.jpg\" class=\"attachment-full size-full wp-image-6837\" alt=\"\" srcset=\"https:\/\/www.lednix.com\/wp-content\/uploads\/Lowtemp.jpg 1070w, https:\/\/www.lednix.com\/wp-content\/uploads\/Lowtemp-600x338.jpg 600w, https:\/\/www.lednix.com\/wp-content\/uploads\/Lowtemp-300x169.jpg 300w, https:\/\/www.lednix.com\/wp-content\/uploads\/Lowtemp-768x432.jpg 768w, https:\/\/www.lednix.com\/wp-content\/uploads\/Lowtemp-1024x576.jpg 1024w\" sizes=\"(max-width: 1070px) 100vw, 1070px\" \/>\t\t\t\t\t\t\t\t\t\t\t\t\t\t\t<\/div>\n\t\t\t\t<\/div>\n\t\t\t\t\t<\/div>\n\t\t<\/div>\n\t\t\t\t\t\t\t<\/div>\n\t\t<\/section>\n\t\t\t\t<div class=\"elementor-element elementor-element-869cbe8 elementor-widget elementor-widget-heading\" data-id=\"869cbe8\" data-element_type=\"widget\" data-widget_type=\"heading.default\">\n\t\t\t\t<div class=\"elementor-widget-container\">\n\t\t\t<h2 class=\"elementor-heading-title elementor-size-medium\">S\u00c9CURIT\u00c9 ET BASSES TEMP\u00c9RATURES<\/h2>\t\t<\/div>\n\t\t\t\t<\/div>\n\t\t\t\t<div class=\"elementor-element elementor-element-a2c7e63 elementor-widget-divider--view-line elementor-widget elementor-widget-divider\" data-id=\"a2c7e63\" data-element_type=\"widget\" data-widget_type=\"divider.default\">\n\t\t\t\t<div class=\"elementor-widget-container\">\n\t\t\t\t\t<div class=\"elementor-divider\">\n\t\t\t<span class=\"elementor-divider-separator\">\n\t\t\t\t\t\t<\/span>\n\t\t<\/div>\n\t\t\t\t<\/div>\n\t\t\t\t<\/div>\n\t\t\t\t<div class=\"elementor-element elementor-element-755f018 elementor-widget elementor-widget-text-editor\" data-id=\"755f018\" data-element_type=\"widget\" data-widget_type=\"text-editor.default\">\n\t\t\t\t<div class=\"elementor-widget-container\">\n\t\t\t\t\t\t\t<p>L&#8217;allumage \u00e0 basse temp\u00e9rature est un atout important dans certains environnements et march\u00e9s.<\/p>\n<p>Con\u00e7ues pour des temp\u00e9ratures allant jusqu&#8217;\u00e0 &#8211; 40\u00ba C.<\/p>\n<p>Elles permettent de fonctionner en moyenne tension.<\/p>\n<p>Les articles en PCB ne se cassent pas comme le verre.<\/p>\n<p>Rendement \u00e9lev\u00e9 dans diff\u00e9rents environnements (froid et chaleur).<\/p>\n<p>Scellage \u00e0 vie dans des solutions d&#8217;\u00e9clairage \u00e9tanches.<\/p>\n\t\t\t\t\t\t<\/div>\n\t\t\t\t<\/div>\n\t\t\t\t\t<\/div>\n\t\t<\/div>\n\t\t\t\t<div class=\"elementor-column elementor-col-50 elementor-top-column elementor-element elementor-element-7926ee2\" data-id=\"7926ee2\" data-element_type=\"column\" data-settings=\"{&quot;background_background&quot;:&quot;classic&quot;}\">\n\t\t\t<div class=\"elementor-widget-wrap elementor-element-populated\">\n\t\t\t\t\t<div class=\"elementor-background-overlay\"><\/div>\n\t\t\t\t\t\t\t\t<section class=\"elementor-section elementor-inner-section elementor-element elementor-element-66f01a7 elementor-section-boxed elementor-section-height-default elementor-section-height-default\" data-id=\"66f01a7\" data-element_type=\"section\" data-settings=\"{&quot;background_background&quot;:&quot;classic&quot;}\">\n\t\t\t\t\t\t<div class=\"elementor-container elementor-column-gap-default\">\n\t\t\t\t\t<div class=\"elementor-column elementor-col-100 elementor-inner-column elementor-element elementor-element-c732f09\" data-id=\"c732f09\" data-element_type=\"column\">\n\t\t\t<div class=\"elementor-widget-wrap elementor-element-populated\">\n\t\t\t\t\t\t\t\t<div class=\"elementor-element elementor-element-2573384 elementor-widget elementor-widget-image\" data-id=\"2573384\" data-element_type=\"widget\" data-widget_type=\"image.default\">\n\t\t\t\t<div class=\"elementor-widget-container\">\n\t\t\t\t\t\t\t\t\t\t\t\t\t\t\t<img decoding=\"async\" width=\"1070\" height=\"602\" src=\"https:\/\/www.lednix.com\/wp-content\/uploads\/Architecture.jpg\" class=\"attachment-full size-full wp-image-6693\" alt=\"\" srcset=\"https:\/\/www.lednix.com\/wp-content\/uploads\/Architecture.jpg 1070w, https:\/\/www.lednix.com\/wp-content\/uploads\/Architecture-600x338.jpg 600w, https:\/\/www.lednix.com\/wp-content\/uploads\/Architecture-300x169.jpg 300w, https:\/\/www.lednix.com\/wp-content\/uploads\/Architecture-768x432.jpg 768w, https:\/\/www.lednix.com\/wp-content\/uploads\/Architecture-1024x576.jpg 1024w\" sizes=\"(max-width: 1070px) 100vw, 1070px\" \/>\t\t\t\t\t\t\t\t\t\t\t\t\t\t\t<\/div>\n\t\t\t\t<\/div>\n\t\t\t\t\t<\/div>\n\t\t<\/div>\n\t\t\t\t\t\t\t<\/div>\n\t\t<\/section>\n\t\t\t\t<div class=\"elementor-element elementor-element-69420d3 elementor-widget elementor-widget-heading\" data-id=\"69420d3\" data-element_type=\"widget\" data-widget_type=\"heading.default\">\n\t\t\t\t<div class=\"elementor-widget-container\">\n\t\t\t<h2 class=\"elementor-heading-title elementor-size-medium\">ARCHITECTURE ET DESIGN<\/h2>\t\t<\/div>\n\t\t\t\t<\/div>\n\t\t\t\t<div class=\"elementor-element elementor-element-3013263 elementor-widget-divider--view-line elementor-widget elementor-widget-divider\" data-id=\"3013263\" data-element_type=\"widget\" data-widget_type=\"divider.default\">\n\t\t\t\t<div class=\"elementor-widget-container\">\n\t\t\t\t\t<div class=\"elementor-divider\">\n\t\t\t<span class=\"elementor-divider-separator\">\n\t\t\t\t\t\t<\/span>\n\t\t<\/div>\n\t\t\t\t<\/div>\n\t\t\t\t<\/div>\n\t\t\t\t<div class=\"elementor-element elementor-element-cb65190 elementor-widget elementor-widget-text-editor\" data-id=\"cb65190\" data-element_type=\"widget\" data-widget_type=\"text-editor.default\">\n\t\t\t\t<div class=\"elementor-widget-container\">\n\t\t\t\t\t\t\t<p>Robustesse et s\u00e9curit\u00e9 face aux vibrations.<\/p>\n<p>L&#8217;efficacit\u00e9 du syst\u00e8me augmente avec la lumi\u00e8re directe.<\/p>\n<p>Couleurs satur\u00e9es sans recourir \u00e0 aucun filtre.<\/p>\n<p>La lumi\u00e8re est dynamique et peut donc changer le point blanc.<\/p>\n<p>Vous pouvez effectuer tous les r\u00e9glages sans changement de couleur.<\/p>\n<p>L&#8217;allumage se fait instantan\u00e9ment et \u00e0 plein rendement.<\/p>\n<p>Il n&#8217;existe aucune perte dans les filtres.<\/p>\n\t\t\t\t\t\t<\/div>\n\t\t\t\t<\/div>\n\t\t\t\t\t<\/div>\n\t\t<\/div>\n\t\t\t\t\t\t\t<\/div>\n\t\t<\/section>\n\t\t\t\t<section class=\"elementor-section elementor-top-section elementor-element elementor-element-28e637b2 elementor-section-content-middle elementor-section-boxed elementor-section-height-default elementor-section-height-default\" data-id=\"28e637b2\" data-element_type=\"section\" data-settings=\"{&quot;background_background&quot;:&quot;classic&quot;}\">\n\t\t\t\t\t\t<div class=\"elementor-container elementor-column-gap-default\">\n\t\t\t\t\t<div class=\"elementor-column elementor-col-100 elementor-top-column elementor-element elementor-element-6bef3b24\" data-id=\"6bef3b24\" data-element_type=\"column\">\n\t\t\t<div class=\"elementor-widget-wrap elementor-element-populated\">\n\t\t\t\t\t\t\t\t<div class=\"elementor-element elementor-element-3d1223bb elementor-widget elementor-widget-shortcode\" data-id=\"3d1223bb\" data-element_type=\"widget\" data-widget_type=\"shortcode.default\">\n\t\t\t\t<div class=\"elementor-widget-container\">\n\t\t\t\t\t<div class=\"elementor-shortcode\">\n\t\t<style>\n\t\t\t#wpls-logo-showcase-slider-1 .wpls-fix-box,\n\t\t\t#wpls-logo-showcase-slider-1 .wpls-fix-box img.wp-post-image{max-height:250px; }\n\t\t<\/style>\n\n\t\t<div class=\"wpls-wrap wpls-logo-showcase-slider-wrp wpls-logo-clearfix wpls-design-1 \" data-conf=\"{&quot;slides_column&quot;:&quot;5&quot;,&quot;slides_scroll&quot;:1,&quot;dots&quot;:&quot;true&quot;,&quot;arrows&quot;:&quot;true&quot;,&quot;autoplay&quot;:&quot;true&quot;,&quot;autoplay_interval&quot;:3000,&quot;loop&quot;:&quot;true&quot;,&quot;rtl&quot;:&quot;false&quot;,&quot;speed&quot;:800,&quot;center_mode&quot;:&quot;true&quot;,&quot;lazyload&quot;:&quot;&quot;}\">\n\t\t\t<div class=\"wpls-logo-showcase logo_showcase wpls-logo-slider wpls-center sliderimage_hide_border \" id=\"wpls-logo-showcase-slider-1\" >\n\t\t\t\t<div class=\"wpls-logo-cnt\">\n\t<div class=\"wpls-fix-box\">\n\t\t\t\t<img decoding=\"async\" class=\"wp-post-image\"  src=\"https:\/\/www.lednix.com\/wp-content\/uploads\/ferrovial.png\" alt=\"\" \/>\n\t\t\t<\/div>\n\t<\/div><div class=\"wpls-logo-cnt\">\n\t<div class=\"wpls-fix-box\">\n\t\t\t\t<img decoding=\"async\" class=\"wp-post-image\"  src=\"https:\/\/www.lednix.com\/wp-content\/uploads\/tempel.png\" alt=\"\" \/>\n\t\t\t<\/div>\n\t<\/div><div class=\"wpls-logo-cnt\">\n\t<div class=\"wpls-fix-box\">\n\t\t\t\t<img decoding=\"async\" class=\"wp-post-image\"  src=\"https:\/\/www.lednix.com\/wp-content\/uploads\/endesa.png\" alt=\"\" \/>\n\t\t\t<\/div>\n\t<\/div><div class=\"wpls-logo-cnt\">\n\t<div class=\"wpls-fix-box\">\n\t\t\t\t<img decoding=\"async\" class=\"wp-post-image\"  src=\"https:\/\/www.lednix.com\/wp-content\/uploads\/jcferrero.png\" alt=\"\" \/>\n\t\t\t<\/div>\n\t<\/div><div class=\"wpls-logo-cnt\">\n\t<div class=\"wpls-fix-box\">\n\t\t\t\t<img decoding=\"async\" class=\"wp-post-image\"  src=\"https:\/\/www.lednix.com\/wp-content\/uploads\/segura.png\" alt=\"\" \/>\n\t\t\t<\/div>\n\t<\/div><div class=\"wpls-logo-cnt\">\n\t<div class=\"wpls-fix-box\">\n\t\t\t\t<img decoding=\"async\" class=\"wp-post-image\"  src=\"https:\/\/www.lednix.com\/wp-content\/uploads\/unielectrica.png\" alt=\"\" \/>\n\t\t\t<\/div>\n\t<\/div><div class=\"wpls-logo-cnt\">\n\t<div class=\"wpls-fix-box\">\n\t\t\t\t<img decoding=\"async\" class=\"wp-post-image\"  src=\"https:\/\/www.lednix.com\/wp-content\/uploads\/elecnor.png\" alt=\"\" \/>\n\t\t\t<\/div>\n\t<\/div><div class=\"wpls-logo-cnt\">\n\t<div class=\"wpls-fix-box\">\n\t\t\t\t<img decoding=\"async\" class=\"wp-post-image\"  src=\"https:\/\/www.lednix.com\/wp-content\/uploads\/cox-energy.png\" alt=\"\" \/>\n\t\t\t<\/div>\n\t<\/div><div class=\"wpls-logo-cnt\">\n\t<div class=\"wpls-fix-box\">\n\t\t\t\t<img decoding=\"async\" class=\"wp-post-image\"  src=\"https:\/\/www.lednix.com\/wp-content\/uploads\/insignia.png\" alt=\"\" \/>\n\t\t\t<\/div>\n\t<\/div>\t\t\t<\/div>\n\t\t<\/div>\n\n\t\t<\/div>\n\t\t\t\t<\/div>\n\t\t\t\t<\/div>\n\t\t\t\t\t<\/div>\n\t\t<\/div>\n\t\t\t\t\t\t\t<\/div>\n\t\t<\/section>\n\t\t\t\t\t\t\t<\/div>\n\t\t","protected":false},"excerpt":{"rendered":"<p>TECHNOLOGIE LED LA TECHNOLOGIE QUI A CHANG\u00c9 LE MONDE DE L&#8217;\u00c9CLAIRAGE Le passage \u00e0 la technologie LED dans les syst\u00e8mes d&#8217;\u00e9clairage a r\u00e9volutionn\u00e9 le secteur. La fiabilit\u00e9, la performance et l&#8217;efficacit\u00e9 de l&#8217;\u00e9clairage LED font &#8230; <\/p>\n<p class=\"read-more-container\"><a title=\"Insignia Energ\u00eda\" class=\"read-more button\" href=\"https:\/\/www.lednix.com\/ch\/logoshowcase\/insignia-energia\/#more-11751\" aria-label=\"More on Insignia Energ\u00eda\">Read More<\/a><\/p>\n","protected":false},"author":24,"featured_media":0,"parent":0,"menu_order":0,"comment_status":"closed","ping_status":"closed","template":"","meta":{"inline_featured_image":false,"footnotes":""},"class_list":["post-11637","page","type-page","status-publish","hentry","no-featured-image-padding"],"_links":{"self":[{"href":"https:\/\/www.lednix.com\/ch\/wp-json\/wp\/v2\/pages\/11637"}],"collection":[{"href":"https:\/\/www.lednix.com\/ch\/wp-json\/wp\/v2\/pages"}],"about":[{"href":"https:\/\/www.lednix.com\/ch\/wp-json\/wp\/v2\/types\/page"}],"author":[{"embeddable":true,"href":"https:\/\/www.lednix.com\/ch\/wp-json\/wp\/v2\/users\/24"}],"replies":[{"embeddable":true,"href":"https:\/\/www.lednix.com\/ch\/wp-json\/wp\/v2\/comments?post=11637"}],"version-history":[{"count":4,"href":"https:\/\/www.lednix.com\/ch\/wp-json\/wp\/v2\/pages\/11637\/revisions"}],"predecessor-version":[{"id":11744,"href":"https:\/\/www.lednix.com\/ch\/wp-json\/wp\/v2\/pages\/11637\/revisions\/11744"}],"wp:attachment":[{"href":"https:\/\/www.lednix.com\/ch\/wp-json\/wp\/v2\/media?parent=11637"}],"curies":[{"name":"wp","href":"https:\/\/api.w.org\/{rel}","templated":true}]}}