{"id":11634,"date":"2019-03-25T16:31:18","date_gmt":"2019-03-25T15:31:18","guid":{"rendered":"https:\/\/www.lednix.com\/mentions-legales\/"},"modified":"2021-01-13T16:30:11","modified_gmt":"2021-01-13T15:30:11","slug":"mentions-legales","status":"publish","type":"page","link":"https:\/\/www.lednix.com\/ch\/mentions-legales\/","title":{"rendered":"Mentions L\u00e9gales"},"content":{"rendered":"\t\t<div data-elementor-type=\"wp-post\" data-elementor-id=\"11634\" class=\"elementor elementor-11634 elementor-3597\">\n\t\t\t\t\t\t\t\t\t<section class=\"elementor-section elementor-top-section elementor-element elementor-element-7d9c44ce elementor-section-boxed elementor-section-height-default elementor-section-height-default\" data-id=\"7d9c44ce\" data-element_type=\"section\">\n\t\t\t\t\t\t<div class=\"elementor-container elementor-column-gap-default\">\n\t\t\t\t\t<div class=\"elementor-column elementor-col-100 elementor-top-column elementor-element elementor-element-4e111281\" data-id=\"4e111281\" data-element_type=\"column\">\n\t\t\t<div class=\"elementor-widget-wrap elementor-element-populated\">\n\t\t\t\t\t\t\t\t<div class=\"elementor-element elementor-element-428bd311 elementor-widget elementor-widget-text-editor\" data-id=\"428bd311\" data-element_type=\"widget\" data-widget_type=\"text-editor.default\">\n\t\t\t\t<div class=\"elementor-widget-container\">\n\t\t\t\t\t\t\t<h2 style=\"text-align: justify;\">Coordonn\u00e9es de la personne responsable<\/h2><p style=\"text-align: justify;\">&#8211; <strong>Identit\u00e9 du responsable<\/strong> : PRISMICA, S.L.<br \/>&#8211; <strong>SIRET<\/strong> : B98845944<br \/>&#8211; <strong>Si\u00e8ge social<\/strong> : C\/ Llevant, 2 &#8211; 46715 &#8211; VALENCIA (ESPA\u00d1A)<br \/>&#8211; <strong>Courriel<\/strong> : <a href=\"mailto:rgpd@prismica.com\">rgpd@prismica.com<\/a><\/p><p>Dans cet espace, l&#8217;utilisateur pourra trouver toutes les informations relatives aux termes et conditions l\u00e9gales qui d\u00e9finissent les relations entre les utilisateurs et nous en tant que responsables de ce site web. En tant qu&#8217;utilisateur, il est important que vous connaissiez ces termes avant de poursuivre votre navigation.<\/p><p style=\"text-align: justify;\">PRISMICA, S.L., en tant que responsable de ce site web, s&#8217;engage \u00e0 traiter les informations de nos utilisateurs et clients avec toutes les garanties et \u00e0 se conformer aux exigences nationales et europ\u00e9ennes r\u00e9gissant la collecte et l&#8217;utilisation des donn\u00e9es personnelles de nos utilisateurs.<\/p><p style=\"text-align: justify;\">Ce site respecte donc strictement le R\u00e8glement g\u00e9n\u00e9ral sur la protection des donn\u00e9es (UE) 2016\/679 sur la protection des donn\u00e9es (RGPD) et la Loi 34\/2002, du 11 juillet, sur les services de la soci\u00e9t\u00e9 de l&#8217;information et le commerce \u00e9lectronique (LSSI-CE).<\/p><h2>Conditions g\u00e9n\u00e9rales d&#8217;utilisation<\/h2><p style=\"text-align: justify;\">Les pr\u00e9sentes Conditions G\u00e9n\u00e9rales r\u00e9glementent l&#8217;utilisation (y compris le simple acc\u00e8s) du site <a href=\"https:\/\/www.lednix.com\" target=\"_blank\" rel=\"noopener noreferrer\">www.lednix.com<\/a>, y compris les contenus et services mis \u00e0 disposition sur ce site. Toute personne qui acc\u00e8de au site web accepte d&#8217;\u00eatre li\u00e9 par les Conditions G\u00e9n\u00e9rales en vigueur \u00e0 tout moment sur le site web.<\/p><h2>Donn\u00e9es personnelles que nous recueillons et la fa\u00e7on dont nous les utilisons<\/h2><p>Si vous d\u00e9sirez conna\u00eetre notre POLITIQUE DE PROTECTION DES DONN\u00c9ES, cliquez <a href=\"https:\/\/www.lednix.com\/ch\/politique-protection-donnees\/\" target=\"_blank\" rel=\"noopener noreferrer\">ici<\/a>.<\/p><h2>POLITIQUE DE COOKIES<\/h2><p style=\"text-align: justify;\">Si vous voulez conna\u00eetre notre politique en mati\u00e8re de cookies, cliquez <a href=\"https:\/\/www.lednix.com\/ch\/politique-de-cookies\/\" target=\"_blank\" rel=\"noopener noreferrer\">ici<\/a>.<\/p><h2>Engagements et obligations des utilisateurs<\/h2><p style=\"text-align: justify;\">L&#8217;utilisateur est inform\u00e9 et accepte que l&#8217;acc\u00e8s \u00e0 ce site web n&#8217;implique en aucun cas le d\u00e9but d&#8217;une relation commerciale avec PRISMICA, S.L. De cette mani\u00e8re, l&#8217;utilisateur s&#8217;engage \u00e0 utiliser le site web, ses services et contenus sans enfreindre la l\u00e9gislation en vigueur, la bonne foi et l&#8217;ordre public.<\/p><p style=\"text-align: justify;\">Il est interdit d&#8217;utiliser le site Web \u00e0 des fins ill\u00e9gales , nuisibles, toute autre mani\u00e8re susceptible de causer des dommages ou d&#8217;emp\u00eacher le fonctionnement normal du site Web. En ce qui concerne le contenu de ce site Web, il est interdit :<\/p><ul><li>Sa reproduction, distribution ou modification, en tout ou en partie, sauf autorisation de leurs propri\u00e9taires l\u00e9gitimes ;<\/li><li>Toute atteinte aux droits du fournisseur ou des propri\u00e9taires l\u00e9gitimes ;<\/li><li>Son utilisation \u00e0 des fins commerciales ou publicitaires.<\/li><\/ul><p style=\"text-align: justify;\">L&#8217;utilisation du site web www.lednix.com, l&#8217;utilisateur s&#8217;engage \u00e0 ne pas adopter un comportement susceptible de porter atteinte \u00e0 l&#8217;image, aux int\u00e9r\u00eats et aux droits de PRISMICA, S.L. ou de tiers. Qui pourrait endommager, d\u00e9sactiver, surcharger le portail ou qui pourrait entraver, de quelque mani\u00e8re que ce soit, l&#8217;utilisation normale du site Web.<\/p><p style=\"text-align: justify;\">Toutefois, l&#8217;utilisateur doit \u00eatre conscient que les mesures de s\u00e9curit\u00e9 des syst\u00e8mes informatiques sur Internet ne sont pas enti\u00e8rement fiables et que par cons\u00e9quent, PRISMICA, S.L. ne peut garantir l&#8217;inexistence de virus ou d&#8217;autres \u00e9l\u00e9ments susceptibles de provoquer des alt\u00e9rations dans les syst\u00e8mes informatiques (logiciels et mat\u00e9riels) de l\u2019utilisateur, dans les documents et fichiers \u00e9lectroniques qu&#8217;ils contiennent.<\/p><h2>Mesures de s\u00e9curit\u00e9<\/h2><p style=\"text-align: justify;\">Les donn\u00e9es personnelles communiqu\u00e9es par l&#8217;utilisateur \u00e0 PRISMICA, S.L. peuvent \u00eatre stock\u00e9es dans des bases de donn\u00e9es automatis\u00e9es ou non, dont la propri\u00e9t\u00e9 appartient exclusivement \u00e0 PRISMICA, S.L., en assumant toutes les mesures techniques, organisationnelles et de s\u00e9curit\u00e9 qui garantissent la confidentialit\u00e9, l&#8217;int\u00e9grit\u00e9 et la qualit\u00e9 des informations qu&#8217;elles contiennent, conform\u00e9ment \u00e0 la l\u00e9gislation en vigueur en mati\u00e8re de protection des donn\u00e9es.<\/p><p style=\"text-align: justify;\">La communication entre les utilisateurs et PRISMICA, S.L., utilise un canal s\u00e9curis\u00e9 et les donn\u00e9es transmises sont crypt\u00e9es gr\u00e2ce aux protocoles https, c&#8217;est pourquoi nous garantissons les meilleures conditions de s\u00e9curit\u00e9 afin que la confidentialit\u00e9 des utilisateurs soit garantie.<\/p><h2>Droits de propri\u00e9t\u00e9 intellectuelle et industrielle<\/h2><p style=\"text-align: justify;\">En vertu des dispositions des articles 8 et 32.1, deuxi\u00e8me alin\u00e9a, de la loi sur la propri\u00e9t\u00e9 intellectuelle, la reproduction, la distribution et la communication publique, y compris la m\u00e9thode de mise \u00e0 disposition, de tout ou une partie du contenu de ce site Web, \u00e0 des fins commerciales, sur tout support et par tout moyen technique, sans l&#8217;autorisation de PRISMICA, S.L., sont express\u00e9ment interdites. L&#8217;utilisateur s&#8217;engage \u00e0 respecter les droits de Propri\u00e9t\u00e9 Intellectuelle et Industrielle de PRISMICA, S.L.<\/p><p style=\"text-align: justify;\">L&#8217;utilisateur sait et accepte que l&#8217;ensemble du site Web, contenant sans caract\u00e8re exhaustif le texte, le logiciel, le contenu (y compris la structure, la s\u00e9lection, la disposition et la pr\u00e9sentation de celui-ci), les photographies, le mat\u00e9riel audiovisuel et graphique est prot\u00e9g\u00e9 par des marques d\u00e9pos\u00e9es, les droits d&#8217;auteur et autres droits l\u00e9gitimes, conform\u00e9ment aux trait\u00e9s internationaux auxquels l&#8217;Espagne en fait partie, aux autres droits de propri\u00e9t\u00e9 et lois espagnoles.<\/p><p style=\"text-align: justify;\">Dans le cas o\u00f9 un utilisateur ou un tiers consid\u00e8re qu&#8217;il y a eu violation de ses droits de propri\u00e9t\u00e9 intellectuelle l\u00e9gitimes par l&#8217;introduction d&#8217;un certain contenu sur le site Web, il doit le notifier \u00e0 PRISMICA, S.L. indiquant :<\/p><ul><li style=\"text-align: justify;\">Les donn\u00e9es personnelles de l&#8217;int\u00e9ress\u00e9 qui est le titulaire des droits pr\u00e9tendument viol\u00e9s ou indiquer la repr\u00e9sentation avec laquelle il ou elle agit dans le cas o\u00f9 la r\u00e9clamation est pr\u00e9sent\u00e9e par un tiers autre que l&#8217;int\u00e9ress\u00e9.<\/li><li style=\"text-align: justify;\">Indiquer les contenus prot\u00e9g\u00e9s par les droits de propri\u00e9t\u00e9 intellectuelle et leur emplacement sur le site web, l&#8217;accr\u00e9ditation des droits de propri\u00e9t\u00e9 intellectuelle indiqu\u00e9s et une d\u00e9claration expresse dans laquelle l&#8217;int\u00e9ress\u00e9 est responsable de l&#8217;exactitude des informations fournies dans la notification.<\/li><\/ul><h2>Exclusion des garanties et des responsabilit\u00e9s<\/h2><p>PRISMICA, S.L. n&#8217;accorde aucune garantie et n&#8217;est en aucun cas responsable des dommages de quelque nature que ce soit qui pourraient \u00eatre caus\u00e9s par :<\/p><ul><li>Le manque de disponibilit\u00e9, de maintenance, de fonctionnement du site Web ou de ses services et contenus ;<\/li><li>L&#8217;existence de virus, de programmes malveillants ou nuisibles dans les contenus ;<\/li><li>L&#8217;utilisation illicite, n\u00e9gligente, frauduleuse ou contraire de cet avis l\u00e9gal ;<\/li><li>Le manque de l\u00e9galit\u00e9, de qualit\u00e9, de fiabilit\u00e9, d&#8217;utilit\u00e9 et de disponibilit\u00e9 des services fournis par des tiers et mis \u00e0 la disposition des utilisateurs sur le site Web.<\/li><li>Le fournisseur n&#8217;est en aucun cas responsable des dommages r\u00e9sultant de l&#8217;utilisation ill\u00e9gale ou incorrecte de ce site Web.<\/li><\/ul><h2>Droit applicable et de juridiction<\/h2><p style=\"text-align: justify;\">De caract\u00e8re g\u00e9n\u00e9ral les relations entre PRISMICA, S.L. avec les Utilisateurs de ses services t\u00e9l\u00e9matiques, pr\u00e9sents sur ce site web sont soumis \u00e0 la l\u00e9gislation et \u00e0 la juridiction espagnole et aux tribunaux du domicile de l&#8217;utilisateur.<\/p><h2 style=\"text-align: justify;\">Contact<\/h2><p style=\"text-align: justify;\">Si un utilisateur a des questions sur les pr\u00e9sentes conditions g\u00e9n\u00e9rales ou des commentaires sur le site Web www.lednix.com, veuillez contacter <a href=\"mailto:rgpd@prismica.com\">rgpd@prismica.com<\/a><\/p>\t\t\t\t\t\t<\/div>\n\t\t\t\t<\/div>\n\t\t\t\t\t<\/div>\n\t\t<\/div>\n\t\t\t\t\t\t\t<\/div>\n\t\t<\/section>\n\t\t\t\t\t\t\t<\/div>\n\t\t","protected":false},"excerpt":{"rendered":"<p>Coordonn\u00e9es de la personne responsable &#8211; Identit\u00e9 du responsable : PRISMICA, S.L.&#8211; SIRET : B98845944&#8211; Si\u00e8ge social : C\/ Llevant, 2 &#8211; 46715 &#8211; VALENCIA (ESPA\u00d1A)&#8211; Courriel : rgpd@prismica.com Dans cet espace, l&#8217;utilisateur pourra trouver &#8230; <\/p>\n<p class=\"read-more-container\"><a title=\"Mentions L\u00e9gales\" class=\"read-more button\" href=\"https:\/\/www.lednix.com\/ch\/mentions-legales\/#more-11634\" aria-label=\"More on Mentions L\u00e9gales\">Read More<\/a><\/p>\n","protected":false},"author":24,"featured_media":0,"parent":0,"menu_order":0,"comment_status":"closed","ping_status":"closed","template":"","meta":{"inline_featured_image":false,"footnotes":""},"class_list":{"0":"post-11634","1":"page","2":"type-page","3":"status-publish","5":"no-featured-image-padding"},"_links":{"self":[{"href":"https:\/\/www.lednix.com\/ch\/wp-json\/wp\/v2\/pages\/11634"}],"collection":[{"href":"https:\/\/www.lednix.com\/ch\/wp-json\/wp\/v2\/pages"}],"about":[{"href":"https:\/\/www.lednix.com\/ch\/wp-json\/wp\/v2\/types\/page"}],"author":[{"embeddable":true,"href":"https:\/\/www.lednix.com\/ch\/wp-json\/wp\/v2\/users\/24"}],"replies":[{"embeddable":true,"href":"https:\/\/www.lednix.com\/ch\/wp-json\/wp\/v2\/comments?post=11634"}],"version-history":[{"count":6,"href":"https:\/\/www.lednix.com\/ch\/wp-json\/wp\/v2\/pages\/11634\/revisions"}],"predecessor-version":[{"id":11827,"href":"https:\/\/www.lednix.com\/ch\/wp-json\/wp\/v2\/pages\/11634\/revisions\/11827"}],"wp:attachment":[{"href":"https:\/\/www.lednix.com\/ch\/wp-json\/wp\/v2\/media?parent=11634"}],"curies":[{"name":"wp","href":"https:\/\/api.w.org\/{rel}","templated":true}]}}