{"id":11544,"date":"2019-03-25T16:26:28","date_gmt":"2019-03-25T15:26:28","guid":{"rendered":"https:\/\/www.lednix.com\/politique-de-cookies\/"},"modified":"2021-02-22T15:37:09","modified_gmt":"2021-02-22T14:37:09","slug":"politique-de-cookies","status":"publish","type":"page","link":"https:\/\/www.lednix.com\/ch\/politique-de-cookies\/","title":{"rendered":"Politique de Cookies"},"content":{"rendered":"\t\t<div data-elementor-type=\"wp-post\" data-elementor-id=\"11544\" class=\"elementor elementor-11544 elementor-3399\">\n\t\t\t\t\t\t\t\t\t<section class=\"elementor-section elementor-top-section elementor-element elementor-element-2c788beb elementor-section-boxed elementor-section-height-default elementor-section-height-default\" data-id=\"2c788beb\" data-element_type=\"section\">\n\t\t\t\t\t\t<div class=\"elementor-container elementor-column-gap-default\">\n\t\t\t\t\t<div class=\"elementor-column elementor-col-100 elementor-top-column elementor-element elementor-element-1f669b63\" data-id=\"1f669b63\" data-element_type=\"column\">\n\t\t\t<div class=\"elementor-widget-wrap elementor-element-populated\">\n\t\t\t\t\t\t\t\t<div class=\"elementor-element elementor-element-2cc8e7d0 elementor-widget elementor-widget-text-editor\" data-id=\"2cc8e7d0\" data-element_type=\"widget\" data-widget_type=\"text-editor.default\">\n\t\t\t\t<div class=\"elementor-widget-container\">\n\t\t\t\t\t\t\t<h3>Que sont les cookies ?<\/h3>\n<p>Un cookie est un simple fichier texte qui est t\u00e9l\u00e9charg\u00e9 sur votre ordinateur ou votre dispositif mobile \u00e0 partir d&#8217;un serveur de site web, permettant au site web de stocker et de r\u00e9cup\u00e9rer son contenu. Il contient des informations anonymes et permet au site web de se souvenir de certaines donn\u00e9es.<\/p>\n<h3>POURQUOI NOUS UTILISONS DES COOKIES<\/h3>\n<p>PRISMICA, S.L. utilise des cookies pour permettre \u00e0 ses syst\u00e8mes de reconna\u00eetre votre dispositif et de vous offrir certaines fonctionnalit\u00e9s, notamment pour faciliter la navigation \u00e0 l&#8217;int\u00e9rieur du site et son bon usage, pour faciliter l&#8217;acc\u00e8s aux services qui n\u00e9cessitent une authentification et pour savoir quelles zones du site ont \u00e9t\u00e9 visit\u00e9es.<\/p>\n<h3>COMMENT NOUS UTILISONS LES COOKIES<\/h3>\n<p>PRISMICA, S.L. peut utiliser des cookies sur votre ordinateur \u00e0 condition que vous ayez donn\u00e9 votre accord, sauf dans les cas o\u00f9 les cookies sont n\u00e9cessaires pour la navigation sur notre site web. Si vous donnez votre accord, nous pouvons utiliser des cookies qui nous permettront d&#8217;avoir plus d&#8217;informations sur vos pr\u00e9f\u00e9rences et de personnaliser notre site web en fonction de vos int\u00e9r\u00eats individuels.<\/p>\n<p>Nous utilisons nos propres cookies et ceux de tiers pour am\u00e9liorer nos services, personnaliser notre site web, faciliter la navigation de nos utilisateurs, offrir une meilleure exp\u00e9rience du site web, identifier les probl\u00e8mes afin d&#8217;am\u00e9liorer le site web, mesurer et rapporter des statistiques d&#8217;utilisation et afficher la publicit\u00e9 li\u00e9e \u00e0 vos pr\u00e9f\u00e9rences en analysant l&#8217;utilisation du site web.<\/p>\n<h3>LES TYPES DE COOKIES QUE NOUS UTILISONS<\/h3>\n<p>Il existe diff\u00e9rents types de cookies, qui peuvent \u00eatre d\u00e9finis comme suit :<\/p>\n<p><strong>En fonction de l&#8217;objectif :<\/strong><\/p>\n<ul>\n<li><strong>Cookies techniques.<\/strong> Ils permettent \u00e0 l&#8217;utilisateur de naviguer sur un site web, une plate-forme ou une application et d&#8217;utiliser les diff\u00e9rentes options ou services qui y sont propos\u00e9s, comme par exemple le contr\u00f4le du trafic et la communication de donn\u00e9es, etc.<\/li>\n<li><strong>Cookies de g\u00e9olocalisation.<\/strong> Ils sont utilis\u00e9s pour savoir o\u00f9 se trouve un utilisateur lorsqu&#8217;il demande un service. Ce cookie est anonyme et est utilis\u00e9, par exemple, pour vous fournir les informations appropri\u00e9es en fonction du pays dans lequel vous vous trouvez.<\/li>\n<li><strong>Cookies de personnalisation.<\/strong> Ceux-ci permettent \u00e0 l&#8217;utilisateur d&#8217;acc\u00e9der au service avec certaines caract\u00e9ristiques g\u00e9n\u00e9rales pr\u00e9d\u00e9finies selon une s\u00e9rie de crit\u00e8res dans le terminal de l&#8217;utilisateur, comme la langue, le type de navigateur utilis\u00e9 pour acc\u00e9der au service, la configuration r\u00e9gionale \u00e0 partir de laquelle l&#8217;utilisateur acc\u00e8de au service, etc.<\/li>\n<li><strong>Les Cookies d&#8217;analyse.<\/strong> Ils permettent au responsable de celui-ci de surveiller et d&#8217;analyser le comportement des utilisateurs du site web auquel ils sont li\u00e9s. Les informations recueillies au moyen de ce type de cookies sont utilis\u00e9es pour mesurer l&#8217;activit\u00e9 du site web, de la plate-forme ou de l&#8217;application et pour \u00e9tablir les profils de navigation des utilisateurs dudit site web, de ladite plate-forme ou de ladite application, afin d&#8217;introduire des am\u00e9liorations bas\u00e9es sur l&#8217;analyse des donn\u00e9es d&#8217;utilisation des utilisateurs.<\/li>\n<\/ul>\n<p><strong>En fonction de la dur\u00e9e :<\/strong><\/p>\n<ul>\n<li>De session. Il s&#8217;agit d&#8217;un type de cookie con\u00e7u pour collecter et stocker des donn\u00e9es lorsque l&#8217;utilisateur acc\u00e8de \u00e0 un site web. Ces cookies ne sont pas stock\u00e9s sur l&#8217;ordinateur de l&#8217;utilisateur \u00e0 l&#8217;expiration de la session ou lorsque l&#8217;utilisateur ferme son navigateur.<\/li>\n<li>Persistant. Il s&#8217;agit d&#8217;un type de cookie dans lequel les donn\u00e9es sont toujours stock\u00e9es dans l&#8217;ordinateur de l&#8217;utilisateur et peuvent \u00eatre consult\u00e9es et trait\u00e9es lorsque l&#8217;utilisateur quitte le site web et lorsqu&#8217;il s&#8217;y reconnecte. Ces cookies peuvent \u00eatre supprim\u00e9s \u00e0 tout moment par l&#8217;utilisateur.<\/li>\n<\/ul>\n<p><strong>En fonction de l&#8217;entit\u00e9 qui les g\u00e8re :<\/strong><\/p>\n<ul>\n<li>Cookies propres : ils sont envoy\u00e9s \u00e0 l&#8217;\u00e9quipement terminal de l&#8217;utilisateur depuis un ordinateur ou un domaine g\u00e9r\u00e9 par le propri\u00e9taire du site web et \u00e0 partir duquel le service demand\u00e9 par l&#8217;utilisateur est fourni.<\/li>\n<li>Cookies de tiers : les cookies sont envoy\u00e9s \u00e0 l&#8217;\u00e9quipement terminal de l&#8217;utilisateur depuis un ordinateur ou un domaine qui n&#8217;est pas g\u00e9r\u00e9 par le propri\u00e9taire du site web \u00e0 partir duquel le service demand\u00e9 par l&#8217;utilisateur est fourni, mais par une autre entit\u00e9 qui traite les donn\u00e9es obtenues par le biais des cookies. De m\u00eame, si les cookies sont install\u00e9s \u00e0 partir d&#8217;un ordinateur ou d&#8217;un domaine g\u00e9r\u00e9 par le propri\u00e9taire du site web lui-m\u00eame mais que les informations recueillies par leur interm\u00e9diaire sont g\u00e9r\u00e9es par un tiers, ils seront \u00e9galement consid\u00e9r\u00e9s comme des cookies de tiers.<\/li>\n<\/ul>\n<p>Le d\u00e9tail des cookies utilis\u00e9s dans cette page Web est le suivant :<\/p>\n<table>\n<thead>\n<tr>\n<th>Cookies<\/th>\n<th>Name<\/th>\n<th>Type<\/th>\n<th>But<\/th>\n<th>Plus d\u2019informations<\/th>\n<th>Dur\u00e9e<\/th>\n<\/tr>\n<\/thead>\n<tbody>\n<tr>\n<td data-label=\"Cookies\">__utma<br>\n__utmb<br>\n__utmc<br>\n__utmz<br>\n_ga<br>\n_gat<\/td>\n<td data-label=\"Nombre\">Google Analytics<\/td>\n<td data-label=\"Tipo\">Du tiers<\/td>\n<td data-label=\"But\">Rassembler une information sur la navigation des utilisateurs par l&#8217;emplacement afin de conna\u00eetre l&#8217;origine des visites et d&#8217;autres donn\u00e9es semblables au niveau statistique Il n&#8217;obtient pas de donn\u00e9es des noms ou noms de famille des utilisateurs ni de la direction postale concr\u00e8te depuis o\u00f9 ils sont reli\u00e9s.<\/td>\n<td data-label=\"Plus d\u2019informations\">Google Analytics Centre de caract\u00e8re priv\u00e9 de https:\/\/policies.google.com\/privacy?hl=fr<\/td>\n<td data-label=\"Dur\u00e9e\">50 mois<\/td>\n<\/tr>\n<tr>\n<td data-label=\"Cookies\">acdc, udc,,uic,uid)<\/td>\n<td data-label=\"Nombre\">Criteo<\/td>\n<td data-label=\"Tipo\">Du tiers<\/td>\n<td data-label=\"But\">-\u00c9v\u00e9nements en rapport avec l&#8217;activit\u00e9 d&#8217;un utilisateur dans le web (nombre de pages vu, des produits qu&#8217;il a vu, recherche, etc.). &#8211; \u00c9v\u00e9nements en rapport avec la technologie d&#8217;Adservisng (combien d&#8217;annonces nous avons montr\u00e9)<\/td>\n<td data-label=\"Plus d\u2019informations\">Politique de Protection des donn\u00e9es de Criteo: <a href=\"https:\/\/www.criteo.com\/fr\/privacy\/\">https:\/\/www.criteo.com\/fr\/privacy\/<\/a><\/td>\n<td data-label=\"Dur\u00e9e\">50 mois<\/td>\n<\/tr>\n<tr>\n<td data-label=\"Cookies\">PHPSESSID<\/td>\n<td data-label=\"Nombre\">Ledkia<\/td>\n<td data-label=\"Tipo\">Sa propre<\/td>\n<td data-label=\"But\">N\u00e9cessaire pour la navigation du site Web.<\/td>\n<td data-label=\"Plus d\u2019informations\"><a href=\"https:\/\/www.lednix.com\/ch\/mentions-legales\/\">https:\/\/www.lednix.com\/ch\/mentions-legales\/<\/a><\/td>\n<td data-label=\"Dur\u00e9e\">50 mois<\/td>\n<\/tr>\n<\/tbody>\n<\/table>\n<p>Note: Les cookies de type &#8216;Propre&#8217; sont utilis\u00e9s seulement par l\u2019utilisateur du web et des cookies. Du tiers sont utilis\u00e9s, par le prestataire du service qui est d\u00e9taill\u00e9 dans le tableau au-dessus.<\/p>\n<h3>COMMENT CONTR\u00d4LER LES COOKIES<\/h3>\n<p>La section d&#8217;aide de votre navigateur vous aidera \u00e0 g\u00e9rer vos param\u00e8tres de cookies. Si vous ne souhaitez pas recevoir de cookies, vous pouvez modifier les param\u00e8tres de votre navigateur pour vous avertir de l&#8217;envoi de cookies. Il est \u00e9galement possible de supprimer \u00e0 tout moment les cookies d\u00e9j\u00e0 stock\u00e9s, en utilisant les param\u00e8tres de votre navigateur. Vous pouvez choisir d&#8217;accepter ou non les cookies d\u00e9finis par notre site sur la page des param\u00e8tres des cookies.<\/p>\n<p>La d\u00e9sactivation des cookies ne vous emp\u00eache pas de naviguer sur le site web, bien que l&#8217;utilisation de certains de ses services puisse \u00eatre limit\u00e9e et que donc votre exp\u00e9rience de navigation soit moins satisfaisante.<\/p>\n<p>Vous pouvez permettre, bloquer ou \u00e9liminer les cookies install\u00e9es dans son \u00e9quipe par la configuration des options de l\u2019utilisateur de l\u2019\u00e9quipement :<\/p>\n<p>Firefox<\/p>\n<p><a href=\"https:\/\/support.mozilla.org\/fr\">https:\/\/support.mozilla.org\/fr<\/a><\/p>\n<p>Chrome<\/p>\n<p><a href=\"https:\/\/support.google.com\/chrome\/answer\/95647?hl=fr\">https:\/\/support.google.com\/chrome\/answer\/95647?hl=fr<\/a><\/p>\n<p>Explorer<\/p>\n<p><a href=\"https:\/\/windows.microsoft.com\/fr-fr\/windows7\/how-to-manage-cookies-in-internet-explorer-9\">https:\/\/windows.microsoft.com\/fr-fr\/windows7\/how-to-manage-cookies-in-internet-explorer-9<\/a><\/p>\n<p>Safari<\/p>\n<p><a href=\"https:\/\/support.apple.com\/fr-fr\/guide\/safari\/sfri11471\/mac\">https:\/\/support.apple.com\/fr-fr\/guide\/safari\/sfri11471\/mac<\/a><\/p>\n<p>Opera<\/p>\n<p><a href=\"https:\/\/help.opera.com\/en\/latest\/web-preferences\/#cookies\">https:\/\/help.opera.com\/en\/latest\/web-preferences\/#cookies<\/a><\/p>\n<p><strong>Autres navigateurs<\/strong><\/p>\n<p>Consultez l\u2019information du navigateur.<\/p>\n<p>Compl\u00e9ment de d\u00e9claration d&#8217;inhabilit\u00e9 pour navigateur de Google Analytics<\/p>\n<p>S&#8217;il souhaite rejeter les cookies analytiques de Google Analytics dans tous les navigateurs de sorte qu&#8217;on n&#8217;envoie pas une information le sien \u00e0 Google Analytics, il peut tellecharger un compl\u00e9ment qui effectue cette fonction depuis cette liaison : https:\/\/tools.google.com\/dlpage\/gaoptout?hl=fr.<\/p>\n<p>&nbsp;<\/p>\t\t\t\t\t\t<\/div>\n\t\t\t\t<\/div>\n\t\t\t\t\t<\/div>\n\t\t<\/div>\n\t\t\t\t\t\t\t<\/div>\n\t\t<\/section>\n\t\t\t\t\t\t\t<\/div>\n\t\t","protected":false},"excerpt":{"rendered":"<p>Que sont les cookies ? Un cookie est un simple fichier texte qui est t\u00e9l\u00e9charg\u00e9 sur votre ordinateur ou votre dispositif mobile \u00e0 partir d&#8217;un serveur de site web, permettant au site web de stocker &#8230; <\/p>\n<p class=\"read-more-container\"><a title=\"Politique de Cookies\" class=\"read-more button\" href=\"https:\/\/www.lednix.com\/ch\/politique-de-cookies\/#more-11544\" aria-label=\"More on Politique de Cookies\">Read More<\/a><\/p>\n","protected":false},"author":24,"featured_media":0,"parent":0,"menu_order":0,"comment_status":"closed","ping_status":"open","template":"","meta":{"inline_featured_image":false,"footnotes":""},"class_list":{"0":"post-11544","1":"page","2":"type-page","3":"status-publish","5":"no-featured-image-padding"},"_links":{"self":[{"href":"https:\/\/www.lednix.com\/ch\/wp-json\/wp\/v2\/pages\/11544"}],"collection":[{"href":"https:\/\/www.lednix.com\/ch\/wp-json\/wp\/v2\/pages"}],"about":[{"href":"https:\/\/www.lednix.com\/ch\/wp-json\/wp\/v2\/types\/page"}],"author":[{"embeddable":true,"href":"https:\/\/www.lednix.com\/ch\/wp-json\/wp\/v2\/users\/24"}],"replies":[{"embeddable":true,"href":"https:\/\/www.lednix.com\/ch\/wp-json\/wp\/v2\/comments?post=11544"}],"version-history":[{"count":17,"href":"https:\/\/www.lednix.com\/ch\/wp-json\/wp\/v2\/pages\/11544\/revisions"}],"predecessor-version":[{"id":11902,"href":"https:\/\/www.lednix.com\/ch\/wp-json\/wp\/v2\/pages\/11544\/revisions\/11902"}],"wp:attachment":[{"href":"https:\/\/www.lednix.com\/ch\/wp-json\/wp\/v2\/media?parent=11544"}],"curies":[{"name":"wp","href":"https:\/\/api.w.org\/{rel}","templated":true}]}}